{"id":336,"date":"2024-06-05T07:10:59","date_gmt":"2024-06-05T07:10:59","guid":{"rendered":"https:\/\/kingknhardwear.com\/?post_type=product&#038;p=336"},"modified":"2024-09-02T07:44:40","modified_gmt":"2024-09-02T07:44:40","slug":"kitchen-cabinet-extendable-rail-table-soft-closing-slim-aluminium-drawer-system-metal-tendom-box-drawer-slide-%e5%a4%8d%e5%88%b6-3","status":"publish","type":"product","link":"https:\/\/www.kingknhardwear.com\/de\/produkt\/kitchen-cabinet-extendable-rail-table-soft-closing-slim-aluminium-drawer-system-metal-tendom-box-drawer-slide-%e5%a4%8d%e5%88%b6-3\/","title":{"rendered":"18 Schubladenf\u00fchrungen Vollauszug Soft Close Schubladenf\u00fchrungen Heavy Duty Schubladenf\u00fchrungen f\u00fcr K\u00fcche 100 LB Kapazit\u00e4t"},"content":{"rendered":"<details class=\"wp-block-details is-layout-flow wp-block-details-is-layout-flow\"><summary><\/summary>\n<p><\/p>\n<\/details>\n\n\n\n<figure class=\"wp-block-gallery has-nested-images columns-default is-cropped wp-block-gallery-1 is-layout-flex wp-block-gallery-is-layout-flex\">\n<figure class=\"wp-block-image size-large\"><img fetchpriority=\"high\" decoding=\"async\" width=\"1024\" height=\"576\" data-id=\"696\" src=\"https:\/\/www.kingknhardwear.com\/wp-content\/uploads\/2024\/09\/1678347287724-10-1024x576.jpg\" alt=\"\" class=\"wp-image-696\" srcset=\"https:\/\/www.kingknhardwear.com\/wp-content\/uploads\/2024\/09\/1678347287724-10-1024x576.jpg 1024w, https:\/\/www.kingknhardwear.com\/wp-content\/uploads\/2024\/09\/1678347287724-10-300x169.jpg 300w, https:\/\/www.kingknhardwear.com\/wp-content\/uploads\/2024\/09\/1678347287724-10-768x432.jpg 768w, https:\/\/www.kingknhardwear.com\/wp-content\/uploads\/2024\/09\/1678347287724-10-1536x864.jpg 1536w, https:\/\/www.kingknhardwear.com\/wp-content\/uploads\/2024\/09\/1678347287724-10-18x10.jpg 18w, https:\/\/www.kingknhardwear.com\/wp-content\/uploads\/2024\/09\/1678347287724-10-1320x742.jpg 1320w, https:\/\/www.kingknhardwear.com\/wp-content\/uploads\/2024\/09\/1678347287724-10-600x337.jpg 600w, https:\/\/www.kingknhardwear.com\/wp-content\/uploads\/2024\/09\/1678347287724-10.jpg 1624w\" sizes=\"(max-width: 1024px) 100vw, 1024px\" \/><\/figure>\n\n\n\n<figure class=\"wp-block-image size-large\"><img decoding=\"async\" width=\"1024\" height=\"425\" data-id=\"695\" src=\"https:\/\/www.kingknhardwear.com\/wp-content\/uploads\/2024\/09\/1678347426230-11-1024x425.jpg\" alt=\"\" class=\"wp-image-695\" srcset=\"https:\/\/www.kingknhardwear.com\/wp-content\/uploads\/2024\/09\/1678347426230-11-1024x425.jpg 1024w, https:\/\/www.kingknhardwear.com\/wp-content\/uploads\/2024\/09\/1678347426230-11-300x125.jpg 300w, https:\/\/www.kingknhardwear.com\/wp-content\/uploads\/2024\/09\/1678347426230-11-768x319.jpg 768w, https:\/\/www.kingknhardwear.com\/wp-content\/uploads\/2024\/09\/1678347426230-11-18x7.jpg 18w, https:\/\/www.kingknhardwear.com\/wp-content\/uploads\/2024\/09\/1678347426230-11-1320x548.jpg 1320w, https:\/\/www.kingknhardwear.com\/wp-content\/uploads\/2024\/09\/1678347426230-11-600x249.jpg 600w, https:\/\/www.kingknhardwear.com\/wp-content\/uploads\/2024\/09\/1678347426230-11.jpg 1498w\" sizes=\"(max-width: 1024px) 100vw, 1024px\" \/><\/figure>\n<\/figure>\n\n\n\n<figure class=\"wp-block-gallery has-nested-images columns-default is-cropped wp-block-gallery-2 is-layout-flex wp-block-gallery-is-layout-flex\"><\/figure>\n\n\n\n<figure class=\"wp-block-table\"><table><tbody><tr><td>Typ<\/td><td>Schieber f\u00fcr M\u00f6belschubladen<\/td><\/tr><tr><td>Anmeldung<\/td><td>K\u00fcche, Badezimmer, Home Office, Wohnzimmer, Schlafzimmer, Au\u00dfenbereich, Hotel, Lager, Werkstatt, Villa<\/td><\/tr><tr><td>Dicke<\/td><td>1.2*1.2*1.5<\/td><\/tr><tr><td>L\u00e4nge<\/td><td>270\/300\/350\/400\/450\/500\/550mm<\/td><\/tr><tr><td>Erweiterung<\/td><td>Vollst\u00e4ndige Erweiterung<\/td><\/tr><tr><td><strong>Materialien<\/strong><\/td><td>Kaltgewalzter Stahl<\/td><\/tr><tr><td>Zahlung<\/td><td>T\/T\u3001D\/P oder L\/C<\/td><\/tr><tr><td>Muster<\/td><td>Probe frei<\/td><\/tr><\/tbody><\/table><\/figure>\n\n\n\n<details class=\"wp-block-details is-layout-flow wp-block-details-is-layout-flow\"><summary>FAQ<br><strong>Wie sieht es mit den F\u00e4higkeiten Ihres Forschungs- und Entwicklungsteams aus? <\/strong><br>Wir haben 7 F&amp;E-Teams in unserem Hauptsitz und unseren Produktionsst\u00e4tten, die sich der Entwicklung neuer Produkte widmen. Dar\u00fcber hinaus werden unsere Teams 3 Mal im Jahr ins Ausland reisen, um die M\u00e4rkte und die Anforderungen der Nutzer in \u00dcbersee zu erforschen und intelligente Technologien f\u00fcr M\u00f6bel zu entwickeln.<br> <br><strong> K\u00f6nnen Sie mir Muster zusenden und wie lange ist Ihre Lieferzeit? <\/strong><br>Ja, wir k\u00f6nnen Ihnen Muster schicken, um die Qualit\u00e4t zu testen und zu \u00fcberpr\u00fcfen. Normalerweise braucht die Probe 2 Tage, um an Sie zu liefern.<br><br> <strong>Ich bin eine M\u00f6belfabrik, was k\u00f6nnen Sie f\u00fcr mich tun? <\/strong><br>Wir haben fast 2.000 Artikel an M\u00f6belbeschl\u00e4gen und dekorativen Beschl\u00e4gen, was Ihre Transportkosten und die Zeit, die Sie f\u00fcr die Suche nach Produkten aufwenden m\u00fcssen, reduziert. Wir begr\u00fc\u00dfen OEM TECHNISCHE UNTERST\u00dcTZUNG als auch.<br><br> <strong>Ich bin ein Einzelh\u00e4ndler, was k\u00f6nnen Sie f\u00fcr mich tun? <\/strong><br>10000+ SKU f\u00fcr Sie zu w\u00e4hlen, unser professionelles Design-Team wird die wirtschaftliche und professionelle DISPLAY-L\u00f6sung f\u00fcr Sie bereitstellen.<br><br><strong> Wie k\u00f6nnen Sie Ihre Qualit\u00e4t garantieren? <\/strong><br>Vom Einkauf des Rohmaterials bis zum Versand werden unsere Produkte in jedem Arbeitsgang von 35+QC gepr\u00fcft, um unsere Qualit\u00e4t zu gew\u00e4hrleisten. Wir glauben, dass jedes Produkt seinen Weg nach Hause finden kann. Nur gute Produkte k\u00f6nnen uns eine lange Zusammenarbeit erm\u00f6glichen.<\/summary>\n<p><\/p>\n<\/details>","protected":false},"excerpt":{"rendered":"<p>\u203b Was Sie bekommen: Sie erhalten 10 Paare von 18 in Schubladenschienen, genug f\u00fcr 10 Schubladen, Montageschrauben und Anleitung, die die Installation einfacher machen. Jede Schublade gleitet einzeln mit feinen Paket verpackt. Au\u00dferdem w\u00fcrden Sie glattere Schubladen bekommen<br \/>\u203b Material \uff1aKingkn Schubladenf\u00fchrungen sind aus hochwertigem kaltgewalztem Stahl mit verzinktem Finish, strapazierf\u00e4hig und langlebig. Solide Kugellager sorgen f\u00fcr sanftes \u00d6ffnen und Schlie\u00dfen, k\u00f6nnen Sie viele Jahre dienen. Sie w\u00fcrden die Qualit\u00e4t f\u00fchlen, wenn Sie erhalten<br \/>\u203b Einfach zu installieren: Unsere Schubladenf\u00fchrungen sind mit abnehmbaren Nylon-Schnappverschl\u00fcssen ausgestattet, die eine einfache Montage oder Demontage der Schubladenf\u00fchrungen erm\u00f6glichen. Sie m\u00fcssen nur leicht auf die Schnalle dr\u00fccken, was bequem und arbeitssparend ist.<br \/>\u203b Abmessungen: L\u00e4nge \uff1a18 Zoll (458mm); Breite: 1.77inch (45mm); Dicke: 1\/2inch (12.7mm); Tragf\u00e4higkeit: 100 LB. Bitte w\u00e4hlen Sie die richtige Gr\u00f6\u00dfe, bevor Sie kaufen<br \/>\u203b Ausgezeichneter Kundendienst: Wir konzentrieren uns auf Qualit\u00e4t und After-Sale-Service. Wenn Sie irgendein Qualit\u00e4tsproblem auf unseren Schubladenseiten finden, f\u00fchlen Sie sich bitte frei, mit uns in Verbindung zu treten, wir versprechen, es zu l\u00f6sen, bis Sie zufrieden sind. Ersatz oder andere L\u00f6sungen w\u00fcrden f\u00fcr Sie bereitgestellt werden. Kein Risiko.<\/p>","protected":false},"featured_media":689,"comment_status":"open","ping_status":"closed","template":"","meta":[],"product_cat":[16],"product_tag":[],"yoast_head":"<!-- This site is optimized with the Yoast SEO Premium plugin v23.3 (Yoast SEO v22.8) - https:\/\/yoast.com\/wordpress\/plugins\/seo\/ -->\n<title>18 Drawer Slides Full Extension Soft Close Drawer Slides Heavy Duty Drawer Slides for Kitchen 100 LB Capacity - kingknhardwear<\/title>\n<meta name=\"robots\" content=\"noindex, follow, max-snippet:-1, max-image-preview:large, max-video-preview:-1\" \/>\n<meta property=\"og:locale\" content=\"de_DE\" \/>\n<meta property=\"og:type\" content=\"article\" \/>\n<meta property=\"og:title\" content=\"18 Drawer Slides Full Extension Soft Close Drawer Slides Heavy Duty Drawer Slides for Kitchen 100 LB Capacity - kingknhardwear\" \/>\n<meta property=\"og:description\" content=\"\u203b What you get: You would get 10 pairs of 18 in drawer slides, enough for 10 drawer, mounting screws and instruction which make installation easier. Each drawer slides wrapped individually with fine package. Moreover, you would get smoother drawers\u203b Material \uff1aKingkn drawer slides are made of high grade cold-rolled steel with zinc plated finish, heavy-duty and durable. Solid ball bearing ensure sooth opening and closing, can serve you many years. You would feel the quality when you receive\u203b Easy to install: Our drawer slides are fitted with nylon detachable snaps for easy installation or removal of the drawer slides. You only need to gently press the buckle, which is convenient and labor-saving\u203b Measurements: Length \uff1a18 inch (458mm) ; Width :1.77inch(45mm); Thickness: 1\/2inch(12.7mm); Load-bearing capacity: 100 LB. Please choose the right size before you purchase\u203b Excellent After-Sale Service: We focus on quality and after-service. If you find any quality problem on our drawer sides, please feel free to contact us, we promise solve it until you are satisfied. Replacements or other solutions would be provided for you. No risk.\" \/>\n<meta property=\"og:url\" content=\"https:\/\/www.kingknhardwear.com\/de\/produkt\/kitchen-cabinet-extendable-rail-table-soft-closing-slim-aluminium-drawer-system-metal-tendom-box-drawer-slide-\u590d\u5236-3\/\" \/>\n<meta property=\"og:site_name\" content=\"kingknhardwear\" \/>\n<meta property=\"article:modified_time\" content=\"2024-09-02T07:44:40+00:00\" \/>\n<meta property=\"og:image\" content=\"https:\/\/www.kingknhardwear.com\/wp-content\/uploads\/2024\/09\/1678346501947-1.jpg\" \/>\n\t<meta property=\"og:image:width\" content=\"1000\" \/>\n\t<meta property=\"og:image:height\" content=\"1000\" \/>\n\t<meta property=\"og:image:type\" content=\"image\/jpeg\" \/>\n<meta name=\"twitter:card\" content=\"summary_large_image\" \/>\n<meta name=\"twitter:label1\" content=\"Price\" \/>\n\t<meta name=\"twitter:data1\" content=\"\" \/>\n\t<meta name=\"twitter:label2\" content=\"Availability\" \/>\n\t<meta name=\"twitter:data2\" content=\"In stock\" \/>\n<script type=\"application\/ld+json\" class=\"yoast-schema-graph\">{\"@context\":\"https:\/\/schema.org\",\"@graph\":[{\"@type\":\"WebPage\",\"@id\":\"https:\/\/www.kingknhardwear.com\/product\/kitchen-cabinet-extendable-rail-table-soft-closing-slim-aluminium-drawer-system-metal-tendom-box-drawer-slide-%e5%a4%8d%e5%88%b6-3\/\",\"url\":\"https:\/\/www.kingknhardwear.com\/product\/kitchen-cabinet-extendable-rail-table-soft-closing-slim-aluminium-drawer-system-metal-tendom-box-drawer-slide-%e5%a4%8d%e5%88%b6-3\/\",\"name\":\"18 Drawer Slides Full Extension Soft Close Drawer Slides Heavy Duty Drawer Slides for Kitchen 100 LB Capacity - kingknhardwear\",\"isPartOf\":{\"@id\":\"https:\/\/www.kingknhardwear.com\/#website\"},\"primaryImageOfPage\":{\"@id\":\"https:\/\/www.kingknhardwear.com\/product\/kitchen-cabinet-extendable-rail-table-soft-closing-slim-aluminium-drawer-system-metal-tendom-box-drawer-slide-%e5%a4%8d%e5%88%b6-3\/#primaryimage\"},\"image\":{\"@id\":\"https:\/\/www.kingknhardwear.com\/product\/kitchen-cabinet-extendable-rail-table-soft-closing-slim-aluminium-drawer-system-metal-tendom-box-drawer-slide-%e5%a4%8d%e5%88%b6-3\/#primaryimage\"},\"thumbnailUrl\":\"https:\/\/www.kingknhardwear.com\/wp-content\/uploads\/2024\/09\/1678346501947-1.jpg\",\"datePublished\":\"2024-06-05T07:10:59+00:00\",\"dateModified\":\"2024-09-02T07:44:40+00:00\",\"breadcrumb\":{\"@id\":\"https:\/\/www.kingknhardwear.com\/product\/kitchen-cabinet-extendable-rail-table-soft-closing-slim-aluminium-drawer-system-metal-tendom-box-drawer-slide-%e5%a4%8d%e5%88%b6-3\/#breadcrumb\"},\"inLanguage\":\"de-DE-formal\",\"potentialAction\":[{\"@type\":\"ReadAction\",\"target\":[\"https:\/\/www.kingknhardwear.com\/product\/kitchen-cabinet-extendable-rail-table-soft-closing-slim-aluminium-drawer-system-metal-tendom-box-drawer-slide-%e5%a4%8d%e5%88%b6-3\/\"]}]},{\"@type\":\"ImageObject\",\"inLanguage\":\"de-DE-formal\",\"@id\":\"https:\/\/www.kingknhardwear.com\/product\/kitchen-cabinet-extendable-rail-table-soft-closing-slim-aluminium-drawer-system-metal-tendom-box-drawer-slide-%e5%a4%8d%e5%88%b6-3\/#primaryimage\",\"url\":\"https:\/\/www.kingknhardwear.com\/wp-content\/uploads\/2024\/09\/1678346501947-1.jpg\",\"contentUrl\":\"https:\/\/www.kingknhardwear.com\/wp-content\/uploads\/2024\/09\/1678346501947-1.jpg\",\"width\":1000,\"height\":1000},{\"@type\":\"BreadcrumbList\",\"@id\":\"https:\/\/www.kingknhardwear.com\/product\/kitchen-cabinet-extendable-rail-table-soft-closing-slim-aluminium-drawer-system-metal-tendom-box-drawer-slide-%e5%a4%8d%e5%88%b6-3\/#breadcrumb\",\"itemListElement\":[{\"@type\":\"ListItem\",\"position\":1,\"name\":\"Home\",\"item\":\"https:\/\/www.kingknhardwear.com\/\"},{\"@type\":\"ListItem\",\"position\":2,\"name\":\"product\",\"item\":\"https:\/\/www.kingknhardwear.com\/product\/\"},{\"@type\":\"ListItem\",\"position\":3,\"name\":\"18 Drawer Slides Full Extension Soft Close Drawer Slides Heavy Duty Drawer Slides for Kitchen 100 LB Capacity\"}]},{\"@type\":\"WebSite\",\"@id\":\"https:\/\/www.kingknhardwear.com\/#website\",\"url\":\"https:\/\/www.kingknhardwear.com\/\",\"name\":\"kingknhardwear\",\"description\":\"A Quality Choice for Home Furniture\",\"publisher\":{\"@id\":\"https:\/\/www.kingknhardwear.com\/#organization\"},\"potentialAction\":[{\"@type\":\"SearchAction\",\"target\":{\"@type\":\"EntryPoint\",\"urlTemplate\":\"https:\/\/www.kingknhardwear.com\/?s={search_term_string}\"},\"query-input\":\"required name=search_term_string\"}],\"inLanguage\":\"de-DE-formal\"},{\"@type\":[\"Organization\",\"Place\"],\"@id\":\"https:\/\/www.kingknhardwear.com\/#organization\",\"name\":\"kingknhardwear\",\"url\":\"https:\/\/www.kingknhardwear.com\/\",\"logo\":{\"@id\":\"https:\/\/www.kingknhardwear.com\/product\/kitchen-cabinet-extendable-rail-table-soft-closing-slim-aluminium-drawer-system-metal-tendom-box-drawer-slide-%e5%a4%8d%e5%88%b6-3\/#local-main-organization-logo\"},\"image\":{\"@id\":\"https:\/\/www.kingknhardwear.com\/product\/kitchen-cabinet-extendable-rail-table-soft-closing-slim-aluminium-drawer-system-metal-tendom-box-drawer-slide-%e5%a4%8d%e5%88%b6-3\/#local-main-organization-logo\"},\"telephone\":[],\"openingHoursSpecification\":[{\"@type\":\"OpeningHoursSpecification\",\"dayOfWeek\":[\"Monday\",\"Tuesday\",\"Wednesday\",\"Thursday\",\"Friday\",\"Saturday\",\"Sunday\"],\"opens\":\"09:00\",\"closes\":\"17:00\"}]},{\"@type\":\"ImageObject\",\"inLanguage\":\"de-DE-formal\",\"@id\":\"https:\/\/www.kingknhardwear.com\/product\/kitchen-cabinet-extendable-rail-table-soft-closing-slim-aluminium-drawer-system-metal-tendom-box-drawer-slide-%e5%a4%8d%e5%88%b6-3\/#local-main-organization-logo\",\"url\":\"https:\/\/www.kingknhardwear.com\/wp-content\/uploads\/2024\/05\/logo312.png\",\"contentUrl\":\"https:\/\/www.kingknhardwear.com\/wp-content\/uploads\/2024\/05\/logo312.png\",\"width\":350,\"height\":100,\"caption\":\"kingknhardwear\"}]}<\/script>\n<meta property=\"product:price:amount\" content=\"0.00\" \/>\n<meta property=\"product:price:currency\" content=\"CNY\" \/>\n<meta property=\"og:availability\" content=\"instock\" \/>\n<meta property=\"product:availability\" content=\"instock\" \/>\n<meta property=\"product:retailer_item_id\" content=\"kitchen-cabinet-extendable-rail-table-soft-closing-slim-aluminium-drawer-system-metal-tendom-box-drawer-slide\" \/>\n<meta property=\"product:condition\" content=\"new\" \/>\n<!-- \/ Yoast SEO Premium plugin. -->","yoast_head_json":{"title":"18 Drawer Slides Full Extension Soft Close Drawer Slides Heavy Duty Drawer Slides for Kitchen 100 LB Capacity - kingknhardwear","robots":{"index":"noindex","follow":"follow","max-snippet":"max-snippet:-1","max-image-preview":"max-image-preview:large","max-video-preview":"max-video-preview:-1"},"og_locale":"de_DE","og_type":"article","og_title":"18 Drawer Slides Full Extension Soft Close Drawer Slides Heavy Duty Drawer Slides for Kitchen 100 LB Capacity - kingknhardwear","og_description":"\u203b What you get: You would get 10 pairs of 18 in drawer slides, enough for 10 drawer, mounting screws and instruction which make installation easier. Each drawer slides wrapped individually with fine package. Moreover, you would get smoother drawers\u203b Material \uff1aKingkn drawer slides are made of high grade cold-rolled steel with zinc plated finish, heavy-duty and durable. Solid ball bearing ensure sooth opening and closing, can serve you many years. You would feel the quality when you receive\u203b Easy to install: Our drawer slides are fitted with nylon detachable snaps for easy installation or removal of the drawer slides. You only need to gently press the buckle, which is convenient and labor-saving\u203b Measurements: Length \uff1a18 inch (458mm) ; Width :1.77inch(45mm); Thickness: 1\/2inch(12.7mm); Load-bearing capacity: 100 LB. Please choose the right size before you purchase\u203b Excellent After-Sale Service: We focus on quality and after-service. If you find any quality problem on our drawer sides, please feel free to contact us, we promise solve it until you are satisfied. Replacements or other solutions would be provided for you. No risk.","og_url":"https:\/\/www.kingknhardwear.com\/de\/produkt\/kitchen-cabinet-extendable-rail-table-soft-closing-slim-aluminium-drawer-system-metal-tendom-box-drawer-slide-\u590d\u5236-3\/","og_site_name":"kingknhardwear","article_modified_time":"2024-09-02T07:44:40+00:00","og_image":[{"width":1000,"height":1000,"url":"https:\/\/www.kingknhardwear.com\/wp-content\/uploads\/2024\/09\/1678346501947-1.jpg","type":"image\/jpeg"}],"twitter_card":"summary_large_image","twitter_misc":{"Price":"","Availability":"In stock"},"schema":{"@context":"https:\/\/schema.org","@graph":[{"@type":"WebPage","@id":"https:\/\/www.kingknhardwear.com\/product\/kitchen-cabinet-extendable-rail-table-soft-closing-slim-aluminium-drawer-system-metal-tendom-box-drawer-slide-%e5%a4%8d%e5%88%b6-3\/","url":"https:\/\/www.kingknhardwear.com\/product\/kitchen-cabinet-extendable-rail-table-soft-closing-slim-aluminium-drawer-system-metal-tendom-box-drawer-slide-%e5%a4%8d%e5%88%b6-3\/","name":"18 Drawer Slides Full Extension Soft Close Drawer Slides Heavy Duty Drawer Slides for Kitchen 100 LB Capacity - kingknhardwear","isPartOf":{"@id":"https:\/\/www.kingknhardwear.com\/#website"},"primaryImageOfPage":{"@id":"https:\/\/www.kingknhardwear.com\/product\/kitchen-cabinet-extendable-rail-table-soft-closing-slim-aluminium-drawer-system-metal-tendom-box-drawer-slide-%e5%a4%8d%e5%88%b6-3\/#primaryimage"},"image":{"@id":"https:\/\/www.kingknhardwear.com\/product\/kitchen-cabinet-extendable-rail-table-soft-closing-slim-aluminium-drawer-system-metal-tendom-box-drawer-slide-%e5%a4%8d%e5%88%b6-3\/#primaryimage"},"thumbnailUrl":"https:\/\/www.kingknhardwear.com\/wp-content\/uploads\/2024\/09\/1678346501947-1.jpg","datePublished":"2024-06-05T07:10:59+00:00","dateModified":"2024-09-02T07:44:40+00:00","breadcrumb":{"@id":"https:\/\/www.kingknhardwear.com\/product\/kitchen-cabinet-extendable-rail-table-soft-closing-slim-aluminium-drawer-system-metal-tendom-box-drawer-slide-%e5%a4%8d%e5%88%b6-3\/#breadcrumb"},"inLanguage":"de-DE-formal","potentialAction":[{"@type":"ReadAction","target":["https:\/\/www.kingknhardwear.com\/product\/kitchen-cabinet-extendable-rail-table-soft-closing-slim-aluminium-drawer-system-metal-tendom-box-drawer-slide-%e5%a4%8d%e5%88%b6-3\/"]}]},{"@type":"ImageObject","inLanguage":"de-DE-formal","@id":"https:\/\/www.kingknhardwear.com\/product\/kitchen-cabinet-extendable-rail-table-soft-closing-slim-aluminium-drawer-system-metal-tendom-box-drawer-slide-%e5%a4%8d%e5%88%b6-3\/#primaryimage","url":"https:\/\/www.kingknhardwear.com\/wp-content\/uploads\/2024\/09\/1678346501947-1.jpg","contentUrl":"https:\/\/www.kingknhardwear.com\/wp-content\/uploads\/2024\/09\/1678346501947-1.jpg","width":1000,"height":1000},{"@type":"BreadcrumbList","@id":"https:\/\/www.kingknhardwear.com\/product\/kitchen-cabinet-extendable-rail-table-soft-closing-slim-aluminium-drawer-system-metal-tendom-box-drawer-slide-%e5%a4%8d%e5%88%b6-3\/#breadcrumb","itemListElement":[{"@type":"ListItem","position":1,"name":"Home","item":"https:\/\/www.kingknhardwear.com\/"},{"@type":"ListItem","position":2,"name":"product","item":"https:\/\/www.kingknhardwear.com\/product\/"},{"@type":"ListItem","position":3,"name":"18 Drawer Slides Full Extension Soft Close Drawer Slides Heavy Duty Drawer Slides for Kitchen 100 LB Capacity"}]},{"@type":"WebSite","@id":"https:\/\/www.kingknhardwear.com\/#website","url":"https:\/\/www.kingknhardwear.com\/","name":"kingknhardwear","description":"A Quality Choice for Home Furniture","publisher":{"@id":"https:\/\/www.kingknhardwear.com\/#organization"},"potentialAction":[{"@type":"SearchAction","target":{"@type":"EntryPoint","urlTemplate":"https:\/\/www.kingknhardwear.com\/?s={search_term_string}"},"query-input":"required name=search_term_string"}],"inLanguage":"de-DE-formal"},{"@type":["Organization","Place"],"@id":"https:\/\/www.kingknhardwear.com\/#organization","name":"kingknhardwear","url":"https:\/\/www.kingknhardwear.com\/","logo":{"@id":"https:\/\/www.kingknhardwear.com\/product\/kitchen-cabinet-extendable-rail-table-soft-closing-slim-aluminium-drawer-system-metal-tendom-box-drawer-slide-%e5%a4%8d%e5%88%b6-3\/#local-main-organization-logo"},"image":{"@id":"https:\/\/www.kingknhardwear.com\/product\/kitchen-cabinet-extendable-rail-table-soft-closing-slim-aluminium-drawer-system-metal-tendom-box-drawer-slide-%e5%a4%8d%e5%88%b6-3\/#local-main-organization-logo"},"telephone":[],"openingHoursSpecification":[{"@type":"OpeningHoursSpecification","dayOfWeek":["Monday","Tuesday","Wednesday","Thursday","Friday","Saturday","Sunday"],"opens":"09:00","closes":"17:00"}]},{"@type":"ImageObject","inLanguage":"de-DE-formal","@id":"https:\/\/www.kingknhardwear.com\/product\/kitchen-cabinet-extendable-rail-table-soft-closing-slim-aluminium-drawer-system-metal-tendom-box-drawer-slide-%e5%a4%8d%e5%88%b6-3\/#local-main-organization-logo","url":"https:\/\/www.kingknhardwear.com\/wp-content\/uploads\/2024\/05\/logo312.png","contentUrl":"https:\/\/www.kingknhardwear.com\/wp-content\/uploads\/2024\/05\/logo312.png","width":350,"height":100,"caption":"kingknhardwear"}]},"product_price_amount":"0.00","product_price_currency":"CNY","og_availability":"instock","product_availability":"instock","product_retailer_item_id":"kitchen-cabinet-extendable-rail-table-soft-closing-slim-aluminium-drawer-system-metal-tendom-box-drawer-slide","product_condition":"new"},"jetpack_sharing_enabled":true,"_links":{"self":[{"href":"https:\/\/www.kingknhardwear.com\/de\/wp-json\/wp\/v2\/product\/336"}],"collection":[{"href":"https:\/\/www.kingknhardwear.com\/de\/wp-json\/wp\/v2\/product"}],"about":[{"href":"https:\/\/www.kingknhardwear.com\/de\/wp-json\/wp\/v2\/types\/product"}],"replies":[{"embeddable":true,"href":"https:\/\/www.kingknhardwear.com\/de\/wp-json\/wp\/v2\/comments?post=336"}],"wp:featuredmedia":[{"embeddable":true,"href":"https:\/\/www.kingknhardwear.com\/de\/wp-json\/wp\/v2\/media\/689"}],"wp:attachment":[{"href":"https:\/\/www.kingknhardwear.com\/de\/wp-json\/wp\/v2\/media?parent=336"}],"wp:term":[{"taxonomy":"product_cat","embeddable":true,"href":"https:\/\/www.kingknhardwear.com\/de\/wp-json\/wp\/v2\/product_cat?post=336"},{"taxonomy":"product_tag","embeddable":true,"href":"https:\/\/www.kingknhardwear.com\/de\/wp-json\/wp\/v2\/product_tag?post=336"}],"curies":[{"name":"wp","href":"https:\/\/api.w.org\/{rel}","templated":true}]}}