{"id":754,"date":"2024-09-20T02:28:15","date_gmt":"2024-09-20T02:28:15","guid":{"rendered":"https:\/\/www.kingknhardwear.com\/?post_type=product&#038;p=754"},"modified":"2024-09-20T07:21:13","modified_gmt":"2024-09-20T07:21:13","slug":"hot-sale-gold-black-grey-antique-brass-door-lock-for-wooden-doors","status":"publish","type":"product","link":"https:\/\/www.kingknhardwear.com\/de\/produkt\/hot-sale-gold-black-grey-antique-brass-door-lock-for-wooden-doors\/","title":{"rendered":"Hei\u00dfer Verkauf Gold schwarz grau antik Messing T\u00fcrschloss f\u00fcr Holzt\u00fcren"},"content":{"rendered":"","protected":false},"excerpt":{"rendered":"<p>Material: Hochbelastbare Zinklegierung und Metall; mattschwarzes Finish; moderner quadratischer Privacy-Hebel<br \/>\u3010Modernes Design\u3011: Eine Vielzahl von dekorativen Stilen kann durch das einfache Liniendesign erg\u00e4nzt werden, das hell und geschmackvoll aussieht. Eine mattschwarze Oberfl\u00e4che ist edel und glatt<br \/>\u3010Key-less Privacy Function\u3011 Wenn das Schloss von innen verschlossen ist, kann es von au\u00dfen mit einem Pfennig oder einem Schraubendreher ge\u00f6ffnet werden. Wenn eine Privatsph\u00e4renverriegelungsfunktion an Innent\u00fcren ben\u00f6tigt wird, wie z.B. Schlafzimmer- oder Badezimmert\u00fcrkn\u00f6pfe, k\u00f6nnen T\u00fcrdr\u00fccker verwendet werden.<br \/>\u30102 Gr\u00f6\u00dfen Schlie\u00dfbleche &amp; einfach zu installieren\u3011: Das Paket enth\u00e4lt alle Anbauteile, die Sie ben\u00f6tigen (2 Arten von Platten f\u00fcr Standardt\u00fcren), und die Installation ist so einfach, dass eine Person es handhaben kann<br \/>\u3010Premium Qualit\u00e4t &amp; Langlebig\u3011: Die Haltbarkeit und Lebensdauer der Griffe wird durch die solide Konstruktion erh\u00f6ht, die auch einen sicheren Griff bietet und sowohl f\u00fcr rechts- als auch linksh\u00e4ndige T\u00fcren geeignet ist<br \/>\u3010Abmessungen &amp; verstellbarer Griff\u3011: Die verstellbare und universelle Klinke, die 2-3\/8\u2033 oder 2-3\/4\u2033 misst, passt zu T\u00fcren mit einer Dicke von 1-1\/4\u2033 bis 1-3\/4\u2033. Die Hebell\u00e4nge betr\u00e4gt 4,84\u2033 (123mm), w\u00e4hrend der Rosettendurchmesser 2,56\u2033 (65mm) betr\u00e4gt. Die quadratische Platte des Riegels kann nicht entfernt werden<\/p>","protected":false},"featured_media":753,"comment_status":"open","ping_status":"closed","template":"","meta":[],"product_cat":[56],"product_tag":[],"yoast_head":"<!-- This site is optimized with the Yoast SEO Premium plugin v23.3 (Yoast SEO v22.8) - https:\/\/yoast.com\/wordpress\/plugins\/seo\/ -->\n<title>Hot sale gold black grey antique brass door lock for wooden doors - kingknhardwear<\/title>\n<meta name=\"robots\" content=\"noindex, follow, max-snippet:-1, max-image-preview:large, max-video-preview:-1\" \/>\n<meta property=\"og:locale\" content=\"de_DE\" \/>\n<meta property=\"og:type\" content=\"article\" \/>\n<meta property=\"og:title\" content=\"Hot sale gold black grey antique brass door lock for wooden doors - kingknhardwear\" \/>\n<meta property=\"og:description\" content=\"Material:Heavy Duty Zinc Alloy and Metal; Matte Black Finish; Modern Square Privacy Lever\u3010Modern Design\u3011: A variety of decorative styles can be complemented by the simple line design&#039;s appearance of brightness and tastefulness. A matte black finish is classy and smooth\u3010Key-less Privacy Function\u3011 When locked inside, the lock may be opened from the outside using a penny or screwdriver. When a privacy locking function is needed on interior doors, such as bedroom or bathroom door knobs, door levers can be utilized\u30102 Sizes Strike Plates &amp; Easy to Install\u3011: The package includes all the attachments you need( 2 kind of plates for standard doors), and installation is so easy that one person can handle it\u3010Premium Quality &amp; Durable\u3011: The durability and service life of handles are increased by solid construction, which also provides a secure grip and suitable for both right and left handed doors\u3010Dimensions &amp; Adjustable Handle\u3011: Its adjustable and universal latch, measuring 2-3\/8&quot; or 2-3\/4&quot;, fits doors with a thickness ranging from 1-1\/4&quot; to 1-3\/4&quot;. Lever length is 4.84&quot; (123mm), while the rosette diameter is 2.56&quot; (65mm). The latch&#039;s square plate can&#039;t be removed\" \/>\n<meta property=\"og:url\" content=\"https:\/\/www.kingknhardwear.com\/de\/produkt\/hot-sale-gold-black-grey-antique-brass-door-lock-for-wooden-doors\/\" \/>\n<meta property=\"og:site_name\" content=\"kingknhardwear\" \/>\n<meta property=\"article:modified_time\" content=\"2024-09-20T07:21:13+00:00\" \/>\n<meta property=\"og:image\" content=\"https:\/\/www.kingknhardwear.com\/wp-content\/uploads\/2024\/09\/6-1.png\" \/>\n\t<meta property=\"og:image:width\" content=\"750\" \/>\n\t<meta property=\"og:image:height\" content=\"750\" \/>\n\t<meta property=\"og:image:type\" content=\"image\/png\" \/>\n<meta name=\"twitter:card\" content=\"summary_large_image\" \/>\n<meta name=\"twitter:label1\" content=\"Price\" \/>\n\t<meta name=\"twitter:data1\" content=\"\" \/>\n\t<meta name=\"twitter:label2\" content=\"Availability\" \/>\n\t<meta name=\"twitter:data2\" content=\"In stock\" \/>\n<script type=\"application\/ld+json\" class=\"yoast-schema-graph\">{\"@context\":\"https:\/\/schema.org\",\"@graph\":[{\"@type\":\"WebPage\",\"@id\":\"https:\/\/www.kingknhardwear.com\/product\/hot-sale-gold-black-grey-antique-brass-door-lock-for-wooden-doors\/\",\"url\":\"https:\/\/www.kingknhardwear.com\/product\/hot-sale-gold-black-grey-antique-brass-door-lock-for-wooden-doors\/\",\"name\":\"Hot sale gold black grey antique brass door lock for wooden doors - kingknhardwear\",\"isPartOf\":{\"@id\":\"https:\/\/www.kingknhardwear.com\/#website\"},\"primaryImageOfPage\":{\"@id\":\"https:\/\/www.kingknhardwear.com\/product\/hot-sale-gold-black-grey-antique-brass-door-lock-for-wooden-doors\/#primaryimage\"},\"image\":{\"@id\":\"https:\/\/www.kingknhardwear.com\/product\/hot-sale-gold-black-grey-antique-brass-door-lock-for-wooden-doors\/#primaryimage\"},\"thumbnailUrl\":\"https:\/\/www.kingknhardwear.com\/wp-content\/uploads\/2024\/09\/6-1.png\",\"datePublished\":\"2024-09-20T02:28:15+00:00\",\"dateModified\":\"2024-09-20T07:21:13+00:00\",\"breadcrumb\":{\"@id\":\"https:\/\/www.kingknhardwear.com\/product\/hot-sale-gold-black-grey-antique-brass-door-lock-for-wooden-doors\/#breadcrumb\"},\"inLanguage\":\"de-DE-formal\",\"potentialAction\":[{\"@type\":\"ReadAction\",\"target\":[\"https:\/\/www.kingknhardwear.com\/product\/hot-sale-gold-black-grey-antique-brass-door-lock-for-wooden-doors\/\"]}]},{\"@type\":\"ImageObject\",\"inLanguage\":\"de-DE-formal\",\"@id\":\"https:\/\/www.kingknhardwear.com\/product\/hot-sale-gold-black-grey-antique-brass-door-lock-for-wooden-doors\/#primaryimage\",\"url\":\"https:\/\/www.kingknhardwear.com\/wp-content\/uploads\/2024\/09\/6-1.png\",\"contentUrl\":\"https:\/\/www.kingknhardwear.com\/wp-content\/uploads\/2024\/09\/6-1.png\",\"width\":750,\"height\":750},{\"@type\":\"BreadcrumbList\",\"@id\":\"https:\/\/www.kingknhardwear.com\/product\/hot-sale-gold-black-grey-antique-brass-door-lock-for-wooden-doors\/#breadcrumb\",\"itemListElement\":[{\"@type\":\"ListItem\",\"position\":1,\"name\":\"Home\",\"item\":\"https:\/\/www.kingknhardwear.com\/\"},{\"@type\":\"ListItem\",\"position\":2,\"name\":\"product\",\"item\":\"https:\/\/www.kingknhardwear.com\/product\/\"},{\"@type\":\"ListItem\",\"position\":3,\"name\":\"Hot sale gold black grey antique brass door lock for wooden doors\"}]},{\"@type\":\"WebSite\",\"@id\":\"https:\/\/www.kingknhardwear.com\/#website\",\"url\":\"https:\/\/www.kingknhardwear.com\/\",\"name\":\"kingknhardwear\",\"description\":\"A Quality Choice for Home Furniture\",\"publisher\":{\"@id\":\"https:\/\/www.kingknhardwear.com\/#organization\"},\"potentialAction\":[{\"@type\":\"SearchAction\",\"target\":{\"@type\":\"EntryPoint\",\"urlTemplate\":\"https:\/\/www.kingknhardwear.com\/?s={search_term_string}\"},\"query-input\":\"required name=search_term_string\"}],\"inLanguage\":\"de-DE-formal\"},{\"@type\":[\"Organization\",\"Place\"],\"@id\":\"https:\/\/www.kingknhardwear.com\/#organization\",\"name\":\"kingknhardwear\",\"url\":\"https:\/\/www.kingknhardwear.com\/\",\"logo\":{\"@id\":\"https:\/\/www.kingknhardwear.com\/product\/hot-sale-gold-black-grey-antique-brass-door-lock-for-wooden-doors\/#local-main-organization-logo\"},\"image\":{\"@id\":\"https:\/\/www.kingknhardwear.com\/product\/hot-sale-gold-black-grey-antique-brass-door-lock-for-wooden-doors\/#local-main-organization-logo\"},\"telephone\":[],\"openingHoursSpecification\":[{\"@type\":\"OpeningHoursSpecification\",\"dayOfWeek\":[\"Monday\",\"Tuesday\",\"Wednesday\",\"Thursday\",\"Friday\",\"Saturday\",\"Sunday\"],\"opens\":\"09:00\",\"closes\":\"17:00\"}]},{\"@type\":\"ImageObject\",\"inLanguage\":\"de-DE-formal\",\"@id\":\"https:\/\/www.kingknhardwear.com\/product\/hot-sale-gold-black-grey-antique-brass-door-lock-for-wooden-doors\/#local-main-organization-logo\",\"url\":\"https:\/\/www.kingknhardwear.com\/wp-content\/uploads\/2024\/05\/logo312.png\",\"contentUrl\":\"https:\/\/www.kingknhardwear.com\/wp-content\/uploads\/2024\/05\/logo312.png\",\"width\":350,\"height\":100,\"caption\":\"kingknhardwear\"}]}<\/script>\n<meta property=\"product:price:amount\" content=\"0.00\" \/>\n<meta property=\"product:price:currency\" content=\"CNY\" \/>\n<meta property=\"og:availability\" content=\"instock\" \/>\n<meta property=\"product:availability\" content=\"instock\" \/>\n<meta property=\"product:retailer_item_id\" content=\"hot-sale-gold-black-grey-antique-brass-door-lock-for-wooden-doors\" \/>\n<meta property=\"product:condition\" content=\"new\" \/>\n<!-- \/ Yoast SEO Premium plugin. -->","yoast_head_json":{"title":"Hot sale gold black grey antique brass door lock for wooden doors - kingknhardwear","robots":{"index":"noindex","follow":"follow","max-snippet":"max-snippet:-1","max-image-preview":"max-image-preview:large","max-video-preview":"max-video-preview:-1"},"og_locale":"de_DE","og_type":"article","og_title":"Hot sale gold black grey antique brass door lock for wooden doors - kingknhardwear","og_description":"Material:Heavy Duty Zinc Alloy and Metal; Matte Black Finish; Modern Square Privacy Lever\u3010Modern Design\u3011: A variety of decorative styles can be complemented by the simple line design's appearance of brightness and tastefulness. A matte black finish is classy and smooth\u3010Key-less Privacy Function\u3011 When locked inside, the lock may be opened from the outside using a penny or screwdriver. When a privacy locking function is needed on interior doors, such as bedroom or bathroom door knobs, door levers can be utilized\u30102 Sizes Strike Plates &amp; Easy to Install\u3011: The package includes all the attachments you need( 2 kind of plates for standard doors), and installation is so easy that one person can handle it\u3010Premium Quality &amp; Durable\u3011: The durability and service life of handles are increased by solid construction, which also provides a secure grip and suitable for both right and left handed doors\u3010Dimensions &amp; Adjustable Handle\u3011: Its adjustable and universal latch, measuring 2-3\/8\" or 2-3\/4\", fits doors with a thickness ranging from 1-1\/4\" to 1-3\/4\". Lever length is 4.84\" (123mm), while the rosette diameter is 2.56\" (65mm). The latch's square plate can't be removed","og_url":"https:\/\/www.kingknhardwear.com\/de\/produkt\/hot-sale-gold-black-grey-antique-brass-door-lock-for-wooden-doors\/","og_site_name":"kingknhardwear","article_modified_time":"2024-09-20T07:21:13+00:00","og_image":[{"width":750,"height":750,"url":"https:\/\/www.kingknhardwear.com\/wp-content\/uploads\/2024\/09\/6-1.png","type":"image\/png"}],"twitter_card":"summary_large_image","twitter_misc":{"Price":"","Availability":"In stock"},"schema":{"@context":"https:\/\/schema.org","@graph":[{"@type":"WebPage","@id":"https:\/\/www.kingknhardwear.com\/product\/hot-sale-gold-black-grey-antique-brass-door-lock-for-wooden-doors\/","url":"https:\/\/www.kingknhardwear.com\/product\/hot-sale-gold-black-grey-antique-brass-door-lock-for-wooden-doors\/","name":"Hot sale gold black grey antique brass door lock for wooden doors - kingknhardwear","isPartOf":{"@id":"https:\/\/www.kingknhardwear.com\/#website"},"primaryImageOfPage":{"@id":"https:\/\/www.kingknhardwear.com\/product\/hot-sale-gold-black-grey-antique-brass-door-lock-for-wooden-doors\/#primaryimage"},"image":{"@id":"https:\/\/www.kingknhardwear.com\/product\/hot-sale-gold-black-grey-antique-brass-door-lock-for-wooden-doors\/#primaryimage"},"thumbnailUrl":"https:\/\/www.kingknhardwear.com\/wp-content\/uploads\/2024\/09\/6-1.png","datePublished":"2024-09-20T02:28:15+00:00","dateModified":"2024-09-20T07:21:13+00:00","breadcrumb":{"@id":"https:\/\/www.kingknhardwear.com\/product\/hot-sale-gold-black-grey-antique-brass-door-lock-for-wooden-doors\/#breadcrumb"},"inLanguage":"de-DE-formal","potentialAction":[{"@type":"ReadAction","target":["https:\/\/www.kingknhardwear.com\/product\/hot-sale-gold-black-grey-antique-brass-door-lock-for-wooden-doors\/"]}]},{"@type":"ImageObject","inLanguage":"de-DE-formal","@id":"https:\/\/www.kingknhardwear.com\/product\/hot-sale-gold-black-grey-antique-brass-door-lock-for-wooden-doors\/#primaryimage","url":"https:\/\/www.kingknhardwear.com\/wp-content\/uploads\/2024\/09\/6-1.png","contentUrl":"https:\/\/www.kingknhardwear.com\/wp-content\/uploads\/2024\/09\/6-1.png","width":750,"height":750},{"@type":"BreadcrumbList","@id":"https:\/\/www.kingknhardwear.com\/product\/hot-sale-gold-black-grey-antique-brass-door-lock-for-wooden-doors\/#breadcrumb","itemListElement":[{"@type":"ListItem","position":1,"name":"Home","item":"https:\/\/www.kingknhardwear.com\/"},{"@type":"ListItem","position":2,"name":"product","item":"https:\/\/www.kingknhardwear.com\/product\/"},{"@type":"ListItem","position":3,"name":"Hot sale gold black grey antique brass door lock for wooden doors"}]},{"@type":"WebSite","@id":"https:\/\/www.kingknhardwear.com\/#website","url":"https:\/\/www.kingknhardwear.com\/","name":"kingknhardwear","description":"A Quality Choice for Home Furniture","publisher":{"@id":"https:\/\/www.kingknhardwear.com\/#organization"},"potentialAction":[{"@type":"SearchAction","target":{"@type":"EntryPoint","urlTemplate":"https:\/\/www.kingknhardwear.com\/?s={search_term_string}"},"query-input":"required name=search_term_string"}],"inLanguage":"de-DE-formal"},{"@type":["Organization","Place"],"@id":"https:\/\/www.kingknhardwear.com\/#organization","name":"kingknhardwear","url":"https:\/\/www.kingknhardwear.com\/","logo":{"@id":"https:\/\/www.kingknhardwear.com\/product\/hot-sale-gold-black-grey-antique-brass-door-lock-for-wooden-doors\/#local-main-organization-logo"},"image":{"@id":"https:\/\/www.kingknhardwear.com\/product\/hot-sale-gold-black-grey-antique-brass-door-lock-for-wooden-doors\/#local-main-organization-logo"},"telephone":[],"openingHoursSpecification":[{"@type":"OpeningHoursSpecification","dayOfWeek":["Monday","Tuesday","Wednesday","Thursday","Friday","Saturday","Sunday"],"opens":"09:00","closes":"17:00"}]},{"@type":"ImageObject","inLanguage":"de-DE-formal","@id":"https:\/\/www.kingknhardwear.com\/product\/hot-sale-gold-black-grey-antique-brass-door-lock-for-wooden-doors\/#local-main-organization-logo","url":"https:\/\/www.kingknhardwear.com\/wp-content\/uploads\/2024\/05\/logo312.png","contentUrl":"https:\/\/www.kingknhardwear.com\/wp-content\/uploads\/2024\/05\/logo312.png","width":350,"height":100,"caption":"kingknhardwear"}]},"product_price_amount":"0.00","product_price_currency":"CNY","og_availability":"instock","product_availability":"instock","product_retailer_item_id":"hot-sale-gold-black-grey-antique-brass-door-lock-for-wooden-doors","product_condition":"new"},"jetpack_sharing_enabled":true,"_links":{"self":[{"href":"https:\/\/www.kingknhardwear.com\/de\/wp-json\/wp\/v2\/product\/754"}],"collection":[{"href":"https:\/\/www.kingknhardwear.com\/de\/wp-json\/wp\/v2\/product"}],"about":[{"href":"https:\/\/www.kingknhardwear.com\/de\/wp-json\/wp\/v2\/types\/product"}],"replies":[{"embeddable":true,"href":"https:\/\/www.kingknhardwear.com\/de\/wp-json\/wp\/v2\/comments?post=754"}],"wp:featuredmedia":[{"embeddable":true,"href":"https:\/\/www.kingknhardwear.com\/de\/wp-json\/wp\/v2\/media\/753"}],"wp:attachment":[{"href":"https:\/\/www.kingknhardwear.com\/de\/wp-json\/wp\/v2\/media?parent=754"}],"wp:term":[{"taxonomy":"product_cat","embeddable":true,"href":"https:\/\/www.kingknhardwear.com\/de\/wp-json\/wp\/v2\/product_cat?post=754"},{"taxonomy":"product_tag","embeddable":true,"href":"https:\/\/www.kingknhardwear.com\/de\/wp-json\/wp\/v2\/product_tag?post=754"}],"curies":[{"name":"wp","href":"https:\/\/api.w.org\/{rel}","templated":true}]}}