{"id":765,"date":"2024-09-20T06:34:55","date_gmt":"2024-09-20T06:34:55","guid":{"rendered":"https:\/\/www.kingknhardwear.com\/?post_type=product&#038;p=765"},"modified":"2024-09-20T07:21:59","modified_gmt":"2024-09-20T07:21:59","slug":"brushed-nickel-solid-aluminium-interior-door-handle-modern-home-lever-door-lock-handle-set-for-door-hardware","status":"publish","type":"product","link":"https:\/\/www.kingknhardwear.com\/de\/produkt\/brushed-nickel-solid-aluminium-interior-door-handle-modern-home-lever-door-lock-handle-set-for-door-hardware\/","title":{"rendered":"geb\u00fcrstetem Nickel massivem Aluminium Innent\u00fcrgriff modernes Haus Hebel T\u00fcrschloss Griff Set f\u00fcr T\u00fcr Hardware"},"content":{"rendered":"<p style=\"font-size:18px\"><strong>Merkmale:<\/strong><\/p>\n\n\n\n<ul>\n<li>Passt sich an alle Standard-T\u00fcrvorbereitungen an<\/li>\n\n\n\n<li>Einfache Installation macht das Projekt zu einem Ein-Personen-Projekt<\/li>\n\n\n\n<li>Innenliegende Schrauben liegen frei<\/li>\n\n\n\n<li>ANSI\/BHMA A156.2, 2011, Klasse 2<\/li>\n\n\n\n<li>Der Hebel ist umkehrbar und kann sowohl als Rechts- als auch als Linkshebel verwendet werden<\/li>\n\n\n\n<li>Stulpschilder (Teil 16-080): Geliefert mit 1\/4\u2033 Round Corner und Drive-In Faceplates<\/li>\n\n\n\n<li>Schlie\u00dfbleche (Teil 10-027): Wird mit einem runden Schlie\u00dfblech mit den Abmessungen 2-1\/4\u2033 x 1-5\/8\u2033 geliefert.<\/li>\n\n\n\n<li>Lebenslange Garantie auf die Mechanik und das Finish (die Garantie auf das Finish gilt nicht f\u00fcr Oil Rubbed Bronze, da es sich um ein lebendiges Finish handelt, das mit der Zeit Patina ansetzt)<\/li>\n\n\n\n<li>ADA-konform<\/li>\n<\/ul>\n\n\n\n<p style=\"font-size:18px\"><strong>Spezifikationen:<\/strong><\/p>\n\n\n\n<ul>\n<li>R\u00fcckversatz: Einstellbar auf 2-3\/8\u2033 oder 2-3\/4\u2033<\/li>\n\n\n\n<li>Querbohrung: 2-1\/8\u2033<\/li>\n\n\n\n<li>Rand-Bohrung: 7\/8\u2033<\/li>\n\n\n\n<li>T\u00fcrdicke: 1-3\/8\u2033 oder 1-3\/4\u2033<\/li>\n\n\n\n<li>H\u00e4ndigkeit: Links, Rechts, Umkehrbar<\/li>\n\n\n\n<li>Hebell\u00e4nge: 4-1\/8\u2033<\/li>\n\n\n\n<li>Vorsprung: 2-1\/4\u2033<\/li>\n\n\n\n<li>Produktgewicht: 1,55 lbs<\/li>\n<\/ul>\n\n\n\n<p><\/p>","protected":false},"excerpt":{"rendered":"<p>VERRIEGELUNG DER PRIVATIT\u00c4T: Verwendung an T\u00fcren, die Privatsph\u00e4re erfordern, kann innen mit einem Drehknopf verriegelt und au\u00dfen mit dem mitgelieferten Entriegelungswerkzeug entriegelt werden. Empfohlen f\u00fcr Schlafzimmer und B\u00e4der<br \/>EINFACH ZU INSTALLIERENDER, UMKEHRBARER HEBEL: Do it yourself, in Minutenschnelle mit nur einem Schraubenzieher zu montieren. Umkehrbarer Griff f\u00fcr links- oder rechtsh\u00e4ndige T\u00fcren, detaillierte Anleitung liegt bei<br \/>PASST F\u00dcR STANDARDT\u00dcREN: Passt zu Standardt\u00fcren mit einer Dicke von 1\/4\u2033, der Fallenr\u00fcckstand l\u00e4sst sich mit einer einfachen Drehung w\u00e4hrend der Installation auf 2-3\/8\u2033 oder 2-3\/4\u2033 einstellen<br \/>ZERTIFIZIERTE VERTRAUENSW\u00dcRDIGE QUALIT\u00c4T: Sicherheit, Haltbarkeit und Verarbeitung sind BHMA-zertifiziert (Klasse 3) und sorgen f\u00fcr zuverl\u00e4ssigen Schutz und ein sicheres Gef\u00fchl zu Hause.<br \/>MICROBAN-SCHUTZ: Die T\u00fcrbeschl\u00e4ge sind mit Microban behandelt, was einen wirksamen Produktschutz bietet, der 99,9% sauberer ist als eine ungesch\u00fctzte Oberfl\u00e4che<br \/>KASTEN ENTH\u00c4LT: Sichtschutzhebel, verstellbarer Riegel mit runder und eckiger Front oder Einschlagring, runder Eckschlie\u00dfer, Rosette, Schrauben und Inbusschl\u00fcssel<br \/>GARANTIESCHUTZ: Auf unsere Produkte gew\u00e4hren wir eine lebenslange Garantie auf Mechanik und Verarbeitung sowie einen ausgezeichneten Kundendienst, siehe Garantie f\u00fcr weitere Details<\/p>","protected":false},"featured_media":767,"comment_status":"open","ping_status":"closed","template":"","meta":[],"product_cat":[56],"product_tag":[],"yoast_head":"<!-- This site is optimized with the Yoast SEO Premium plugin v23.3 (Yoast SEO v22.8) - https:\/\/yoast.com\/wordpress\/plugins\/seo\/ -->\n<title>brushed nickel solid aluminium interior door handle modern home lever door lock handle set for door hardware - kingknhardwear<\/title>\n<meta name=\"robots\" content=\"noindex, follow, max-snippet:-1, max-image-preview:large, max-video-preview:-1\" \/>\n<meta property=\"og:locale\" content=\"de_DE\" \/>\n<meta property=\"og:type\" content=\"article\" \/>\n<meta property=\"og:title\" content=\"brushed nickel solid aluminium interior door handle modern home lever door lock handle set for door hardware - kingknhardwear\" \/>\n<meta property=\"og:description\" content=\"LOCKING PRIVACY: Use on doors requiring privacy, can be locked inside with a turn button and unlocked outside with provided release tool. Recommended for bedrooms and bathroomsEASY INSTALL REVERSIBLE LEVER: Do it yourself, installs in minutes with just a screwdriver. Reversible handle for left- or right-handed doors, detailed directions providedFITS STANDARD DOORS: Fits standard size doors 1\/4&quot; thick, latch backset adjusts to either 2-3\/8&quot; or 2-3\/4&quot; with just a twist during installationCERTIFIED TRUSTED QUALITY: Security, Durability and Finish are Grade 3 BHMA certified, designed for reliable protection, providing peace of mind at homeMICROBAN PROTECTION: door hardware is treated with Microban, this offers powerful product protection that is 99.9% cleaner than an unprotected surfaceBOX INCLUDES: Privacy lever, adjustable latch with round and square front options or drive-in collar, round corner strike, rosette, screws and Allen wrenchWARRANTY PROTECTION: Our products are backed by a lifetime mechanical and finish warranty with great customer service, see warranty for more details\" \/>\n<meta property=\"og:url\" content=\"https:\/\/www.kingknhardwear.com\/de\/produkt\/brushed-nickel-solid-aluminium-interior-door-handle-modern-home-lever-door-lock-handle-set-for-door-hardware\/\" \/>\n<meta property=\"og:site_name\" content=\"kingknhardwear\" \/>\n<meta property=\"article:modified_time\" content=\"2024-09-20T07:21:59+00:00\" \/>\n<meta property=\"og:image\" content=\"https:\/\/www.kingknhardwear.com\/wp-content\/uploads\/2024\/09\/2-3.png\" \/>\n\t<meta property=\"og:image:width\" content=\"750\" \/>\n\t<meta property=\"og:image:height\" content=\"750\" \/>\n\t<meta property=\"og:image:type\" content=\"image\/png\" \/>\n<meta name=\"twitter:card\" content=\"summary_large_image\" \/>\n<meta name=\"twitter:label1\" content=\"Price\" \/>\n\t<meta name=\"twitter:data1\" content=\"\" \/>\n\t<meta name=\"twitter:label2\" content=\"Availability\" \/>\n\t<meta name=\"twitter:data2\" content=\"In stock\" \/>\n<script type=\"application\/ld+json\" class=\"yoast-schema-graph\">{\"@context\":\"https:\/\/schema.org\",\"@graph\":[{\"@type\":\"WebPage\",\"@id\":\"https:\/\/www.kingknhardwear.com\/product\/brushed-nickel-solid-aluminium-interior-door-handle-modern-home-lever-door-lock-handle-set-for-door-hardware\/\",\"url\":\"https:\/\/www.kingknhardwear.com\/product\/brushed-nickel-solid-aluminium-interior-door-handle-modern-home-lever-door-lock-handle-set-for-door-hardware\/\",\"name\":\"brushed nickel solid aluminium interior door handle modern home lever door lock handle set for door hardware - kingknhardwear\",\"isPartOf\":{\"@id\":\"https:\/\/www.kingknhardwear.com\/#website\"},\"primaryImageOfPage\":{\"@id\":\"https:\/\/www.kingknhardwear.com\/product\/brushed-nickel-solid-aluminium-interior-door-handle-modern-home-lever-door-lock-handle-set-for-door-hardware\/#primaryimage\"},\"image\":{\"@id\":\"https:\/\/www.kingknhardwear.com\/product\/brushed-nickel-solid-aluminium-interior-door-handle-modern-home-lever-door-lock-handle-set-for-door-hardware\/#primaryimage\"},\"thumbnailUrl\":\"https:\/\/www.kingknhardwear.com\/wp-content\/uploads\/2024\/09\/2-3.png\",\"datePublished\":\"2024-09-20T06:34:55+00:00\",\"dateModified\":\"2024-09-20T07:21:59+00:00\",\"breadcrumb\":{\"@id\":\"https:\/\/www.kingknhardwear.com\/product\/brushed-nickel-solid-aluminium-interior-door-handle-modern-home-lever-door-lock-handle-set-for-door-hardware\/#breadcrumb\"},\"inLanguage\":\"de-DE-formal\",\"potentialAction\":[{\"@type\":\"ReadAction\",\"target\":[\"https:\/\/www.kingknhardwear.com\/product\/brushed-nickel-solid-aluminium-interior-door-handle-modern-home-lever-door-lock-handle-set-for-door-hardware\/\"]}]},{\"@type\":\"ImageObject\",\"inLanguage\":\"de-DE-formal\",\"@id\":\"https:\/\/www.kingknhardwear.com\/product\/brushed-nickel-solid-aluminium-interior-door-handle-modern-home-lever-door-lock-handle-set-for-door-hardware\/#primaryimage\",\"url\":\"https:\/\/www.kingknhardwear.com\/wp-content\/uploads\/2024\/09\/2-3.png\",\"contentUrl\":\"https:\/\/www.kingknhardwear.com\/wp-content\/uploads\/2024\/09\/2-3.png\",\"width\":750,\"height\":750},{\"@type\":\"BreadcrumbList\",\"@id\":\"https:\/\/www.kingknhardwear.com\/product\/brushed-nickel-solid-aluminium-interior-door-handle-modern-home-lever-door-lock-handle-set-for-door-hardware\/#breadcrumb\",\"itemListElement\":[{\"@type\":\"ListItem\",\"position\":1,\"name\":\"Home\",\"item\":\"https:\/\/www.kingknhardwear.com\/\"},{\"@type\":\"ListItem\",\"position\":2,\"name\":\"product\",\"item\":\"https:\/\/www.kingknhardwear.com\/product\/\"},{\"@type\":\"ListItem\",\"position\":3,\"name\":\"brushed nickel solid aluminium interior door handle modern home lever door lock handle set for door hardware\"}]},{\"@type\":\"WebSite\",\"@id\":\"https:\/\/www.kingknhardwear.com\/#website\",\"url\":\"https:\/\/www.kingknhardwear.com\/\",\"name\":\"kingknhardwear\",\"description\":\"A Quality Choice for Home Furniture\",\"publisher\":{\"@id\":\"https:\/\/www.kingknhardwear.com\/#organization\"},\"potentialAction\":[{\"@type\":\"SearchAction\",\"target\":{\"@type\":\"EntryPoint\",\"urlTemplate\":\"https:\/\/www.kingknhardwear.com\/?s={search_term_string}\"},\"query-input\":\"required name=search_term_string\"}],\"inLanguage\":\"de-DE-formal\"},{\"@type\":[\"Organization\",\"Place\"],\"@id\":\"https:\/\/www.kingknhardwear.com\/#organization\",\"name\":\"kingknhardwear\",\"url\":\"https:\/\/www.kingknhardwear.com\/\",\"logo\":{\"@id\":\"https:\/\/www.kingknhardwear.com\/product\/brushed-nickel-solid-aluminium-interior-door-handle-modern-home-lever-door-lock-handle-set-for-door-hardware\/#local-main-organization-logo\"},\"image\":{\"@id\":\"https:\/\/www.kingknhardwear.com\/product\/brushed-nickel-solid-aluminium-interior-door-handle-modern-home-lever-door-lock-handle-set-for-door-hardware\/#local-main-organization-logo\"},\"telephone\":[],\"openingHoursSpecification\":[{\"@type\":\"OpeningHoursSpecification\",\"dayOfWeek\":[\"Monday\",\"Tuesday\",\"Wednesday\",\"Thursday\",\"Friday\",\"Saturday\",\"Sunday\"],\"opens\":\"09:00\",\"closes\":\"17:00\"}]},{\"@type\":\"ImageObject\",\"inLanguage\":\"de-DE-formal\",\"@id\":\"https:\/\/www.kingknhardwear.com\/product\/brushed-nickel-solid-aluminium-interior-door-handle-modern-home-lever-door-lock-handle-set-for-door-hardware\/#local-main-organization-logo\",\"url\":\"https:\/\/www.kingknhardwear.com\/wp-content\/uploads\/2024\/05\/logo312.png\",\"contentUrl\":\"https:\/\/www.kingknhardwear.com\/wp-content\/uploads\/2024\/05\/logo312.png\",\"width\":350,\"height\":100,\"caption\":\"kingknhardwear\"}]}<\/script>\n<meta property=\"product:price:amount\" content=\"0.00\" \/>\n<meta property=\"product:price:currency\" content=\"CNY\" \/>\n<meta property=\"og:availability\" content=\"instock\" \/>\n<meta property=\"product:availability\" content=\"instock\" \/>\n<meta property=\"product:retailer_item_id\" content=\"brushed-nickel-solid-aluminium-interior-door-handle-modern-home-lever-door-lock-handle-set-for-door-hardware\" \/>\n<meta property=\"product:condition\" content=\"new\" \/>\n<!-- \/ Yoast SEO Premium plugin. -->","yoast_head_json":{"title":"brushed nickel solid aluminium interior door handle modern home lever door lock handle set for door hardware - kingknhardwear","robots":{"index":"noindex","follow":"follow","max-snippet":"max-snippet:-1","max-image-preview":"max-image-preview:large","max-video-preview":"max-video-preview:-1"},"og_locale":"de_DE","og_type":"article","og_title":"brushed nickel solid aluminium interior door handle modern home lever door lock handle set for door hardware - kingknhardwear","og_description":"LOCKING PRIVACY: Use on doors requiring privacy, can be locked inside with a turn button and unlocked outside with provided release tool. Recommended for bedrooms and bathroomsEASY INSTALL REVERSIBLE LEVER: Do it yourself, installs in minutes with just a screwdriver. Reversible handle for left- or right-handed doors, detailed directions providedFITS STANDARD DOORS: Fits standard size doors 1\/4\" thick, latch backset adjusts to either 2-3\/8\" or 2-3\/4\" with just a twist during installationCERTIFIED TRUSTED QUALITY: Security, Durability and Finish are Grade 3 BHMA certified, designed for reliable protection, providing peace of mind at homeMICROBAN PROTECTION: door hardware is treated with Microban, this offers powerful product protection that is 99.9% cleaner than an unprotected surfaceBOX INCLUDES: Privacy lever, adjustable latch with round and square front options or drive-in collar, round corner strike, rosette, screws and Allen wrenchWARRANTY PROTECTION: Our products are backed by a lifetime mechanical and finish warranty with great customer service, see warranty for more details","og_url":"https:\/\/www.kingknhardwear.com\/de\/produkt\/brushed-nickel-solid-aluminium-interior-door-handle-modern-home-lever-door-lock-handle-set-for-door-hardware\/","og_site_name":"kingknhardwear","article_modified_time":"2024-09-20T07:21:59+00:00","og_image":[{"width":750,"height":750,"url":"https:\/\/www.kingknhardwear.com\/wp-content\/uploads\/2024\/09\/2-3.png","type":"image\/png"}],"twitter_card":"summary_large_image","twitter_misc":{"Price":"","Availability":"In stock"},"schema":{"@context":"https:\/\/schema.org","@graph":[{"@type":"WebPage","@id":"https:\/\/www.kingknhardwear.com\/product\/brushed-nickel-solid-aluminium-interior-door-handle-modern-home-lever-door-lock-handle-set-for-door-hardware\/","url":"https:\/\/www.kingknhardwear.com\/product\/brushed-nickel-solid-aluminium-interior-door-handle-modern-home-lever-door-lock-handle-set-for-door-hardware\/","name":"brushed nickel solid aluminium interior door handle modern home lever door lock handle set for door hardware - kingknhardwear","isPartOf":{"@id":"https:\/\/www.kingknhardwear.com\/#website"},"primaryImageOfPage":{"@id":"https:\/\/www.kingknhardwear.com\/product\/brushed-nickel-solid-aluminium-interior-door-handle-modern-home-lever-door-lock-handle-set-for-door-hardware\/#primaryimage"},"image":{"@id":"https:\/\/www.kingknhardwear.com\/product\/brushed-nickel-solid-aluminium-interior-door-handle-modern-home-lever-door-lock-handle-set-for-door-hardware\/#primaryimage"},"thumbnailUrl":"https:\/\/www.kingknhardwear.com\/wp-content\/uploads\/2024\/09\/2-3.png","datePublished":"2024-09-20T06:34:55+00:00","dateModified":"2024-09-20T07:21:59+00:00","breadcrumb":{"@id":"https:\/\/www.kingknhardwear.com\/product\/brushed-nickel-solid-aluminium-interior-door-handle-modern-home-lever-door-lock-handle-set-for-door-hardware\/#breadcrumb"},"inLanguage":"de-DE-formal","potentialAction":[{"@type":"ReadAction","target":["https:\/\/www.kingknhardwear.com\/product\/brushed-nickel-solid-aluminium-interior-door-handle-modern-home-lever-door-lock-handle-set-for-door-hardware\/"]}]},{"@type":"ImageObject","inLanguage":"de-DE-formal","@id":"https:\/\/www.kingknhardwear.com\/product\/brushed-nickel-solid-aluminium-interior-door-handle-modern-home-lever-door-lock-handle-set-for-door-hardware\/#primaryimage","url":"https:\/\/www.kingknhardwear.com\/wp-content\/uploads\/2024\/09\/2-3.png","contentUrl":"https:\/\/www.kingknhardwear.com\/wp-content\/uploads\/2024\/09\/2-3.png","width":750,"height":750},{"@type":"BreadcrumbList","@id":"https:\/\/www.kingknhardwear.com\/product\/brushed-nickel-solid-aluminium-interior-door-handle-modern-home-lever-door-lock-handle-set-for-door-hardware\/#breadcrumb","itemListElement":[{"@type":"ListItem","position":1,"name":"Home","item":"https:\/\/www.kingknhardwear.com\/"},{"@type":"ListItem","position":2,"name":"product","item":"https:\/\/www.kingknhardwear.com\/product\/"},{"@type":"ListItem","position":3,"name":"brushed nickel solid aluminium interior door handle modern home lever door lock handle set for door hardware"}]},{"@type":"WebSite","@id":"https:\/\/www.kingknhardwear.com\/#website","url":"https:\/\/www.kingknhardwear.com\/","name":"kingknhardwear","description":"A Quality Choice for Home Furniture","publisher":{"@id":"https:\/\/www.kingknhardwear.com\/#organization"},"potentialAction":[{"@type":"SearchAction","target":{"@type":"EntryPoint","urlTemplate":"https:\/\/www.kingknhardwear.com\/?s={search_term_string}"},"query-input":"required name=search_term_string"}],"inLanguage":"de-DE-formal"},{"@type":["Organization","Place"],"@id":"https:\/\/www.kingknhardwear.com\/#organization","name":"kingknhardwear","url":"https:\/\/www.kingknhardwear.com\/","logo":{"@id":"https:\/\/www.kingknhardwear.com\/product\/brushed-nickel-solid-aluminium-interior-door-handle-modern-home-lever-door-lock-handle-set-for-door-hardware\/#local-main-organization-logo"},"image":{"@id":"https:\/\/www.kingknhardwear.com\/product\/brushed-nickel-solid-aluminium-interior-door-handle-modern-home-lever-door-lock-handle-set-for-door-hardware\/#local-main-organization-logo"},"telephone":[],"openingHoursSpecification":[{"@type":"OpeningHoursSpecification","dayOfWeek":["Monday","Tuesday","Wednesday","Thursday","Friday","Saturday","Sunday"],"opens":"09:00","closes":"17:00"}]},{"@type":"ImageObject","inLanguage":"de-DE-formal","@id":"https:\/\/www.kingknhardwear.com\/product\/brushed-nickel-solid-aluminium-interior-door-handle-modern-home-lever-door-lock-handle-set-for-door-hardware\/#local-main-organization-logo","url":"https:\/\/www.kingknhardwear.com\/wp-content\/uploads\/2024\/05\/logo312.png","contentUrl":"https:\/\/www.kingknhardwear.com\/wp-content\/uploads\/2024\/05\/logo312.png","width":350,"height":100,"caption":"kingknhardwear"}]},"product_price_amount":"0.00","product_price_currency":"CNY","og_availability":"instock","product_availability":"instock","product_retailer_item_id":"brushed-nickel-solid-aluminium-interior-door-handle-modern-home-lever-door-lock-handle-set-for-door-hardware","product_condition":"new"},"jetpack_sharing_enabled":true,"_links":{"self":[{"href":"https:\/\/www.kingknhardwear.com\/de\/wp-json\/wp\/v2\/product\/765"}],"collection":[{"href":"https:\/\/www.kingknhardwear.com\/de\/wp-json\/wp\/v2\/product"}],"about":[{"href":"https:\/\/www.kingknhardwear.com\/de\/wp-json\/wp\/v2\/types\/product"}],"replies":[{"embeddable":true,"href":"https:\/\/www.kingknhardwear.com\/de\/wp-json\/wp\/v2\/comments?post=765"}],"wp:featuredmedia":[{"embeddable":true,"href":"https:\/\/www.kingknhardwear.com\/de\/wp-json\/wp\/v2\/media\/767"}],"wp:attachment":[{"href":"https:\/\/www.kingknhardwear.com\/de\/wp-json\/wp\/v2\/media?parent=765"}],"wp:term":[{"taxonomy":"product_cat","embeddable":true,"href":"https:\/\/www.kingknhardwear.com\/de\/wp-json\/wp\/v2\/product_cat?post=765"},{"taxonomy":"product_tag","embeddable":true,"href":"https:\/\/www.kingknhardwear.com\/de\/wp-json\/wp\/v2\/product_tag?post=765"}],"curies":[{"name":"wp","href":"https:\/\/api.w.org\/{rel}","templated":true}]}}