{"id":773,"date":"2024-09-20T07:23:25","date_gmt":"2024-09-20T07:23:25","guid":{"rendered":"https:\/\/www.kingknhardwear.com\/?post_type=product&#038;p=773"},"modified":"2024-09-20T09:42:16","modified_gmt":"2024-09-20T09:42:16","slug":"classic-gold-european-style-designer-door-pull-handle-zinc-alloy-lever-door-handle-for-interior-door-%e5%a4%8d%e5%88%b6","status":"publish","type":"product","link":"https:\/\/www.kingknhardwear.com\/de\/produkt\/classic-gold-european-style-designer-door-pull-handle-zinc-alloy-lever-door-handle-for-interior-door-%e5%a4%8d%e5%88%b6\/","title":{"rendered":"Klassische Gold europ\u00e4ischen Stil Designer T\u00fcrgriff Zinklegierung Hebel T\u00fcrgriff f\u00fcr Innent\u00fcr (\u590d\u5236)"},"content":{"rendered":"<figure class=\"wp-block-pullquote\"><blockquote><p><\/p><\/blockquote><\/figure>\n\n\n\n<h2 class=\"wp-block-heading\">Produkt Detail<\/h2>\n\n\n\n<ul>\n<li style=\"font-size:18px\"><strong>Merkmale:<\/strong><\/li>\n\n\n\n<li style=\"font-size:18px\"> BHMA Grad 2 Sicherheit<\/li>\n\n\n\n<li style=\"font-size:18px\"> Gefertigt aus hochwertigen Materialien f\u00fcr St\u00e4rke und Haltbarkeit<\/li>\n\n\n\n<li style=\"font-size:18px\"> Einfache Installation mit allen erforderlichen Befestigungselementen im Lieferumfang<\/li>\n\n\n\n<li style=\"font-size:18px\"> Eingeschr\u00e4nkte lebenslange Garantie<\/li>\n\n\n\n<li style=\"font-size:18px\"> ADA-konformer Hebel<\/li>\n\n\n\n<li style=\"font-size:18px\"><strong>Spezifikationen:<\/strong><\/li>\n\n\n\n<li style=\"font-size:18px\"> R\u00fcckversatz: Einstellbar 2-3\/8\u2033 oder 2-3\/4\u2033<\/li>\n\n\n\n<li style=\"font-size:18px\"> Querbohrung: 2-1\/8\u2033<\/li>\n\n\n\n<li style=\"font-size:18px\"> Randbohrung: 1\u2033<\/li>\n\n\n\n<li style=\"font-size:18px\"> T\u00fcrdicke: 1-3\/8\u2033 - 1-3\/4\u2033<\/li>\n\n\n\n<li style=\"font-size:18px\"> H\u00e4ndigkeit: Umkehrbar links oder rechts<\/li>\n\n\n\n<li style=\"font-size:18px\"> Griffl\u00e4nge: 4-1\/2\u2033<\/li>\n\n\n\n<li style=\"font-size:18px\"> Griff Vorsprung: 2-1\/4\u2033<\/li>\n\n\n\n<li style=\"font-size:18px\"> Beschnittbreite: 2-3\/4\u2033<\/li>\n\n\n\n<li style=\"font-size:18px\"> Beschnitt H\u00f6he: 2-3\/4\u2033<\/li>\n\n\n\n<li style=\"font-size:18px\"> Produktgewicht: 1.55lb<\/li>\n\n\n\n<li style=\"font-size:18px\"> Verriegelungsstulpe: Runde Ecke<\/li>\n\n\n\n<li style=\"font-size:18px\"><strong>Zus\u00e4tzliche Schlage Links<\/strong> Ansicht der Herstellergarantie<\/li>\n<\/ul>\n\n\n\n<figure class=\"wp-block-image size-full\"><img fetchpriority=\"high\" decoding=\"async\" width=\"800\" height=\"676\" src=\"https:\/\/www.kingknhardwear.com\/wp-content\/uploads\/2024\/09\/1-4.png\" alt=\"\" class=\"wp-image-763\" srcset=\"https:\/\/www.kingknhardwear.com\/wp-content\/uploads\/2024\/09\/1-4.png 800w, https:\/\/www.kingknhardwear.com\/wp-content\/uploads\/2024\/09\/1-4-300x254.png 300w, https:\/\/www.kingknhardwear.com\/wp-content\/uploads\/2024\/09\/1-4-768x649.png 768w, https:\/\/www.kingknhardwear.com\/wp-content\/uploads\/2024\/09\/1-4-14x12.png 14w, https:\/\/www.kingknhardwear.com\/wp-content\/uploads\/2024\/09\/1-4-600x507.png 600w\" sizes=\"(max-width: 800px) 100vw, 800px\" \/><\/figure>","protected":false},"excerpt":{"rendered":"<p>VERRIEGELUNG DER PRIVATIT\u00c4T: Verwendung an T\u00fcren, die Privatsph\u00e4re erfordern, kann innen mit einem Drehknopf verriegelt und au\u00dfen mit dem mitgelieferten Entriegelungswerkzeug entriegelt werden. Empfohlen f\u00fcr Schlafzimmer und B\u00e4der<br \/>EINFACH ZU INSTALLIERENDER, UMKEHRBARER HEBEL: Do it yourself, in Minutenschnelle mit nur einem Schraubenzieher zu montieren. Umkehrbarer Griff f\u00fcr links- oder rechtsh\u00e4ndige T\u00fcren, detaillierte Anleitung liegt bei<br \/>PASST F\u00dcR STANDARDT\u00dcREN: Passt zu Standardt\u00fcren mit einer Dicke von 1-3\/8\u2033 bis 1-3\/4\u2033, der Fallenr\u00fcckstand l\u00e4sst sich mit einer einfachen Drehung w\u00e4hrend der Installation auf 2-3\/8\u2033 oder 2-3\/4\u2033 einstellen<br \/>ZERTIFIZIERTE VERTRAUENSW\u00dcRDIGE QUALIT\u00c4T: Sicherheit, Haltbarkeit und Verarbeitung sind BHMA-zertifiziert (Klasse 3) und sorgen f\u00fcr zuverl\u00e4ssigen Schutz und ein sicheres Gef\u00fchl zu Hause.<br \/>MICROBAN-SCHUTZ: Die T\u00fcrbeschl\u00e4ge sind mit Microban behandelt, was einen wirksamen Produktschutz bietet, der 99,9% sauberer ist als eine ungesch\u00fctzte Oberfl\u00e4che<br \/>KASTEN ENTH\u00c4LT: Sichtschutzhebel, verstellbarer Riegel mit runder und eckiger Front oder Einschlagring, runder Eckschlie\u00dfer, Rosette, Schrauben und Inbusschl\u00fcssel<br \/>GARANTIESCHUTZ: Auf unsere Produkte gew\u00e4hren wir eine lebenslange Garantie auf Mechanik und Verarbeitung sowie einen ausgezeichneten Kundendienst, siehe Garantie f\u00fcr weitere Details<\/p>","protected":false},"featured_media":798,"comment_status":"open","ping_status":"closed","template":"","meta":[],"product_cat":[56],"product_tag":[],"yoast_head":"<!-- This site is optimized with the Yoast SEO Premium plugin v23.3 (Yoast SEO v22.8) - https:\/\/yoast.com\/wordpress\/plugins\/seo\/ -->\n<title>classic gold european style designer door pull handle zinc alloy lever door handle for interior door (\u590d\u5236) - kingknhardwear<\/title>\n<meta name=\"robots\" content=\"noindex, follow, max-snippet:-1, max-image-preview:large, max-video-preview:-1\" \/>\n<meta property=\"og:locale\" content=\"de_DE\" \/>\n<meta property=\"og:type\" content=\"article\" \/>\n<meta property=\"og:title\" content=\"classic gold european style designer door pull handle zinc alloy lever door handle for interior door (\u590d\u5236) - kingknhardwear\" \/>\n<meta property=\"og:description\" content=\"LOCKING PRIVACY: Use on doors requiring privacy, can be locked inside with a turn button and unlocked outside with provided release tool. Recommended for bedrooms and bathroomsEASY INSTALL REVERSIBLE LEVER: Do it yourself, installs in minutes with just a screwdriver. Reversible handle for left- or right-handed doors, detailed directions providedFITS STANDARD DOORS: Fits standard size doors 1-3\/8&quot; to 1-3\/4&quot; thick, latch backset adjusts to either 2-3\/8&quot; or 2-3\/4&quot; with just a twist during installationCERTIFIED TRUSTED QUALITY: Security, Durability and Finish are Grade 3 BHMA certified, designed for reliable protection, providing peace of mind at homeMICROBAN PROTECTION: door hardware is treated with Microban, this offers powerful product protection that is 99.9% cleaner than an unprotected surfaceBOX INCLUDES: Privacy lever, adjustable latch with round and square front options or drive-in collar, round corner strike, rosette, screws and Allen wrenchWARRANTY PROTECTION: Our products are backed by a lifetime mechanical and finish warranty with great customer service, see warranty for more details\" \/>\n<meta property=\"og:url\" content=\"https:\/\/www.kingknhardwear.com\/de\/produkt\/classic-gold-european-style-designer-door-pull-handle-zinc-alloy-lever-door-handle-for-interior-door-\u590d\u5236\/\" \/>\n<meta property=\"og:site_name\" content=\"kingknhardwear\" \/>\n<meta property=\"article:modified_time\" content=\"2024-09-20T09:42:16+00:00\" \/>\n<meta property=\"og:image\" content=\"https:\/\/www.kingknhardwear.com\/wp-content\/uploads\/2024\/09\/3-2.png\" \/>\n\t<meta property=\"og:image:width\" content=\"800\" \/>\n\t<meta property=\"og:image:height\" content=\"800\" \/>\n\t<meta property=\"og:image:type\" content=\"image\/png\" \/>\n<meta name=\"twitter:card\" content=\"summary_large_image\" \/>\n<meta name=\"twitter:label1\" content=\"Availability\" \/>\n\t<meta name=\"twitter:data1\" content=\"In stock\" \/>\n<script type=\"application\/ld+json\" class=\"yoast-schema-graph\">{\"@context\":\"https:\/\/schema.org\",\"@graph\":[{\"@type\":\"WebPage\",\"@id\":\"https:\/\/www.kingknhardwear.com\/product\/classic-gold-european-style-designer-door-pull-handle-zinc-alloy-lever-door-handle-for-interior-door-%e5%a4%8d%e5%88%b6\/\",\"url\":\"https:\/\/www.kingknhardwear.com\/product\/classic-gold-european-style-designer-door-pull-handle-zinc-alloy-lever-door-handle-for-interior-door-%e5%a4%8d%e5%88%b6\/\",\"name\":\"classic gold european style designer door pull handle zinc alloy lever door handle for interior door (\u590d\u5236) - kingknhardwear\",\"isPartOf\":{\"@id\":\"https:\/\/www.kingknhardwear.com\/#website\"},\"primaryImageOfPage\":{\"@id\":\"https:\/\/www.kingknhardwear.com\/product\/classic-gold-european-style-designer-door-pull-handle-zinc-alloy-lever-door-handle-for-interior-door-%e5%a4%8d%e5%88%b6\/#primaryimage\"},\"image\":{\"@id\":\"https:\/\/www.kingknhardwear.com\/product\/classic-gold-european-style-designer-door-pull-handle-zinc-alloy-lever-door-handle-for-interior-door-%e5%a4%8d%e5%88%b6\/#primaryimage\"},\"thumbnailUrl\":\"https:\/\/www.kingknhardwear.com\/wp-content\/uploads\/2024\/09\/\u4e3b\u56fe_005-2.jpeg\",\"datePublished\":\"2024-09-20T07:23:25+00:00\",\"dateModified\":\"2024-09-20T09:42:16+00:00\",\"breadcrumb\":{\"@id\":\"https:\/\/www.kingknhardwear.com\/product\/classic-gold-european-style-designer-door-pull-handle-zinc-alloy-lever-door-handle-for-interior-door-%e5%a4%8d%e5%88%b6\/#breadcrumb\"},\"inLanguage\":\"de-DE-formal\",\"potentialAction\":[{\"@type\":\"ReadAction\",\"target\":[\"https:\/\/www.kingknhardwear.com\/product\/classic-gold-european-style-designer-door-pull-handle-zinc-alloy-lever-door-handle-for-interior-door-%e5%a4%8d%e5%88%b6\/\"]}]},{\"@type\":\"ImageObject\",\"inLanguage\":\"de-DE-formal\",\"@id\":\"https:\/\/www.kingknhardwear.com\/product\/classic-gold-european-style-designer-door-pull-handle-zinc-alloy-lever-door-handle-for-interior-door-%e5%a4%8d%e5%88%b6\/#primaryimage\",\"url\":\"https:\/\/www.kingknhardwear.com\/wp-content\/uploads\/2024\/09\/\u4e3b\u56fe_005-2.jpeg\",\"contentUrl\":\"https:\/\/www.kingknhardwear.com\/wp-content\/uploads\/2024\/09\/\u4e3b\u56fe_005-2.jpeg\",\"width\":1000,\"height\":1000},{\"@type\":\"BreadcrumbList\",\"@id\":\"https:\/\/www.kingknhardwear.com\/product\/classic-gold-european-style-designer-door-pull-handle-zinc-alloy-lever-door-handle-for-interior-door-%e5%a4%8d%e5%88%b6\/#breadcrumb\",\"itemListElement\":[{\"@type\":\"ListItem\",\"position\":1,\"name\":\"Home\",\"item\":\"https:\/\/www.kingknhardwear.com\/\"},{\"@type\":\"ListItem\",\"position\":2,\"name\":\"product\",\"item\":\"https:\/\/www.kingknhardwear.com\/product\/\"},{\"@type\":\"ListItem\",\"position\":3,\"name\":\"classic gold european style designer door pull handle zinc alloy lever door handle for interior door (\u590d\u5236)\"}]},{\"@type\":\"WebSite\",\"@id\":\"https:\/\/www.kingknhardwear.com\/#website\",\"url\":\"https:\/\/www.kingknhardwear.com\/\",\"name\":\"kingknhardwear\",\"description\":\"A Quality Choice for Home Furniture\",\"publisher\":{\"@id\":\"https:\/\/www.kingknhardwear.com\/#organization\"},\"potentialAction\":[{\"@type\":\"SearchAction\",\"target\":{\"@type\":\"EntryPoint\",\"urlTemplate\":\"https:\/\/www.kingknhardwear.com\/?s={search_term_string}\"},\"query-input\":\"required name=search_term_string\"}],\"inLanguage\":\"de-DE-formal\"},{\"@type\":[\"Organization\",\"Place\"],\"@id\":\"https:\/\/www.kingknhardwear.com\/#organization\",\"name\":\"kingknhardwear\",\"url\":\"https:\/\/www.kingknhardwear.com\/\",\"logo\":{\"@id\":\"https:\/\/www.kingknhardwear.com\/product\/classic-gold-european-style-designer-door-pull-handle-zinc-alloy-lever-door-handle-for-interior-door-%e5%a4%8d%e5%88%b6\/#local-main-organization-logo\"},\"image\":{\"@id\":\"https:\/\/www.kingknhardwear.com\/product\/classic-gold-european-style-designer-door-pull-handle-zinc-alloy-lever-door-handle-for-interior-door-%e5%a4%8d%e5%88%b6\/#local-main-organization-logo\"},\"telephone\":[],\"openingHoursSpecification\":[{\"@type\":\"OpeningHoursSpecification\",\"dayOfWeek\":[\"Monday\",\"Tuesday\",\"Wednesday\",\"Thursday\",\"Friday\",\"Saturday\",\"Sunday\"],\"opens\":\"09:00\",\"closes\":\"17:00\"}]},{\"@type\":\"ImageObject\",\"inLanguage\":\"de-DE-formal\",\"@id\":\"https:\/\/www.kingknhardwear.com\/product\/classic-gold-european-style-designer-door-pull-handle-zinc-alloy-lever-door-handle-for-interior-door-%e5%a4%8d%e5%88%b6\/#local-main-organization-logo\",\"url\":\"https:\/\/www.kingknhardwear.com\/wp-content\/uploads\/2024\/05\/logo312.png\",\"contentUrl\":\"https:\/\/www.kingknhardwear.com\/wp-content\/uploads\/2024\/05\/logo312.png\",\"width\":350,\"height\":100,\"caption\":\"kingknhardwear\"}]}<\/script>\n<meta property=\"og:availability\" content=\"instock\" \/>\n<meta property=\"product:availability\" content=\"instock\" \/>\n<meta property=\"product:retailer_item_id\" content=\"classic-gold-european-style-designer-door-pull-handle-zinc-alloy-lever-door-handle-for-interior-door-1\" \/>\n<meta property=\"product:condition\" content=\"new\" \/>\n<!-- \/ Yoast SEO Premium plugin. -->","yoast_head_json":{"title":"classic gold european style designer door pull handle zinc alloy lever door handle for interior door (\u590d\u5236) - kingknhardwear","robots":{"index":"noindex","follow":"follow","max-snippet":"max-snippet:-1","max-image-preview":"max-image-preview:large","max-video-preview":"max-video-preview:-1"},"og_locale":"de_DE","og_type":"article","og_title":"classic gold european style designer door pull handle zinc alloy lever door handle for interior door (\u590d\u5236) - kingknhardwear","og_description":"LOCKING PRIVACY: Use on doors requiring privacy, can be locked inside with a turn button and unlocked outside with provided release tool. Recommended for bedrooms and bathroomsEASY INSTALL REVERSIBLE LEVER: Do it yourself, installs in minutes with just a screwdriver. Reversible handle for left- or right-handed doors, detailed directions providedFITS STANDARD DOORS: Fits standard size doors 1-3\/8\" to 1-3\/4\" thick, latch backset adjusts to either 2-3\/8\" or 2-3\/4\" with just a twist during installationCERTIFIED TRUSTED QUALITY: Security, Durability and Finish are Grade 3 BHMA certified, designed for reliable protection, providing peace of mind at homeMICROBAN PROTECTION: door hardware is treated with Microban, this offers powerful product protection that is 99.9% cleaner than an unprotected surfaceBOX INCLUDES: Privacy lever, adjustable latch with round and square front options or drive-in collar, round corner strike, rosette, screws and Allen wrenchWARRANTY PROTECTION: Our products are backed by a lifetime mechanical and finish warranty with great customer service, see warranty for more details","og_url":"https:\/\/www.kingknhardwear.com\/de\/produkt\/classic-gold-european-style-designer-door-pull-handle-zinc-alloy-lever-door-handle-for-interior-door-\u590d\u5236\/","og_site_name":"kingknhardwear","article_modified_time":"2024-09-20T09:42:16+00:00","og_image":[{"width":800,"height":800,"url":"https:\/\/www.kingknhardwear.com\/wp-content\/uploads\/2024\/09\/3-2.png","type":"image\/png"}],"twitter_card":"summary_large_image","twitter_misc":{"Availability":"In stock"},"schema":{"@context":"https:\/\/schema.org","@graph":[{"@type":"WebPage","@id":"https:\/\/www.kingknhardwear.com\/product\/classic-gold-european-style-designer-door-pull-handle-zinc-alloy-lever-door-handle-for-interior-door-%e5%a4%8d%e5%88%b6\/","url":"https:\/\/www.kingknhardwear.com\/product\/classic-gold-european-style-designer-door-pull-handle-zinc-alloy-lever-door-handle-for-interior-door-%e5%a4%8d%e5%88%b6\/","name":"classic gold european style designer door pull handle zinc alloy lever door handle for interior door (\u590d\u5236) - kingknhardwear","isPartOf":{"@id":"https:\/\/www.kingknhardwear.com\/#website"},"primaryImageOfPage":{"@id":"https:\/\/www.kingknhardwear.com\/product\/classic-gold-european-style-designer-door-pull-handle-zinc-alloy-lever-door-handle-for-interior-door-%e5%a4%8d%e5%88%b6\/#primaryimage"},"image":{"@id":"https:\/\/www.kingknhardwear.com\/product\/classic-gold-european-style-designer-door-pull-handle-zinc-alloy-lever-door-handle-for-interior-door-%e5%a4%8d%e5%88%b6\/#primaryimage"},"thumbnailUrl":"https:\/\/www.kingknhardwear.com\/wp-content\/uploads\/2024\/09\/\u4e3b\u56fe_005-2.jpeg","datePublished":"2024-09-20T07:23:25+00:00","dateModified":"2024-09-20T09:42:16+00:00","breadcrumb":{"@id":"https:\/\/www.kingknhardwear.com\/product\/classic-gold-european-style-designer-door-pull-handle-zinc-alloy-lever-door-handle-for-interior-door-%e5%a4%8d%e5%88%b6\/#breadcrumb"},"inLanguage":"de-DE-formal","potentialAction":[{"@type":"ReadAction","target":["https:\/\/www.kingknhardwear.com\/product\/classic-gold-european-style-designer-door-pull-handle-zinc-alloy-lever-door-handle-for-interior-door-%e5%a4%8d%e5%88%b6\/"]}]},{"@type":"ImageObject","inLanguage":"de-DE-formal","@id":"https:\/\/www.kingknhardwear.com\/product\/classic-gold-european-style-designer-door-pull-handle-zinc-alloy-lever-door-handle-for-interior-door-%e5%a4%8d%e5%88%b6\/#primaryimage","url":"https:\/\/www.kingknhardwear.com\/wp-content\/uploads\/2024\/09\/\u4e3b\u56fe_005-2.jpeg","contentUrl":"https:\/\/www.kingknhardwear.com\/wp-content\/uploads\/2024\/09\/\u4e3b\u56fe_005-2.jpeg","width":1000,"height":1000},{"@type":"BreadcrumbList","@id":"https:\/\/www.kingknhardwear.com\/product\/classic-gold-european-style-designer-door-pull-handle-zinc-alloy-lever-door-handle-for-interior-door-%e5%a4%8d%e5%88%b6\/#breadcrumb","itemListElement":[{"@type":"ListItem","position":1,"name":"Home","item":"https:\/\/www.kingknhardwear.com\/"},{"@type":"ListItem","position":2,"name":"product","item":"https:\/\/www.kingknhardwear.com\/product\/"},{"@type":"ListItem","position":3,"name":"classic gold european style designer door pull handle zinc alloy lever door handle for interior door (\u590d\u5236)"}]},{"@type":"WebSite","@id":"https:\/\/www.kingknhardwear.com\/#website","url":"https:\/\/www.kingknhardwear.com\/","name":"kingknhardwear","description":"A Quality Choice for Home Furniture","publisher":{"@id":"https:\/\/www.kingknhardwear.com\/#organization"},"potentialAction":[{"@type":"SearchAction","target":{"@type":"EntryPoint","urlTemplate":"https:\/\/www.kingknhardwear.com\/?s={search_term_string}"},"query-input":"required name=search_term_string"}],"inLanguage":"de-DE-formal"},{"@type":["Organization","Place"],"@id":"https:\/\/www.kingknhardwear.com\/#organization","name":"kingknhardwear","url":"https:\/\/www.kingknhardwear.com\/","logo":{"@id":"https:\/\/www.kingknhardwear.com\/product\/classic-gold-european-style-designer-door-pull-handle-zinc-alloy-lever-door-handle-for-interior-door-%e5%a4%8d%e5%88%b6\/#local-main-organization-logo"},"image":{"@id":"https:\/\/www.kingknhardwear.com\/product\/classic-gold-european-style-designer-door-pull-handle-zinc-alloy-lever-door-handle-for-interior-door-%e5%a4%8d%e5%88%b6\/#local-main-organization-logo"},"telephone":[],"openingHoursSpecification":[{"@type":"OpeningHoursSpecification","dayOfWeek":["Monday","Tuesday","Wednesday","Thursday","Friday","Saturday","Sunday"],"opens":"09:00","closes":"17:00"}]},{"@type":"ImageObject","inLanguage":"de-DE-formal","@id":"https:\/\/www.kingknhardwear.com\/product\/classic-gold-european-style-designer-door-pull-handle-zinc-alloy-lever-door-handle-for-interior-door-%e5%a4%8d%e5%88%b6\/#local-main-organization-logo","url":"https:\/\/www.kingknhardwear.com\/wp-content\/uploads\/2024\/05\/logo312.png","contentUrl":"https:\/\/www.kingknhardwear.com\/wp-content\/uploads\/2024\/05\/logo312.png","width":350,"height":100,"caption":"kingknhardwear"}]},"og_availability":"instock","product_availability":"instock","product_retailer_item_id":"classic-gold-european-style-designer-door-pull-handle-zinc-alloy-lever-door-handle-for-interior-door-1","product_condition":"new"},"jetpack_sharing_enabled":true,"_links":{"self":[{"href":"https:\/\/www.kingknhardwear.com\/de\/wp-json\/wp\/v2\/product\/773"}],"collection":[{"href":"https:\/\/www.kingknhardwear.com\/de\/wp-json\/wp\/v2\/product"}],"about":[{"href":"https:\/\/www.kingknhardwear.com\/de\/wp-json\/wp\/v2\/types\/product"}],"replies":[{"embeddable":true,"href":"https:\/\/www.kingknhardwear.com\/de\/wp-json\/wp\/v2\/comments?post=773"}],"wp:featuredmedia":[{"embeddable":true,"href":"https:\/\/www.kingknhardwear.com\/de\/wp-json\/wp\/v2\/media\/798"}],"wp:attachment":[{"href":"https:\/\/www.kingknhardwear.com\/de\/wp-json\/wp\/v2\/media?parent=773"}],"wp:term":[{"taxonomy":"product_cat","embeddable":true,"href":"https:\/\/www.kingknhardwear.com\/de\/wp-json\/wp\/v2\/product_cat?post=773"},{"taxonomy":"product_tag","embeddable":true,"href":"https:\/\/www.kingknhardwear.com\/de\/wp-json\/wp\/v2\/product_tag?post=773"}],"curies":[{"name":"wp","href":"https:\/\/api.w.org\/{rel}","templated":true}]}}