{"id":336,"date":"2024-06-05T07:10:59","date_gmt":"2024-06-05T07:10:59","guid":{"rendered":"https:\/\/kingknhardwear.com\/?post_type=product&#038;p=336"},"modified":"2024-09-02T07:44:40","modified_gmt":"2024-09-02T07:44:40","slug":"kitchen-cabinet-extendable-rail-table-soft-closing-slim-aluminium-drawer-system-metal-tendom-box-drawer-slide-%e5%a4%8d%e5%88%b6-3","status":"publish","type":"product","link":"https:\/\/www.kingknhardwear.com\/es\/producto\/kitchen-cabinet-extendable-rail-table-soft-closing-slim-aluminium-drawer-system-metal-tendom-box-drawer-slide-%e5%a4%8d%e5%88%b6-3\/","title":{"rendered":"18 Gu\u00edas de caj\u00f3n de extensi\u00f3n total de cierre suave Gu\u00edas de caj\u00f3n de alta resistencia para cocina 100 LB de capacidad"},"content":{"rendered":"<details class=\"wp-block-details is-layout-flow wp-block-details-is-layout-flow\"><summary><\/summary>\n<p><\/p>\n<\/details>\n\n\n\n<figure class=\"wp-block-gallery has-nested-images columns-default is-cropped wp-block-gallery-1 is-layout-flex wp-block-gallery-is-layout-flex\">\n<figure class=\"wp-block-image size-large\"><img fetchpriority=\"high\" decoding=\"async\" width=\"1024\" height=\"576\" data-id=\"696\" src=\"https:\/\/www.kingknhardwear.com\/wp-content\/uploads\/2024\/09\/1678347287724-10-1024x576.jpg\" alt=\"\" class=\"wp-image-696\" srcset=\"https:\/\/www.kingknhardwear.com\/wp-content\/uploads\/2024\/09\/1678347287724-10-1024x576.jpg 1024w, https:\/\/www.kingknhardwear.com\/wp-content\/uploads\/2024\/09\/1678347287724-10-300x169.jpg 300w, https:\/\/www.kingknhardwear.com\/wp-content\/uploads\/2024\/09\/1678347287724-10-768x432.jpg 768w, https:\/\/www.kingknhardwear.com\/wp-content\/uploads\/2024\/09\/1678347287724-10-1536x864.jpg 1536w, https:\/\/www.kingknhardwear.com\/wp-content\/uploads\/2024\/09\/1678347287724-10-18x10.jpg 18w, https:\/\/www.kingknhardwear.com\/wp-content\/uploads\/2024\/09\/1678347287724-10-1320x742.jpg 1320w, https:\/\/www.kingknhardwear.com\/wp-content\/uploads\/2024\/09\/1678347287724-10-600x337.jpg 600w, https:\/\/www.kingknhardwear.com\/wp-content\/uploads\/2024\/09\/1678347287724-10.jpg 1624w\" sizes=\"(max-width: 1024px) 100vw, 1024px\" \/><\/figure>\n\n\n\n<figure class=\"wp-block-image size-large\"><img decoding=\"async\" width=\"1024\" height=\"425\" data-id=\"695\" src=\"https:\/\/www.kingknhardwear.com\/wp-content\/uploads\/2024\/09\/1678347426230-11-1024x425.jpg\" alt=\"\" class=\"wp-image-695\" srcset=\"https:\/\/www.kingknhardwear.com\/wp-content\/uploads\/2024\/09\/1678347426230-11-1024x425.jpg 1024w, https:\/\/www.kingknhardwear.com\/wp-content\/uploads\/2024\/09\/1678347426230-11-300x125.jpg 300w, https:\/\/www.kingknhardwear.com\/wp-content\/uploads\/2024\/09\/1678347426230-11-768x319.jpg 768w, https:\/\/www.kingknhardwear.com\/wp-content\/uploads\/2024\/09\/1678347426230-11-18x7.jpg 18w, https:\/\/www.kingknhardwear.com\/wp-content\/uploads\/2024\/09\/1678347426230-11-1320x548.jpg 1320w, https:\/\/www.kingknhardwear.com\/wp-content\/uploads\/2024\/09\/1678347426230-11-600x249.jpg 600w, https:\/\/www.kingknhardwear.com\/wp-content\/uploads\/2024\/09\/1678347426230-11.jpg 1498w\" sizes=\"(max-width: 1024px) 100vw, 1024px\" \/><\/figure>\n<\/figure>\n\n\n\n<figure class=\"wp-block-gallery has-nested-images columns-default is-cropped wp-block-gallery-2 is-layout-flex wp-block-gallery-is-layout-flex\"><\/figure>\n\n\n\n<figure class=\"wp-block-table\"><table><tbody><tr><td>Tipo<\/td><td>Corredera para cajones de muebles<\/td><\/tr><tr><td>Aplicaci\u00f3n<\/td><td>Cocina, Ba\u00f1o, Oficina en casa, Sal\u00f3n, Dormitorio, Exterior, Hotel, Almac\u00e9n, Taller, Villa<\/td><\/tr><tr><td>Espesor<\/td><td>1.2*1.2*1.5<\/td><\/tr><tr><td>Longitud<\/td><td>270\/300\/350\/400\/450\/500\/550mm<\/td><\/tr><tr><td>Extensi\u00f3n<\/td><td>Extensi\u00f3n completa<\/td><\/tr><tr><td><strong>Materiales<\/strong><\/td><td>Acero laminado en fr\u00edo<\/td><\/tr><tr><td>Pago<\/td><td>T\/T\u3001D\/P o L\/C<\/td><\/tr><tr><td>Muestra<\/td><td>Muestra libre<\/td><\/tr><\/tbody><\/table><\/figure>\n\n\n\n<details class=\"wp-block-details is-layout-flow wp-block-details-is-layout-flow\"><summary>PREGUNTAS FRECUENTES<br><strong>\u00bfQu\u00e9 le parece la capacidad de su equipo de I+D? <\/strong><br>Contamos con 7 equipos de I+D en nuestra sede central y en las bases de producci\u00f3n dedicados al desarrollo de nuevos productos. Adem\u00e1s, nuestros equipos viajan al extranjero 3 veces al a\u00f1o para investigar los mercados y las necesidades de los usuarios extranjeros y desarrollar tecnolog\u00eda inteligente para muebles.<br> <br><strong> \u00bfPueden enviarme muestras y cu\u00e1l es su plazo de entrega? <\/strong><br>S\u00ed, podemos enviarle muestras para probar y comprobar la calidad. Normalmente la muestra necesita 2 d\u00edas para entregar a usted.<br><br> <strong>Soy una f\u00e1brica de muebles, \u00bfqu\u00e9 pueden hacer por m\u00ed? <\/strong><br>Disponemos de casi 2.000 art\u00edculos de herrajes para muebles y herrajes decorativos, lo que reduce el coste de transporte y el tiempo de b\u00fasqueda de productos. Tambi\u00e9n ofrecemos SOPORTE T\u00c9CNICO OEM.<br><br> <strong>Soy minorista, \u00bfqu\u00e9 pueden hacer por m\u00ed? <\/strong><br>10000+ SKU para que usted elija, Nuestro equipo de dise\u00f1o profesional le proporcionar\u00e1 la soluci\u00f3n econ\u00f3mica y profesional DISPLAY.<br><br><strong> \u00bfC\u00f3mo garantizar su calidad? <\/strong><br>Desde la compra de materias primas hasta el env\u00edo, 35+QC comprobar\u00e1 nuestro producto en cada proceso de operaci\u00f3n para garantizar nuestra calidad. Creemos que cada producto puede encontrar su camino a casa. S\u00f3lo los buenos productos pueden hacernos establecer una larga cooperaci\u00f3n.<\/summary>\n<p><\/p>\n<\/details>","protected":false},"excerpt":{"rendered":"<p>Lo que obtienes: Usted conseguir\u00eda 10 pares de 18 en las diapositivas del caj\u00f3n, bastantes para 10 caj\u00f3n, tornillos de montaje e instrucci\u00f3n que hacen la instalaci\u00f3n m\u00e1s f\u00e1cil. Cada caj\u00f3n se desliza envuelto individualmente con el paquete fino. Por otra parte, usted conseguir\u00eda cajones m\u00e1s lisos<br \/>\u203b Material \uff1aLas gu\u00edas de los cajones Kingkn est\u00e1n hechas de acero laminado en fr\u00edo de alto grado con acabado galvanizado, resistente y duradero. Rodamiento de bolas s\u00f3lido asegurar la apertura y cierre sooth, puede servirle muchos a\u00f1os. Usted se sentir\u00eda la calidad cuando reciba<br \/>F\u00e1cil de instalar: Nuestras gu\u00edas de caj\u00f3n est\u00e1n equipadas con broches de presi\u00f3n desmontables de nylon para una f\u00e1cil instalaci\u00f3n o extracci\u00f3n de las gu\u00edas de caj\u00f3n. S\u00f3lo tiene que presionar suavemente la hebilla, que es conveniente y ahorro de mano de obra<br \/>Medidas: Longitud \uff1a18 pulgadas (458mm) ; Ancho :1.77inch(45mm); Espesor: 1\/2inch(12.7mm); Capacidad de carga: 100 LB. Por favor, elija el tama\u00f1o correcto antes de comprar<br \/>\u203b Excelente servicio post-venta: Nos centramos en la calidad y el servicio post-venta. Si usted encuentra cualquier problema de la calidad en nuestros lados del caj\u00f3n, no dude en entrarnos en contacto con por favor, prometemos solucionarlo hasta que le satisfagan. Los reemplazos u otras soluciones ser\u00edan proporcionados para usted. Sin riesgos.<\/p>","protected":false},"featured_media":689,"comment_status":"open","ping_status":"closed","template":"","meta":[],"product_cat":[16],"product_tag":[],"yoast_head":"<!-- This site is optimized with the Yoast SEO Premium plugin v23.3 (Yoast SEO v22.8) - https:\/\/yoast.com\/wordpress\/plugins\/seo\/ -->\n<title>18 Drawer Slides Full Extension Soft Close Drawer Slides Heavy Duty Drawer Slides for Kitchen 100 LB Capacity - kingknhardwear<\/title>\n<meta name=\"robots\" content=\"noindex, follow, max-snippet:-1, max-image-preview:large, max-video-preview:-1\" \/>\n<meta property=\"og:locale\" content=\"es_MX\" \/>\n<meta property=\"og:type\" content=\"article\" \/>\n<meta property=\"og:title\" content=\"18 Drawer Slides Full Extension Soft Close Drawer Slides Heavy Duty Drawer Slides for Kitchen 100 LB Capacity - kingknhardwear\" \/>\n<meta property=\"og:description\" content=\"\u203b What you get: You would get 10 pairs of 18 in drawer slides, enough for 10 drawer, mounting screws and instruction which make installation easier. Each drawer slides wrapped individually with fine package. Moreover, you would get smoother drawers\u203b Material \uff1aKingkn drawer slides are made of high grade cold-rolled steel with zinc plated finish, heavy-duty and durable. Solid ball bearing ensure sooth opening and closing, can serve you many years. You would feel the quality when you receive\u203b Easy to install: Our drawer slides are fitted with nylon detachable snaps for easy installation or removal of the drawer slides. You only need to gently press the buckle, which is convenient and labor-saving\u203b Measurements: Length \uff1a18 inch (458mm) ; Width :1.77inch(45mm); Thickness: 1\/2inch(12.7mm); Load-bearing capacity: 100 LB. Please choose the right size before you purchase\u203b Excellent After-Sale Service: We focus on quality and after-service. If you find any quality problem on our drawer sides, please feel free to contact us, we promise solve it until you are satisfied. Replacements or other solutions would be provided for you. No risk.\" \/>\n<meta property=\"og:url\" content=\"https:\/\/www.kingknhardwear.com\/es\/producto\/kitchen-cabinet-extendable-rail-table-soft-closing-slim-aluminium-drawer-system-metal-tendom-box-drawer-slide-\u590d\u5236-3\/\" \/>\n<meta property=\"og:site_name\" content=\"kingknhardwear\" \/>\n<meta property=\"article:modified_time\" content=\"2024-09-02T07:44:40+00:00\" \/>\n<meta property=\"og:image\" content=\"https:\/\/www.kingknhardwear.com\/wp-content\/uploads\/2024\/09\/1678346501947-1.jpg\" \/>\n\t<meta property=\"og:image:width\" content=\"1000\" \/>\n\t<meta property=\"og:image:height\" content=\"1000\" \/>\n\t<meta property=\"og:image:type\" content=\"image\/jpeg\" \/>\n<meta name=\"twitter:card\" content=\"summary_large_image\" \/>\n<meta name=\"twitter:label1\" content=\"Precio\" \/>\n\t<meta name=\"twitter:data1\" content=\"\" \/>\n\t<meta name=\"twitter:label2\" content=\"Disponibilidad\" \/>\n\t<meta name=\"twitter:data2\" content=\"Disponible\" \/>\n<script type=\"application\/ld+json\" class=\"yoast-schema-graph\">{\"@context\":\"https:\/\/schema.org\",\"@graph\":[{\"@type\":\"WebPage\",\"@id\":\"https:\/\/www.kingknhardwear.com\/product\/kitchen-cabinet-extendable-rail-table-soft-closing-slim-aluminium-drawer-system-metal-tendom-box-drawer-slide-%e5%a4%8d%e5%88%b6-3\/\",\"url\":\"https:\/\/www.kingknhardwear.com\/product\/kitchen-cabinet-extendable-rail-table-soft-closing-slim-aluminium-drawer-system-metal-tendom-box-drawer-slide-%e5%a4%8d%e5%88%b6-3\/\",\"name\":\"18 Drawer Slides Full Extension Soft Close Drawer Slides Heavy Duty Drawer Slides for Kitchen 100 LB Capacity - kingknhardwear\",\"isPartOf\":{\"@id\":\"https:\/\/www.kingknhardwear.com\/#website\"},\"primaryImageOfPage\":{\"@id\":\"https:\/\/www.kingknhardwear.com\/product\/kitchen-cabinet-extendable-rail-table-soft-closing-slim-aluminium-drawer-system-metal-tendom-box-drawer-slide-%e5%a4%8d%e5%88%b6-3\/#primaryimage\"},\"image\":{\"@id\":\"https:\/\/www.kingknhardwear.com\/product\/kitchen-cabinet-extendable-rail-table-soft-closing-slim-aluminium-drawer-system-metal-tendom-box-drawer-slide-%e5%a4%8d%e5%88%b6-3\/#primaryimage\"},\"thumbnailUrl\":\"https:\/\/www.kingknhardwear.com\/wp-content\/uploads\/2024\/09\/1678346501947-1.jpg\",\"datePublished\":\"2024-06-05T07:10:59+00:00\",\"dateModified\":\"2024-09-02T07:44:40+00:00\",\"breadcrumb\":{\"@id\":\"https:\/\/www.kingknhardwear.com\/product\/kitchen-cabinet-extendable-rail-table-soft-closing-slim-aluminium-drawer-system-metal-tendom-box-drawer-slide-%e5%a4%8d%e5%88%b6-3\/#breadcrumb\"},\"inLanguage\":\"es\",\"potentialAction\":[{\"@type\":\"ReadAction\",\"target\":[\"https:\/\/www.kingknhardwear.com\/product\/kitchen-cabinet-extendable-rail-table-soft-closing-slim-aluminium-drawer-system-metal-tendom-box-drawer-slide-%e5%a4%8d%e5%88%b6-3\/\"]}]},{\"@type\":\"ImageObject\",\"inLanguage\":\"es\",\"@id\":\"https:\/\/www.kingknhardwear.com\/product\/kitchen-cabinet-extendable-rail-table-soft-closing-slim-aluminium-drawer-system-metal-tendom-box-drawer-slide-%e5%a4%8d%e5%88%b6-3\/#primaryimage\",\"url\":\"https:\/\/www.kingknhardwear.com\/wp-content\/uploads\/2024\/09\/1678346501947-1.jpg\",\"contentUrl\":\"https:\/\/www.kingknhardwear.com\/wp-content\/uploads\/2024\/09\/1678346501947-1.jpg\",\"width\":1000,\"height\":1000},{\"@type\":\"BreadcrumbList\",\"@id\":\"https:\/\/www.kingknhardwear.com\/product\/kitchen-cabinet-extendable-rail-table-soft-closing-slim-aluminium-drawer-system-metal-tendom-box-drawer-slide-%e5%a4%8d%e5%88%b6-3\/#breadcrumb\",\"itemListElement\":[{\"@type\":\"ListItem\",\"position\":1,\"name\":\"Home\",\"item\":\"https:\/\/www.kingknhardwear.com\/\"},{\"@type\":\"ListItem\",\"position\":2,\"name\":\"product\",\"item\":\"https:\/\/www.kingknhardwear.com\/product\/\"},{\"@type\":\"ListItem\",\"position\":3,\"name\":\"18 Drawer Slides Full Extension Soft Close Drawer Slides Heavy Duty Drawer Slides for Kitchen 100 LB Capacity\"}]},{\"@type\":\"WebSite\",\"@id\":\"https:\/\/www.kingknhardwear.com\/#website\",\"url\":\"https:\/\/www.kingknhardwear.com\/\",\"name\":\"kingknhardwear\",\"description\":\"A Quality Choice for Home Furniture\",\"publisher\":{\"@id\":\"https:\/\/www.kingknhardwear.com\/#organization\"},\"potentialAction\":[{\"@type\":\"SearchAction\",\"target\":{\"@type\":\"EntryPoint\",\"urlTemplate\":\"https:\/\/www.kingknhardwear.com\/?s={search_term_string}\"},\"query-input\":\"required name=search_term_string\"}],\"inLanguage\":\"es\"},{\"@type\":[\"Organization\",\"Place\"],\"@id\":\"https:\/\/www.kingknhardwear.com\/#organization\",\"name\":\"kingknhardwear\",\"url\":\"https:\/\/www.kingknhardwear.com\/\",\"logo\":{\"@id\":\"https:\/\/www.kingknhardwear.com\/product\/kitchen-cabinet-extendable-rail-table-soft-closing-slim-aluminium-drawer-system-metal-tendom-box-drawer-slide-%e5%a4%8d%e5%88%b6-3\/#local-main-organization-logo\"},\"image\":{\"@id\":\"https:\/\/www.kingknhardwear.com\/product\/kitchen-cabinet-extendable-rail-table-soft-closing-slim-aluminium-drawer-system-metal-tendom-box-drawer-slide-%e5%a4%8d%e5%88%b6-3\/#local-main-organization-logo\"},\"telephone\":[],\"openingHoursSpecification\":[{\"@type\":\"OpeningHoursSpecification\",\"dayOfWeek\":[\"Monday\",\"Tuesday\",\"Wednesday\",\"Thursday\",\"Friday\",\"Saturday\",\"Sunday\"],\"opens\":\"09:00\",\"closes\":\"17:00\"}]},{\"@type\":\"ImageObject\",\"inLanguage\":\"es\",\"@id\":\"https:\/\/www.kingknhardwear.com\/product\/kitchen-cabinet-extendable-rail-table-soft-closing-slim-aluminium-drawer-system-metal-tendom-box-drawer-slide-%e5%a4%8d%e5%88%b6-3\/#local-main-organization-logo\",\"url\":\"https:\/\/www.kingknhardwear.com\/wp-content\/uploads\/2024\/05\/logo312.png\",\"contentUrl\":\"https:\/\/www.kingknhardwear.com\/wp-content\/uploads\/2024\/05\/logo312.png\",\"width\":350,\"height\":100,\"caption\":\"kingknhardwear\"}]}<\/script>\n<meta property=\"product:price:amount\" content=\"0.00\" \/>\n<meta property=\"product:price:currency\" content=\"CNY\" \/>\n<meta property=\"og:availability\" content=\"instock\" \/>\n<meta property=\"product:availability\" content=\"instock\" \/>\n<meta property=\"product:retailer_item_id\" content=\"kitchen-cabinet-extendable-rail-table-soft-closing-slim-aluminium-drawer-system-metal-tendom-box-drawer-slide\" \/>\n<meta property=\"product:condition\" content=\"new\" \/>\n<!-- \/ Yoast SEO Premium plugin. -->","yoast_head_json":{"title":"18 Drawer Slides Full Extension Soft Close Drawer Slides Heavy Duty Drawer Slides for Kitchen 100 LB Capacity - kingknhardwear","robots":{"index":"noindex","follow":"follow","max-snippet":"max-snippet:-1","max-image-preview":"max-image-preview:large","max-video-preview":"max-video-preview:-1"},"og_locale":"es_MX","og_type":"article","og_title":"18 Drawer Slides Full Extension Soft Close Drawer Slides Heavy Duty Drawer Slides for Kitchen 100 LB Capacity - kingknhardwear","og_description":"\u203b What you get: You would get 10 pairs of 18 in drawer slides, enough for 10 drawer, mounting screws and instruction which make installation easier. Each drawer slides wrapped individually with fine package. Moreover, you would get smoother drawers\u203b Material \uff1aKingkn drawer slides are made of high grade cold-rolled steel with zinc plated finish, heavy-duty and durable. Solid ball bearing ensure sooth opening and closing, can serve you many years. You would feel the quality when you receive\u203b Easy to install: Our drawer slides are fitted with nylon detachable snaps for easy installation or removal of the drawer slides. You only need to gently press the buckle, which is convenient and labor-saving\u203b Measurements: Length \uff1a18 inch (458mm) ; Width :1.77inch(45mm); Thickness: 1\/2inch(12.7mm); Load-bearing capacity: 100 LB. Please choose the right size before you purchase\u203b Excellent After-Sale Service: We focus on quality and after-service. If you find any quality problem on our drawer sides, please feel free to contact us, we promise solve it until you are satisfied. Replacements or other solutions would be provided for you. No risk.","og_url":"https:\/\/www.kingknhardwear.com\/es\/producto\/kitchen-cabinet-extendable-rail-table-soft-closing-slim-aluminium-drawer-system-metal-tendom-box-drawer-slide-\u590d\u5236-3\/","og_site_name":"kingknhardwear","article_modified_time":"2024-09-02T07:44:40+00:00","og_image":[{"width":1000,"height":1000,"url":"https:\/\/www.kingknhardwear.com\/wp-content\/uploads\/2024\/09\/1678346501947-1.jpg","type":"image\/jpeg"}],"twitter_card":"summary_large_image","twitter_misc":{"Precio":"","Disponibilidad":"Disponible"},"schema":{"@context":"https:\/\/schema.org","@graph":[{"@type":"WebPage","@id":"https:\/\/www.kingknhardwear.com\/product\/kitchen-cabinet-extendable-rail-table-soft-closing-slim-aluminium-drawer-system-metal-tendom-box-drawer-slide-%e5%a4%8d%e5%88%b6-3\/","url":"https:\/\/www.kingknhardwear.com\/product\/kitchen-cabinet-extendable-rail-table-soft-closing-slim-aluminium-drawer-system-metal-tendom-box-drawer-slide-%e5%a4%8d%e5%88%b6-3\/","name":"18 Drawer Slides Full Extension Soft Close Drawer Slides Heavy Duty Drawer Slides for Kitchen 100 LB Capacity - kingknhardwear","isPartOf":{"@id":"https:\/\/www.kingknhardwear.com\/#website"},"primaryImageOfPage":{"@id":"https:\/\/www.kingknhardwear.com\/product\/kitchen-cabinet-extendable-rail-table-soft-closing-slim-aluminium-drawer-system-metal-tendom-box-drawer-slide-%e5%a4%8d%e5%88%b6-3\/#primaryimage"},"image":{"@id":"https:\/\/www.kingknhardwear.com\/product\/kitchen-cabinet-extendable-rail-table-soft-closing-slim-aluminium-drawer-system-metal-tendom-box-drawer-slide-%e5%a4%8d%e5%88%b6-3\/#primaryimage"},"thumbnailUrl":"https:\/\/www.kingknhardwear.com\/wp-content\/uploads\/2024\/09\/1678346501947-1.jpg","datePublished":"2024-06-05T07:10:59+00:00","dateModified":"2024-09-02T07:44:40+00:00","breadcrumb":{"@id":"https:\/\/www.kingknhardwear.com\/product\/kitchen-cabinet-extendable-rail-table-soft-closing-slim-aluminium-drawer-system-metal-tendom-box-drawer-slide-%e5%a4%8d%e5%88%b6-3\/#breadcrumb"},"inLanguage":"es","potentialAction":[{"@type":"ReadAction","target":["https:\/\/www.kingknhardwear.com\/product\/kitchen-cabinet-extendable-rail-table-soft-closing-slim-aluminium-drawer-system-metal-tendom-box-drawer-slide-%e5%a4%8d%e5%88%b6-3\/"]}]},{"@type":"ImageObject","inLanguage":"es","@id":"https:\/\/www.kingknhardwear.com\/product\/kitchen-cabinet-extendable-rail-table-soft-closing-slim-aluminium-drawer-system-metal-tendom-box-drawer-slide-%e5%a4%8d%e5%88%b6-3\/#primaryimage","url":"https:\/\/www.kingknhardwear.com\/wp-content\/uploads\/2024\/09\/1678346501947-1.jpg","contentUrl":"https:\/\/www.kingknhardwear.com\/wp-content\/uploads\/2024\/09\/1678346501947-1.jpg","width":1000,"height":1000},{"@type":"BreadcrumbList","@id":"https:\/\/www.kingknhardwear.com\/product\/kitchen-cabinet-extendable-rail-table-soft-closing-slim-aluminium-drawer-system-metal-tendom-box-drawer-slide-%e5%a4%8d%e5%88%b6-3\/#breadcrumb","itemListElement":[{"@type":"ListItem","position":1,"name":"Home","item":"https:\/\/www.kingknhardwear.com\/"},{"@type":"ListItem","position":2,"name":"product","item":"https:\/\/www.kingknhardwear.com\/product\/"},{"@type":"ListItem","position":3,"name":"18 Drawer Slides Full Extension Soft Close Drawer Slides Heavy Duty Drawer Slides for Kitchen 100 LB Capacity"}]},{"@type":"WebSite","@id":"https:\/\/www.kingknhardwear.com\/#website","url":"https:\/\/www.kingknhardwear.com\/","name":"kingknhardwear","description":"A Quality Choice for Home Furniture","publisher":{"@id":"https:\/\/www.kingknhardwear.com\/#organization"},"potentialAction":[{"@type":"SearchAction","target":{"@type":"EntryPoint","urlTemplate":"https:\/\/www.kingknhardwear.com\/?s={search_term_string}"},"query-input":"required name=search_term_string"}],"inLanguage":"es"},{"@type":["Organization","Place"],"@id":"https:\/\/www.kingknhardwear.com\/#organization","name":"kingknhardwear","url":"https:\/\/www.kingknhardwear.com\/","logo":{"@id":"https:\/\/www.kingknhardwear.com\/product\/kitchen-cabinet-extendable-rail-table-soft-closing-slim-aluminium-drawer-system-metal-tendom-box-drawer-slide-%e5%a4%8d%e5%88%b6-3\/#local-main-organization-logo"},"image":{"@id":"https:\/\/www.kingknhardwear.com\/product\/kitchen-cabinet-extendable-rail-table-soft-closing-slim-aluminium-drawer-system-metal-tendom-box-drawer-slide-%e5%a4%8d%e5%88%b6-3\/#local-main-organization-logo"},"telephone":[],"openingHoursSpecification":[{"@type":"OpeningHoursSpecification","dayOfWeek":["Monday","Tuesday","Wednesday","Thursday","Friday","Saturday","Sunday"],"opens":"09:00","closes":"17:00"}]},{"@type":"ImageObject","inLanguage":"es","@id":"https:\/\/www.kingknhardwear.com\/product\/kitchen-cabinet-extendable-rail-table-soft-closing-slim-aluminium-drawer-system-metal-tendom-box-drawer-slide-%e5%a4%8d%e5%88%b6-3\/#local-main-organization-logo","url":"https:\/\/www.kingknhardwear.com\/wp-content\/uploads\/2024\/05\/logo312.png","contentUrl":"https:\/\/www.kingknhardwear.com\/wp-content\/uploads\/2024\/05\/logo312.png","width":350,"height":100,"caption":"kingknhardwear"}]},"product_price_amount":"0.00","product_price_currency":"CNY","og_availability":"instock","product_availability":"instock","product_retailer_item_id":"kitchen-cabinet-extendable-rail-table-soft-closing-slim-aluminium-drawer-system-metal-tendom-box-drawer-slide","product_condition":"new"},"jetpack_sharing_enabled":true,"_links":{"self":[{"href":"https:\/\/www.kingknhardwear.com\/es\/wp-json\/wp\/v2\/product\/336"}],"collection":[{"href":"https:\/\/www.kingknhardwear.com\/es\/wp-json\/wp\/v2\/product"}],"about":[{"href":"https:\/\/www.kingknhardwear.com\/es\/wp-json\/wp\/v2\/types\/product"}],"replies":[{"embeddable":true,"href":"https:\/\/www.kingknhardwear.com\/es\/wp-json\/wp\/v2\/comments?post=336"}],"wp:featuredmedia":[{"embeddable":true,"href":"https:\/\/www.kingknhardwear.com\/es\/wp-json\/wp\/v2\/media\/689"}],"wp:attachment":[{"href":"https:\/\/www.kingknhardwear.com\/es\/wp-json\/wp\/v2\/media?parent=336"}],"wp:term":[{"taxonomy":"product_cat","embeddable":true,"href":"https:\/\/www.kingknhardwear.com\/es\/wp-json\/wp\/v2\/product_cat?post=336"},{"taxonomy":"product_tag","embeddable":true,"href":"https:\/\/www.kingknhardwear.com\/es\/wp-json\/wp\/v2\/product_tag?post=336"}],"curies":[{"name":"wp","href":"https:\/\/api.w.org\/{rel}","templated":true}]}}