{"id":727,"date":"2024-09-19T01:27:46","date_gmt":"2024-09-19T01:27:46","guid":{"rendered":"https:\/\/www.kingknhardwear.com\/?post_type=product&#038;p=727"},"modified":"2024-09-19T08:19:00","modified_gmt":"2024-09-19T08:19:00","slug":"wholesale-hydraulic-concealed-door-hinge-kitchen-folding-table-stainless-steel-furniture-soft-close-cabinet-door-hinge","status":"publish","type":"product","link":"https:\/\/www.kingknhardwear.com\/es\/producto\/wholesale-hydraulic-concealed-door-hinge-kitchen-folding-table-stainless-steel-furniture-soft-close-cabinet-door-hinge\/","title":{"rendered":"Venta al por mayor Hidr\u00e1ulica Bisagra de puerta oculta Cocina Mesa plegable Muebles de acero inoxidable Soft Close Bisagra de puerta de armario"},"content":{"rendered":"<figure class=\"wp-block-image size-full\"><img fetchpriority=\"high\" decoding=\"async\" width=\"804\" height=\"806\" src=\"https:\/\/www.kingknhardwear.com\/wp-content\/uploads\/2024\/09\/H172c672af77c4a5e93ef98c1089bcb29w-1.avif\" alt=\"\" class=\"wp-image-734\" srcset=\"https:\/\/www.kingknhardwear.com\/wp-content\/uploads\/2024\/09\/H172c672af77c4a5e93ef98c1089bcb29w-1.avif 804w, https:\/\/www.kingknhardwear.com\/wp-content\/uploads\/2024\/09\/H172c672af77c4a5e93ef98c1089bcb29w-1-300x300.avif 300w, https:\/\/www.kingknhardwear.com\/wp-content\/uploads\/2024\/09\/H172c672af77c4a5e93ef98c1089bcb29w-1-150x150.avif 150w, https:\/\/www.kingknhardwear.com\/wp-content\/uploads\/2024\/09\/H172c672af77c4a5e93ef98c1089bcb29w-1-768x770.avif 768w, https:\/\/www.kingknhardwear.com\/wp-content\/uploads\/2024\/09\/H172c672af77c4a5e93ef98c1089bcb29w-1-12x12.avif 12w, https:\/\/www.kingknhardwear.com\/wp-content\/uploads\/2024\/09\/H172c672af77c4a5e93ef98c1089bcb29w-1-600x601.avif 600w, https:\/\/www.kingknhardwear.com\/wp-content\/uploads\/2024\/09\/H172c672af77c4a5e93ef98c1089bcb29w-1-100x100.avif 100w\" sizes=\"(max-width: 804px) 100vw, 804px\" \/><\/figure>\n\n\n\n<figure class=\"wp-block-image size-full\"><img decoding=\"async\" width=\"800\" height=\"800\" src=\"https:\/\/www.kingknhardwear.com\/wp-content\/uploads\/2024\/09\/Hdc332612006740899e7e859e220c71a79.avif\" alt=\"\" class=\"wp-image-735\" srcset=\"https:\/\/www.kingknhardwear.com\/wp-content\/uploads\/2024\/09\/Hdc332612006740899e7e859e220c71a79.avif 800w, https:\/\/www.kingknhardwear.com\/wp-content\/uploads\/2024\/09\/Hdc332612006740899e7e859e220c71a79-300x300.avif 300w, https:\/\/www.kingknhardwear.com\/wp-content\/uploads\/2024\/09\/Hdc332612006740899e7e859e220c71a79-150x150.avif 150w, https:\/\/www.kingknhardwear.com\/wp-content\/uploads\/2024\/09\/Hdc332612006740899e7e859e220c71a79-768x768.avif 768w, https:\/\/www.kingknhardwear.com\/wp-content\/uploads\/2024\/09\/Hdc332612006740899e7e859e220c71a79-12x12.avif 12w, https:\/\/www.kingknhardwear.com\/wp-content\/uploads\/2024\/09\/Hdc332612006740899e7e859e220c71a79-600x600.avif 600w, https:\/\/www.kingknhardwear.com\/wp-content\/uploads\/2024\/09\/Hdc332612006740899e7e859e220c71a79-100x100.avif 100w\" sizes=\"(max-width: 800px) 100vw, 800px\" \/><\/figure>","protected":false},"excerpt":{"rendered":"<p>BISAGRAS DE GABINETE DE COCINA DE SUPERPOSICI\u00d3N COMPLETA DE 5\/8\u2033 PULGADAS : Ajustable a 1\/2\u2033 con una brecha. Vienen con placas Clip-on, tornillos a juego, y 3-D para asegurar un ajuste perfecto para su cocina y cuarto de ba\u00f1o.<br \/>BISAGRAS PARA PUERTAS DE ARMARIO DE CIERRE SUAVE : Las bisagras ocultas del armario incluyen amortiguadores incorporados que permiten el cierre suave del armario antes de cerrarse completamente con suavidad. Seguro y silencioso. \u00a1Se acabaron los portazos!<br \/>SUPERIOR 3-WAY AJUSTABLE: Estos 35 mm de tama\u00f1o de la taza, 5\/8\u2033 bisagras del gabinete de superposici\u00f3n son 3-D ajustable para facilitar la instalaci\u00f3n y cuentan con un suave \u00e1ngulo de apertura de 105 \u00b0 grados, asegurando que su cuarto de ba\u00f1o y puertas de los armarios de cocina se alinean correctamente y se abren y cierran lento sin problemas.<br \/>ACABADO DE ACERO INOXIDABLE DE GRAN RESISTENCIA: Gracias al metal de acero de alta calidad y al mecanismo de amortiguaci\u00f3n de cierre suave incorporado en la puerta del armario, nuestras bisagras de cierre suave con un rendimiento y una durabilidad probados 50.000 veces durar\u00e1n toda la vida.<br \/>100% SATISFACCI\u00d3N GARANTIZADA: Devuelva las bisagras de puerta de cierre suave para su reemplazo o reembolso en 90 d\u00edas. Las opciones de las bisagras a granel est\u00e1n disponibles, ponen al d\u00eda sus gabinetes con la bisagra suave fuerte, confiable del gabinete del cierre de chascar \"agregan al carro\" ahora.<\/p>","protected":false},"featured_media":728,"comment_status":"open","ping_status":"closed","template":"","meta":[],"product_cat":[17],"product_tag":[],"yoast_head":"<!-- This site is optimized with the Yoast SEO Premium plugin v23.3 (Yoast SEO v22.8) - https:\/\/yoast.com\/wordpress\/plugins\/seo\/ -->\n<title>Wholesale Hydraulic Concealed Door hinge Kitchen Folding Table Stainless Steel Furniture Soft Close Cabinet Door Hinge - kingknhardwear<\/title>\n<meta name=\"robots\" content=\"noindex, follow, max-snippet:-1, max-image-preview:large, max-video-preview:-1\" \/>\n<meta property=\"og:locale\" content=\"es_MX\" \/>\n<meta property=\"og:type\" content=\"article\" \/>\n<meta property=\"og:title\" content=\"Wholesale Hydraulic Concealed Door hinge Kitchen Folding Table Stainless Steel Furniture Soft Close Cabinet Door Hinge - kingknhardwear\" \/>\n<meta property=\"og:description\" content=\"5\/8&quot; INCH FULL OVERLAY KITCHEN CABINET HINGES : Adjustable to 1\/2&quot; with a gap. Come with Clip-on Plates, matching screws, and 3-D to ensure a perfect fit for your kitchen and bathroom.SOFT CLOSE CABINET DOOR HINGES : The hidden cabinet hinges include built-in dampers that allow the cabinet soft close before completely closing gently. Safe and quiet. No more slamming cabinet doors!SUPERIOR 3-WAY ADJUSTABLE: These 35 mm cup size, 5\/8&quot; overlay cabinet hinges are 3-D adjustable for easier installation and boast a smooth 105\u00b0 degree opening angle, ensuring that your bathroom and kitchen cabinet doors align correctly and open and slow close smoothly.HEAVY-DUTY STAINLESS STEEL FINISH: Thanks to the high-quality steel metal and built-in soft close cabinet door damper mechanism, our soft close hinges with 50,000 times tested for performance and durability to last a lifetime.100% SATISFACTION GUARANTEED: Return soft close door hinges for replacement or refund in 90 days. Bulk hinges options are available, update your cabinets with strong, reliable soft close cabinet hinge from by clicking \u2018Add to Cart\u2019 now.\" \/>\n<meta property=\"og:url\" content=\"https:\/\/www.kingknhardwear.com\/es\/producto\/wholesale-hydraulic-concealed-door-hinge-kitchen-folding-table-stainless-steel-furniture-soft-close-cabinet-door-hinge\/\" \/>\n<meta property=\"og:site_name\" content=\"kingknhardwear\" \/>\n<meta property=\"article:modified_time\" content=\"2024-09-19T08:19:00+00:00\" \/>\n<meta property=\"og:image\" content=\"https:\/\/www.kingknhardwear.com\/wp-content\/uploads\/2024\/09\/Detail-01.jpg\" \/>\n\t<meta property=\"og:image:width\" content=\"750\" \/>\n\t<meta property=\"og:image:height\" content=\"750\" \/>\n\t<meta property=\"og:image:type\" content=\"image\/jpeg\" \/>\n<meta name=\"twitter:card\" content=\"summary_large_image\" \/>\n<meta name=\"twitter:label1\" content=\"Precio\" \/>\n\t<meta name=\"twitter:data1\" content=\"\" \/>\n\t<meta name=\"twitter:label2\" content=\"Disponibilidad\" \/>\n\t<meta name=\"twitter:data2\" content=\"Disponible\" \/>\n<script type=\"application\/ld+json\" class=\"yoast-schema-graph\">{\"@context\":\"https:\/\/schema.org\",\"@graph\":[{\"@type\":\"WebPage\",\"@id\":\"https:\/\/www.kingknhardwear.com\/product\/wholesale-hydraulic-concealed-door-hinge-kitchen-folding-table-stainless-steel-furniture-soft-close-cabinet-door-hinge\/\",\"url\":\"https:\/\/www.kingknhardwear.com\/product\/wholesale-hydraulic-concealed-door-hinge-kitchen-folding-table-stainless-steel-furniture-soft-close-cabinet-door-hinge\/\",\"name\":\"Wholesale Hydraulic Concealed Door hinge Kitchen Folding Table Stainless Steel Furniture Soft Close Cabinet Door Hinge - kingknhardwear\",\"isPartOf\":{\"@id\":\"https:\/\/www.kingknhardwear.com\/#website\"},\"primaryImageOfPage\":{\"@id\":\"https:\/\/www.kingknhardwear.com\/product\/wholesale-hydraulic-concealed-door-hinge-kitchen-folding-table-stainless-steel-furniture-soft-close-cabinet-door-hinge\/#primaryimage\"},\"image\":{\"@id\":\"https:\/\/www.kingknhardwear.com\/product\/wholesale-hydraulic-concealed-door-hinge-kitchen-folding-table-stainless-steel-furniture-soft-close-cabinet-door-hinge\/#primaryimage\"},\"thumbnailUrl\":\"https:\/\/www.kingknhardwear.com\/wp-content\/uploads\/2024\/09\/Detail-01.jpg\",\"datePublished\":\"2024-09-19T01:27:46+00:00\",\"dateModified\":\"2024-09-19T08:19:00+00:00\",\"breadcrumb\":{\"@id\":\"https:\/\/www.kingknhardwear.com\/product\/wholesale-hydraulic-concealed-door-hinge-kitchen-folding-table-stainless-steel-furniture-soft-close-cabinet-door-hinge\/#breadcrumb\"},\"inLanguage\":\"es\",\"potentialAction\":[{\"@type\":\"ReadAction\",\"target\":[\"https:\/\/www.kingknhardwear.com\/product\/wholesale-hydraulic-concealed-door-hinge-kitchen-folding-table-stainless-steel-furniture-soft-close-cabinet-door-hinge\/\"]}]},{\"@type\":\"ImageObject\",\"inLanguage\":\"es\",\"@id\":\"https:\/\/www.kingknhardwear.com\/product\/wholesale-hydraulic-concealed-door-hinge-kitchen-folding-table-stainless-steel-furniture-soft-close-cabinet-door-hinge\/#primaryimage\",\"url\":\"https:\/\/www.kingknhardwear.com\/wp-content\/uploads\/2024\/09\/Detail-01.jpg\",\"contentUrl\":\"https:\/\/www.kingknhardwear.com\/wp-content\/uploads\/2024\/09\/Detail-01.jpg\",\"width\":750,\"height\":750},{\"@type\":\"BreadcrumbList\",\"@id\":\"https:\/\/www.kingknhardwear.com\/product\/wholesale-hydraulic-concealed-door-hinge-kitchen-folding-table-stainless-steel-furniture-soft-close-cabinet-door-hinge\/#breadcrumb\",\"itemListElement\":[{\"@type\":\"ListItem\",\"position\":1,\"name\":\"Home\",\"item\":\"https:\/\/www.kingknhardwear.com\/\"},{\"@type\":\"ListItem\",\"position\":2,\"name\":\"product\",\"item\":\"https:\/\/www.kingknhardwear.com\/product\/\"},{\"@type\":\"ListItem\",\"position\":3,\"name\":\"Wholesale Hydraulic Concealed Door hinge Kitchen Folding Table Stainless Steel Furniture Soft Close Cabinet Door Hinge\"}]},{\"@type\":\"WebSite\",\"@id\":\"https:\/\/www.kingknhardwear.com\/#website\",\"url\":\"https:\/\/www.kingknhardwear.com\/\",\"name\":\"kingknhardwear\",\"description\":\"A Quality Choice for Home Furniture\",\"publisher\":{\"@id\":\"https:\/\/www.kingknhardwear.com\/#organization\"},\"potentialAction\":[{\"@type\":\"SearchAction\",\"target\":{\"@type\":\"EntryPoint\",\"urlTemplate\":\"https:\/\/www.kingknhardwear.com\/?s={search_term_string}\"},\"query-input\":\"required name=search_term_string\"}],\"inLanguage\":\"es\"},{\"@type\":[\"Organization\",\"Place\"],\"@id\":\"https:\/\/www.kingknhardwear.com\/#organization\",\"name\":\"kingknhardwear\",\"url\":\"https:\/\/www.kingknhardwear.com\/\",\"logo\":{\"@id\":\"https:\/\/www.kingknhardwear.com\/product\/wholesale-hydraulic-concealed-door-hinge-kitchen-folding-table-stainless-steel-furniture-soft-close-cabinet-door-hinge\/#local-main-organization-logo\"},\"image\":{\"@id\":\"https:\/\/www.kingknhardwear.com\/product\/wholesale-hydraulic-concealed-door-hinge-kitchen-folding-table-stainless-steel-furniture-soft-close-cabinet-door-hinge\/#local-main-organization-logo\"},\"telephone\":[],\"openingHoursSpecification\":[{\"@type\":\"OpeningHoursSpecification\",\"dayOfWeek\":[\"Monday\",\"Tuesday\",\"Wednesday\",\"Thursday\",\"Friday\",\"Saturday\",\"Sunday\"],\"opens\":\"09:00\",\"closes\":\"17:00\"}]},{\"@type\":\"ImageObject\",\"inLanguage\":\"es\",\"@id\":\"https:\/\/www.kingknhardwear.com\/product\/wholesale-hydraulic-concealed-door-hinge-kitchen-folding-table-stainless-steel-furniture-soft-close-cabinet-door-hinge\/#local-main-organization-logo\",\"url\":\"https:\/\/www.kingknhardwear.com\/wp-content\/uploads\/2024\/05\/logo312.png\",\"contentUrl\":\"https:\/\/www.kingknhardwear.com\/wp-content\/uploads\/2024\/05\/logo312.png\",\"width\":350,\"height\":100,\"caption\":\"kingknhardwear\"}]}<\/script>\n<meta property=\"product:price:amount\" content=\"0.00\" \/>\n<meta property=\"product:price:currency\" content=\"CNY\" \/>\n<meta property=\"og:availability\" content=\"instock\" \/>\n<meta property=\"product:availability\" content=\"instock\" \/>\n<meta property=\"product:retailer_item_id\" content=\"wholesale-hydraulic-concealed-door-hinge-kitchen-folding-table-stainless-steel-furniture-soft-close-cabinet-door-hinge\" \/>\n<meta property=\"product:condition\" content=\"new\" \/>\n<!-- \/ Yoast SEO Premium plugin. -->","yoast_head_json":{"title":"Wholesale Hydraulic Concealed Door hinge Kitchen Folding Table Stainless Steel Furniture Soft Close Cabinet Door Hinge - kingknhardwear","robots":{"index":"noindex","follow":"follow","max-snippet":"max-snippet:-1","max-image-preview":"max-image-preview:large","max-video-preview":"max-video-preview:-1"},"og_locale":"es_MX","og_type":"article","og_title":"Wholesale Hydraulic Concealed Door hinge Kitchen Folding Table Stainless Steel Furniture Soft Close Cabinet Door Hinge - kingknhardwear","og_description":"5\/8\" INCH FULL OVERLAY KITCHEN CABINET HINGES : Adjustable to 1\/2\" with a gap. Come with Clip-on Plates, matching screws, and 3-D to ensure a perfect fit for your kitchen and bathroom.SOFT CLOSE CABINET DOOR HINGES : The hidden cabinet hinges include built-in dampers that allow the cabinet soft close before completely closing gently. Safe and quiet. No more slamming cabinet doors!SUPERIOR 3-WAY ADJUSTABLE: These 35 mm cup size, 5\/8\" overlay cabinet hinges are 3-D adjustable for easier installation and boast a smooth 105\u00b0 degree opening angle, ensuring that your bathroom and kitchen cabinet doors align correctly and open and slow close smoothly.HEAVY-DUTY STAINLESS STEEL FINISH: Thanks to the high-quality steel metal and built-in soft close cabinet door damper mechanism, our soft close hinges with 50,000 times tested for performance and durability to last a lifetime.100% SATISFACTION GUARANTEED: Return soft close door hinges for replacement or refund in 90 days. Bulk hinges options are available, update your cabinets with strong, reliable soft close cabinet hinge from by clicking \u2018Add to Cart\u2019 now.","og_url":"https:\/\/www.kingknhardwear.com\/es\/producto\/wholesale-hydraulic-concealed-door-hinge-kitchen-folding-table-stainless-steel-furniture-soft-close-cabinet-door-hinge\/","og_site_name":"kingknhardwear","article_modified_time":"2024-09-19T08:19:00+00:00","og_image":[{"width":750,"height":750,"url":"https:\/\/www.kingknhardwear.com\/wp-content\/uploads\/2024\/09\/Detail-01.jpg","type":"image\/jpeg"}],"twitter_card":"summary_large_image","twitter_misc":{"Precio":"","Disponibilidad":"Disponible"},"schema":{"@context":"https:\/\/schema.org","@graph":[{"@type":"WebPage","@id":"https:\/\/www.kingknhardwear.com\/product\/wholesale-hydraulic-concealed-door-hinge-kitchen-folding-table-stainless-steel-furniture-soft-close-cabinet-door-hinge\/","url":"https:\/\/www.kingknhardwear.com\/product\/wholesale-hydraulic-concealed-door-hinge-kitchen-folding-table-stainless-steel-furniture-soft-close-cabinet-door-hinge\/","name":"Wholesale Hydraulic Concealed Door hinge Kitchen Folding Table Stainless Steel Furniture Soft Close Cabinet Door Hinge - kingknhardwear","isPartOf":{"@id":"https:\/\/www.kingknhardwear.com\/#website"},"primaryImageOfPage":{"@id":"https:\/\/www.kingknhardwear.com\/product\/wholesale-hydraulic-concealed-door-hinge-kitchen-folding-table-stainless-steel-furniture-soft-close-cabinet-door-hinge\/#primaryimage"},"image":{"@id":"https:\/\/www.kingknhardwear.com\/product\/wholesale-hydraulic-concealed-door-hinge-kitchen-folding-table-stainless-steel-furniture-soft-close-cabinet-door-hinge\/#primaryimage"},"thumbnailUrl":"https:\/\/www.kingknhardwear.com\/wp-content\/uploads\/2024\/09\/Detail-01.jpg","datePublished":"2024-09-19T01:27:46+00:00","dateModified":"2024-09-19T08:19:00+00:00","breadcrumb":{"@id":"https:\/\/www.kingknhardwear.com\/product\/wholesale-hydraulic-concealed-door-hinge-kitchen-folding-table-stainless-steel-furniture-soft-close-cabinet-door-hinge\/#breadcrumb"},"inLanguage":"es","potentialAction":[{"@type":"ReadAction","target":["https:\/\/www.kingknhardwear.com\/product\/wholesale-hydraulic-concealed-door-hinge-kitchen-folding-table-stainless-steel-furniture-soft-close-cabinet-door-hinge\/"]}]},{"@type":"ImageObject","inLanguage":"es","@id":"https:\/\/www.kingknhardwear.com\/product\/wholesale-hydraulic-concealed-door-hinge-kitchen-folding-table-stainless-steel-furniture-soft-close-cabinet-door-hinge\/#primaryimage","url":"https:\/\/www.kingknhardwear.com\/wp-content\/uploads\/2024\/09\/Detail-01.jpg","contentUrl":"https:\/\/www.kingknhardwear.com\/wp-content\/uploads\/2024\/09\/Detail-01.jpg","width":750,"height":750},{"@type":"BreadcrumbList","@id":"https:\/\/www.kingknhardwear.com\/product\/wholesale-hydraulic-concealed-door-hinge-kitchen-folding-table-stainless-steel-furniture-soft-close-cabinet-door-hinge\/#breadcrumb","itemListElement":[{"@type":"ListItem","position":1,"name":"Home","item":"https:\/\/www.kingknhardwear.com\/"},{"@type":"ListItem","position":2,"name":"product","item":"https:\/\/www.kingknhardwear.com\/product\/"},{"@type":"ListItem","position":3,"name":"Wholesale Hydraulic Concealed Door hinge Kitchen Folding Table Stainless Steel Furniture Soft Close Cabinet Door Hinge"}]},{"@type":"WebSite","@id":"https:\/\/www.kingknhardwear.com\/#website","url":"https:\/\/www.kingknhardwear.com\/","name":"kingknhardwear","description":"A Quality Choice for Home Furniture","publisher":{"@id":"https:\/\/www.kingknhardwear.com\/#organization"},"potentialAction":[{"@type":"SearchAction","target":{"@type":"EntryPoint","urlTemplate":"https:\/\/www.kingknhardwear.com\/?s={search_term_string}"},"query-input":"required name=search_term_string"}],"inLanguage":"es"},{"@type":["Organization","Place"],"@id":"https:\/\/www.kingknhardwear.com\/#organization","name":"kingknhardwear","url":"https:\/\/www.kingknhardwear.com\/","logo":{"@id":"https:\/\/www.kingknhardwear.com\/product\/wholesale-hydraulic-concealed-door-hinge-kitchen-folding-table-stainless-steel-furniture-soft-close-cabinet-door-hinge\/#local-main-organization-logo"},"image":{"@id":"https:\/\/www.kingknhardwear.com\/product\/wholesale-hydraulic-concealed-door-hinge-kitchen-folding-table-stainless-steel-furniture-soft-close-cabinet-door-hinge\/#local-main-organization-logo"},"telephone":[],"openingHoursSpecification":[{"@type":"OpeningHoursSpecification","dayOfWeek":["Monday","Tuesday","Wednesday","Thursday","Friday","Saturday","Sunday"],"opens":"09:00","closes":"17:00"}]},{"@type":"ImageObject","inLanguage":"es","@id":"https:\/\/www.kingknhardwear.com\/product\/wholesale-hydraulic-concealed-door-hinge-kitchen-folding-table-stainless-steel-furniture-soft-close-cabinet-door-hinge\/#local-main-organization-logo","url":"https:\/\/www.kingknhardwear.com\/wp-content\/uploads\/2024\/05\/logo312.png","contentUrl":"https:\/\/www.kingknhardwear.com\/wp-content\/uploads\/2024\/05\/logo312.png","width":350,"height":100,"caption":"kingknhardwear"}]},"product_price_amount":"0.00","product_price_currency":"CNY","og_availability":"instock","product_availability":"instock","product_retailer_item_id":"wholesale-hydraulic-concealed-door-hinge-kitchen-folding-table-stainless-steel-furniture-soft-close-cabinet-door-hinge","product_condition":"new"},"jetpack_sharing_enabled":true,"_links":{"self":[{"href":"https:\/\/www.kingknhardwear.com\/es\/wp-json\/wp\/v2\/product\/727"}],"collection":[{"href":"https:\/\/www.kingknhardwear.com\/es\/wp-json\/wp\/v2\/product"}],"about":[{"href":"https:\/\/www.kingknhardwear.com\/es\/wp-json\/wp\/v2\/types\/product"}],"replies":[{"embeddable":true,"href":"https:\/\/www.kingknhardwear.com\/es\/wp-json\/wp\/v2\/comments?post=727"}],"wp:featuredmedia":[{"embeddable":true,"href":"https:\/\/www.kingknhardwear.com\/es\/wp-json\/wp\/v2\/media\/728"}],"wp:attachment":[{"href":"https:\/\/www.kingknhardwear.com\/es\/wp-json\/wp\/v2\/media?parent=727"}],"wp:term":[{"taxonomy":"product_cat","embeddable":true,"href":"https:\/\/www.kingknhardwear.com\/es\/wp-json\/wp\/v2\/product_cat?post=727"},{"taxonomy":"product_tag","embeddable":true,"href":"https:\/\/www.kingknhardwear.com\/es\/wp-json\/wp\/v2\/product_tag?post=727"}],"curies":[{"name":"wp","href":"https:\/\/api.w.org\/{rel}","templated":true}]}}