{"id":737,"date":"2024-09-19T07:52:12","date_gmt":"2024-09-19T07:52:12","guid":{"rendered":"https:\/\/www.kingknhardwear.com\/?post_type=product&#038;p=737"},"modified":"2024-09-19T08:18:32","modified_gmt":"2024-09-19T08:18:32","slug":"furniture-dresser-cabinet-drawer-metal-handles-kitchen-zinc-pull-gold-cabinet-closet-wardrobe-cupboard-knob-pull","status":"publish","type":"product","link":"https:\/\/www.kingknhardwear.com\/es\/producto\/furniture-dresser-cabinet-drawer-metal-handles-kitchen-zinc-pull-gold-cabinet-closet-wardrobe-cupboard-knob-pull\/","title":{"rendered":"muebles c\u00f3moda caj\u00f3n caj\u00f3n de metal maneja cocina zinc tirar de oro armario armario armario perilla tirar"},"content":{"rendered":"<figure class=\"wp-block-image size-full\"><img fetchpriority=\"high\" decoding=\"async\" width=\"960\" height=\"900\" src=\"https:\/\/www.kingknhardwear.com\/wp-content\/uploads\/2024\/09\/4-1.png\" alt=\"\" class=\"wp-image-745\" srcset=\"https:\/\/www.kingknhardwear.com\/wp-content\/uploads\/2024\/09\/4-1.png 960w, https:\/\/www.kingknhardwear.com\/wp-content\/uploads\/2024\/09\/4-1-300x281.png 300w, https:\/\/www.kingknhardwear.com\/wp-content\/uploads\/2024\/09\/4-1-768x720.png 768w, https:\/\/www.kingknhardwear.com\/wp-content\/uploads\/2024\/09\/4-1-13x12.png 13w, https:\/\/www.kingknhardwear.com\/wp-content\/uploads\/2024\/09\/4-1-600x563.png 600w\" sizes=\"(max-width: 960px) 100vw, 960px\" \/><\/figure>\n\n\n\n<figure class=\"wp-block-image size-large is-resized\"><img decoding=\"async\" width=\"758\" height=\"1024\" src=\"https:\/\/www.kingknhardwear.com\/wp-content\/uploads\/2024\/09\/5-1-758x1024.png\" alt=\"\" class=\"wp-image-746\" style=\"width:840px;height:auto\" srcset=\"https:\/\/www.kingknhardwear.com\/wp-content\/uploads\/2024\/09\/5-1-758x1024.png 758w, https:\/\/www.kingknhardwear.com\/wp-content\/uploads\/2024\/09\/5-1-222x300.png 222w, https:\/\/www.kingknhardwear.com\/wp-content\/uploads\/2024\/09\/5-1-768x1038.png 768w, https:\/\/www.kingknhardwear.com\/wp-content\/uploads\/2024\/09\/5-1-9x12.png 9w, https:\/\/www.kingknhardwear.com\/wp-content\/uploads\/2024\/09\/5-1-600x811.png 600w, https:\/\/www.kingknhardwear.com\/wp-content\/uploads\/2024\/09\/5-1.png 960w\" sizes=\"(max-width: 758px) 100vw, 758px\" \/><\/figure>","protected":false},"excerpt":{"rendered":"<ul class=\"a-unordered-list a-vertical a-spacing-mini\" style=\"margin-left: 18px;, Arial, sans-serif;font-size: 14px\">\n<li class=\"a-spacing-mini\" style=\"margin-bottom: 0px\"><span class=\"a-list-item\">MEDIDAS:4 pulgadas de centro a centro con 6-2\/5 en longitud total.<\/span><\/li>\n<li class=\"a-spacing-mini\" style=\"margin-bottom: 0px\"><span class=\"a-list-item\">SERVICIO PERFECTO: Garant\u00eda de devoluci\u00f3n de dinero, si hay alg\u00fan problema por favor no dude en contactar con nosotros, le devolveremos cada centavo de su dinero o le daremos un reemplazo.<\/span><\/li>\n<li class=\"a-spacing-mini\" style=\"margin-bottom: 0px\"><span class=\"a-list-item\">MATERIAL Y ACABADO:N\u00edquel cepillado gabinete maneja de acero inoxidable de alta calidad con acabado de n\u00edquel cepillado, que son de construcci\u00f3n hueca, ligero pero fuerte y duradero.<\/span><\/li>\n<li class=\"a-spacing-mini\" style=\"margin-bottom: 0px\"><span class=\"a-list-item\">EL PAQUETE INCLUYE: Emparejado con tornillos est\u00e1ndar (1 pulgada y 1,77 pulgadas) por handlles. Cada tir\u00f3n es individualmente envuelto y embolsado para proteger el hermoso color.<\/span><\/li>\n<li class=\"a-spacing-mini\" style=\"margin-bottom: 0px\"><span class=\"a-list-item\">ENCAJA PERFECTAMENTE: los tiradores de n\u00edquel para armarios se integran perfectamente en la habitaci\u00f3n, en lugar de sobresalir visualmente, y pueden ser la clave del dise\u00f1o.<\/span><\/li>\n<\/ul>","protected":false},"featured_media":738,"comment_status":"open","ping_status":"closed","template":"","meta":[],"product_cat":[15,56],"product_tag":[],"yoast_head":"<!-- This site is optimized with the Yoast SEO Premium plugin v23.3 (Yoast SEO v22.8) - https:\/\/yoast.com\/wordpress\/plugins\/seo\/ -->\n<title>furniture dresser cabinet drawer metal handles kitchen zinc pull gold cabinet closet wardrobe cupboard knob pull - kingknhardwear<\/title>\n<meta name=\"robots\" content=\"noindex, follow, max-snippet:-1, max-image-preview:large, max-video-preview:-1\" \/>\n<meta property=\"og:locale\" content=\"es_MX\" \/>\n<meta property=\"og:type\" content=\"article\" \/>\n<meta property=\"og:title\" content=\"furniture dresser cabinet drawer metal handles kitchen zinc pull gold cabinet closet wardrobe cupboard knob pull - kingknhardwear\" \/>\n<meta property=\"og:description\" content=\"MEASUREMENTS:4 inch Center to Center with 6-2\/5 in Overall Length.PERFECT SERVICE: Money back guarantee, if there&#039;s any problem please feel free to contact us, we will refund every penny of your money or give you a replacement.MATERIAL &amp; FINISHED:Brushed Nickel cabinet handles made of high quality Stainless Steel with Brushed Nickel finished,they are hollow construction,lightweight but strong and durable.PACKAGE INCLUDE: Matched with standard screws(1 inch &amp; 1.77 inch) per handlles. Every pull is individually wrapped and bagged to protect the beautiful color.FITS PERFECTLY: homdiy nickel cabinet handles blend in rather than jumping out visually in the room and they can be a very key in bringing the design together.\" \/>\n<meta property=\"og:url\" content=\"https:\/\/www.kingknhardwear.com\/es\/producto\/furniture-dresser-cabinet-drawer-metal-handles-kitchen-zinc-pull-gold-cabinet-closet-wardrobe-cupboard-knob-pull\/\" \/>\n<meta property=\"og:site_name\" content=\"kingknhardwear\" \/>\n<meta property=\"article:modified_time\" content=\"2024-09-19T08:18:32+00:00\" \/>\n<meta property=\"og:image\" content=\"https:\/\/www.kingknhardwear.com\/wp-content\/uploads\/2024\/09\/1.png\" \/>\n\t<meta property=\"og:image:width\" content=\"1000\" \/>\n\t<meta property=\"og:image:height\" content=\"1000\" \/>\n\t<meta property=\"og:image:type\" content=\"image\/png\" \/>\n<meta name=\"twitter:card\" content=\"summary_large_image\" \/>\n<meta name=\"twitter:label1\" content=\"Precio\" \/>\n\t<meta name=\"twitter:data1\" content=\"\" \/>\n\t<meta name=\"twitter:label2\" content=\"Disponibilidad\" \/>\n\t<meta name=\"twitter:data2\" content=\"Disponible\" \/>\n<script type=\"application\/ld+json\" class=\"yoast-schema-graph\">{\"@context\":\"https:\/\/schema.org\",\"@graph\":[{\"@type\":\"WebPage\",\"@id\":\"https:\/\/www.kingknhardwear.com\/product\/furniture-dresser-cabinet-drawer-metal-handles-kitchen-zinc-pull-gold-cabinet-closet-wardrobe-cupboard-knob-pull\/\",\"url\":\"https:\/\/www.kingknhardwear.com\/product\/furniture-dresser-cabinet-drawer-metal-handles-kitchen-zinc-pull-gold-cabinet-closet-wardrobe-cupboard-knob-pull\/\",\"name\":\"furniture dresser cabinet drawer metal handles kitchen zinc pull gold cabinet closet wardrobe cupboard knob pull - kingknhardwear\",\"isPartOf\":{\"@id\":\"https:\/\/www.kingknhardwear.com\/#website\"},\"primaryImageOfPage\":{\"@id\":\"https:\/\/www.kingknhardwear.com\/product\/furniture-dresser-cabinet-drawer-metal-handles-kitchen-zinc-pull-gold-cabinet-closet-wardrobe-cupboard-knob-pull\/#primaryimage\"},\"image\":{\"@id\":\"https:\/\/www.kingknhardwear.com\/product\/furniture-dresser-cabinet-drawer-metal-handles-kitchen-zinc-pull-gold-cabinet-closet-wardrobe-cupboard-knob-pull\/#primaryimage\"},\"thumbnailUrl\":\"https:\/\/www.kingknhardwear.com\/wp-content\/uploads\/2024\/09\/1.png\",\"datePublished\":\"2024-09-19T07:52:12+00:00\",\"dateModified\":\"2024-09-19T08:18:32+00:00\",\"breadcrumb\":{\"@id\":\"https:\/\/www.kingknhardwear.com\/product\/furniture-dresser-cabinet-drawer-metal-handles-kitchen-zinc-pull-gold-cabinet-closet-wardrobe-cupboard-knob-pull\/#breadcrumb\"},\"inLanguage\":\"es\",\"potentialAction\":[{\"@type\":\"ReadAction\",\"target\":[\"https:\/\/www.kingknhardwear.com\/product\/furniture-dresser-cabinet-drawer-metal-handles-kitchen-zinc-pull-gold-cabinet-closet-wardrobe-cupboard-knob-pull\/\"]}]},{\"@type\":\"ImageObject\",\"inLanguage\":\"es\",\"@id\":\"https:\/\/www.kingknhardwear.com\/product\/furniture-dresser-cabinet-drawer-metal-handles-kitchen-zinc-pull-gold-cabinet-closet-wardrobe-cupboard-knob-pull\/#primaryimage\",\"url\":\"https:\/\/www.kingknhardwear.com\/wp-content\/uploads\/2024\/09\/1.png\",\"contentUrl\":\"https:\/\/www.kingknhardwear.com\/wp-content\/uploads\/2024\/09\/1.png\",\"width\":1000,\"height\":1000},{\"@type\":\"BreadcrumbList\",\"@id\":\"https:\/\/www.kingknhardwear.com\/product\/furniture-dresser-cabinet-drawer-metal-handles-kitchen-zinc-pull-gold-cabinet-closet-wardrobe-cupboard-knob-pull\/#breadcrumb\",\"itemListElement\":[{\"@type\":\"ListItem\",\"position\":1,\"name\":\"Home\",\"item\":\"https:\/\/www.kingknhardwear.com\/\"},{\"@type\":\"ListItem\",\"position\":2,\"name\":\"product\",\"item\":\"https:\/\/www.kingknhardwear.com\/product\/\"},{\"@type\":\"ListItem\",\"position\":3,\"name\":\"furniture dresser cabinet drawer metal handles kitchen zinc pull gold cabinet closet wardrobe cupboard knob pull\"}]},{\"@type\":\"WebSite\",\"@id\":\"https:\/\/www.kingknhardwear.com\/#website\",\"url\":\"https:\/\/www.kingknhardwear.com\/\",\"name\":\"kingknhardwear\",\"description\":\"A Quality Choice for Home Furniture\",\"publisher\":{\"@id\":\"https:\/\/www.kingknhardwear.com\/#organization\"},\"potentialAction\":[{\"@type\":\"SearchAction\",\"target\":{\"@type\":\"EntryPoint\",\"urlTemplate\":\"https:\/\/www.kingknhardwear.com\/?s={search_term_string}\"},\"query-input\":\"required name=search_term_string\"}],\"inLanguage\":\"es\"},{\"@type\":[\"Organization\",\"Place\"],\"@id\":\"https:\/\/www.kingknhardwear.com\/#organization\",\"name\":\"kingknhardwear\",\"url\":\"https:\/\/www.kingknhardwear.com\/\",\"logo\":{\"@id\":\"https:\/\/www.kingknhardwear.com\/product\/furniture-dresser-cabinet-drawer-metal-handles-kitchen-zinc-pull-gold-cabinet-closet-wardrobe-cupboard-knob-pull\/#local-main-organization-logo\"},\"image\":{\"@id\":\"https:\/\/www.kingknhardwear.com\/product\/furniture-dresser-cabinet-drawer-metal-handles-kitchen-zinc-pull-gold-cabinet-closet-wardrobe-cupboard-knob-pull\/#local-main-organization-logo\"},\"telephone\":[],\"openingHoursSpecification\":[{\"@type\":\"OpeningHoursSpecification\",\"dayOfWeek\":[\"Monday\",\"Tuesday\",\"Wednesday\",\"Thursday\",\"Friday\",\"Saturday\",\"Sunday\"],\"opens\":\"09:00\",\"closes\":\"17:00\"}]},{\"@type\":\"ImageObject\",\"inLanguage\":\"es\",\"@id\":\"https:\/\/www.kingknhardwear.com\/product\/furniture-dresser-cabinet-drawer-metal-handles-kitchen-zinc-pull-gold-cabinet-closet-wardrobe-cupboard-knob-pull\/#local-main-organization-logo\",\"url\":\"https:\/\/www.kingknhardwear.com\/wp-content\/uploads\/2024\/05\/logo312.png\",\"contentUrl\":\"https:\/\/www.kingknhardwear.com\/wp-content\/uploads\/2024\/05\/logo312.png\",\"width\":350,\"height\":100,\"caption\":\"kingknhardwear\"}]}<\/script>\n<meta property=\"product:price:amount\" content=\"0.00\" \/>\n<meta property=\"product:price:currency\" content=\"CNY\" \/>\n<meta property=\"og:availability\" content=\"instock\" \/>\n<meta property=\"product:availability\" content=\"instock\" \/>\n<meta property=\"product:retailer_item_id\" content=\"furniture-dresser-cabinet-drawer-metal-handles-kitchen-zinc-pull-gold-cabinet-closet-wardrobe-cupboard-knob-pull\" \/>\n<meta property=\"product:condition\" content=\"new\" \/>\n<!-- \/ Yoast SEO Premium plugin. -->","yoast_head_json":{"title":"furniture dresser cabinet drawer metal handles kitchen zinc pull gold cabinet closet wardrobe cupboard knob pull - kingknhardwear","robots":{"index":"noindex","follow":"follow","max-snippet":"max-snippet:-1","max-image-preview":"max-image-preview:large","max-video-preview":"max-video-preview:-1"},"og_locale":"es_MX","og_type":"article","og_title":"furniture dresser cabinet drawer metal handles kitchen zinc pull gold cabinet closet wardrobe cupboard knob pull - kingknhardwear","og_description":"MEASUREMENTS:4 inch Center to Center with 6-2\/5 in Overall Length.PERFECT SERVICE: Money back guarantee, if there's any problem please feel free to contact us, we will refund every penny of your money or give you a replacement.MATERIAL &amp; FINISHED:Brushed Nickel cabinet handles made of high quality Stainless Steel with Brushed Nickel finished,they are hollow construction,lightweight but strong and durable.PACKAGE INCLUDE: Matched with standard screws(1 inch &amp; 1.77 inch) per handlles. Every pull is individually wrapped and bagged to protect the beautiful color.FITS PERFECTLY: homdiy nickel cabinet handles blend in rather than jumping out visually in the room and they can be a very key in bringing the design together.","og_url":"https:\/\/www.kingknhardwear.com\/es\/producto\/furniture-dresser-cabinet-drawer-metal-handles-kitchen-zinc-pull-gold-cabinet-closet-wardrobe-cupboard-knob-pull\/","og_site_name":"kingknhardwear","article_modified_time":"2024-09-19T08:18:32+00:00","og_image":[{"width":1000,"height":1000,"url":"https:\/\/www.kingknhardwear.com\/wp-content\/uploads\/2024\/09\/1.png","type":"image\/png"}],"twitter_card":"summary_large_image","twitter_misc":{"Precio":"","Disponibilidad":"Disponible"},"schema":{"@context":"https:\/\/schema.org","@graph":[{"@type":"WebPage","@id":"https:\/\/www.kingknhardwear.com\/product\/furniture-dresser-cabinet-drawer-metal-handles-kitchen-zinc-pull-gold-cabinet-closet-wardrobe-cupboard-knob-pull\/","url":"https:\/\/www.kingknhardwear.com\/product\/furniture-dresser-cabinet-drawer-metal-handles-kitchen-zinc-pull-gold-cabinet-closet-wardrobe-cupboard-knob-pull\/","name":"furniture dresser cabinet drawer metal handles kitchen zinc pull gold cabinet closet wardrobe cupboard knob pull - kingknhardwear","isPartOf":{"@id":"https:\/\/www.kingknhardwear.com\/#website"},"primaryImageOfPage":{"@id":"https:\/\/www.kingknhardwear.com\/product\/furniture-dresser-cabinet-drawer-metal-handles-kitchen-zinc-pull-gold-cabinet-closet-wardrobe-cupboard-knob-pull\/#primaryimage"},"image":{"@id":"https:\/\/www.kingknhardwear.com\/product\/furniture-dresser-cabinet-drawer-metal-handles-kitchen-zinc-pull-gold-cabinet-closet-wardrobe-cupboard-knob-pull\/#primaryimage"},"thumbnailUrl":"https:\/\/www.kingknhardwear.com\/wp-content\/uploads\/2024\/09\/1.png","datePublished":"2024-09-19T07:52:12+00:00","dateModified":"2024-09-19T08:18:32+00:00","breadcrumb":{"@id":"https:\/\/www.kingknhardwear.com\/product\/furniture-dresser-cabinet-drawer-metal-handles-kitchen-zinc-pull-gold-cabinet-closet-wardrobe-cupboard-knob-pull\/#breadcrumb"},"inLanguage":"es","potentialAction":[{"@type":"ReadAction","target":["https:\/\/www.kingknhardwear.com\/product\/furniture-dresser-cabinet-drawer-metal-handles-kitchen-zinc-pull-gold-cabinet-closet-wardrobe-cupboard-knob-pull\/"]}]},{"@type":"ImageObject","inLanguage":"es","@id":"https:\/\/www.kingknhardwear.com\/product\/furniture-dresser-cabinet-drawer-metal-handles-kitchen-zinc-pull-gold-cabinet-closet-wardrobe-cupboard-knob-pull\/#primaryimage","url":"https:\/\/www.kingknhardwear.com\/wp-content\/uploads\/2024\/09\/1.png","contentUrl":"https:\/\/www.kingknhardwear.com\/wp-content\/uploads\/2024\/09\/1.png","width":1000,"height":1000},{"@type":"BreadcrumbList","@id":"https:\/\/www.kingknhardwear.com\/product\/furniture-dresser-cabinet-drawer-metal-handles-kitchen-zinc-pull-gold-cabinet-closet-wardrobe-cupboard-knob-pull\/#breadcrumb","itemListElement":[{"@type":"ListItem","position":1,"name":"Home","item":"https:\/\/www.kingknhardwear.com\/"},{"@type":"ListItem","position":2,"name":"product","item":"https:\/\/www.kingknhardwear.com\/product\/"},{"@type":"ListItem","position":3,"name":"furniture dresser cabinet drawer metal handles kitchen zinc pull gold cabinet closet wardrobe cupboard knob pull"}]},{"@type":"WebSite","@id":"https:\/\/www.kingknhardwear.com\/#website","url":"https:\/\/www.kingknhardwear.com\/","name":"kingknhardwear","description":"A Quality Choice for Home Furniture","publisher":{"@id":"https:\/\/www.kingknhardwear.com\/#organization"},"potentialAction":[{"@type":"SearchAction","target":{"@type":"EntryPoint","urlTemplate":"https:\/\/www.kingknhardwear.com\/?s={search_term_string}"},"query-input":"required name=search_term_string"}],"inLanguage":"es"},{"@type":["Organization","Place"],"@id":"https:\/\/www.kingknhardwear.com\/#organization","name":"kingknhardwear","url":"https:\/\/www.kingknhardwear.com\/","logo":{"@id":"https:\/\/www.kingknhardwear.com\/product\/furniture-dresser-cabinet-drawer-metal-handles-kitchen-zinc-pull-gold-cabinet-closet-wardrobe-cupboard-knob-pull\/#local-main-organization-logo"},"image":{"@id":"https:\/\/www.kingknhardwear.com\/product\/furniture-dresser-cabinet-drawer-metal-handles-kitchen-zinc-pull-gold-cabinet-closet-wardrobe-cupboard-knob-pull\/#local-main-organization-logo"},"telephone":[],"openingHoursSpecification":[{"@type":"OpeningHoursSpecification","dayOfWeek":["Monday","Tuesday","Wednesday","Thursday","Friday","Saturday","Sunday"],"opens":"09:00","closes":"17:00"}]},{"@type":"ImageObject","inLanguage":"es","@id":"https:\/\/www.kingknhardwear.com\/product\/furniture-dresser-cabinet-drawer-metal-handles-kitchen-zinc-pull-gold-cabinet-closet-wardrobe-cupboard-knob-pull\/#local-main-organization-logo","url":"https:\/\/www.kingknhardwear.com\/wp-content\/uploads\/2024\/05\/logo312.png","contentUrl":"https:\/\/www.kingknhardwear.com\/wp-content\/uploads\/2024\/05\/logo312.png","width":350,"height":100,"caption":"kingknhardwear"}]},"product_price_amount":"0.00","product_price_currency":"CNY","og_availability":"instock","product_availability":"instock","product_retailer_item_id":"furniture-dresser-cabinet-drawer-metal-handles-kitchen-zinc-pull-gold-cabinet-closet-wardrobe-cupboard-knob-pull","product_condition":"new"},"jetpack_sharing_enabled":true,"_links":{"self":[{"href":"https:\/\/www.kingknhardwear.com\/es\/wp-json\/wp\/v2\/product\/737"}],"collection":[{"href":"https:\/\/www.kingknhardwear.com\/es\/wp-json\/wp\/v2\/product"}],"about":[{"href":"https:\/\/www.kingknhardwear.com\/es\/wp-json\/wp\/v2\/types\/product"}],"replies":[{"embeddable":true,"href":"https:\/\/www.kingknhardwear.com\/es\/wp-json\/wp\/v2\/comments?post=737"}],"wp:featuredmedia":[{"embeddable":true,"href":"https:\/\/www.kingknhardwear.com\/es\/wp-json\/wp\/v2\/media\/738"}],"wp:attachment":[{"href":"https:\/\/www.kingknhardwear.com\/es\/wp-json\/wp\/v2\/media?parent=737"}],"wp:term":[{"taxonomy":"product_cat","embeddable":true,"href":"https:\/\/www.kingknhardwear.com\/es\/wp-json\/wp\/v2\/product_cat?post=737"},{"taxonomy":"product_tag","embeddable":true,"href":"https:\/\/www.kingknhardwear.com\/es\/wp-json\/wp\/v2\/product_tag?post=737"}],"curies":[{"name":"wp","href":"https:\/\/api.w.org\/{rel}","templated":true}]}}