{"id":765,"date":"2024-09-20T06:34:55","date_gmt":"2024-09-20T06:34:55","guid":{"rendered":"https:\/\/www.kingknhardwear.com\/?post_type=product&#038;p=765"},"modified":"2024-09-20T07:21:59","modified_gmt":"2024-09-20T07:21:59","slug":"brushed-nickel-solid-aluminium-interior-door-handle-modern-home-lever-door-lock-handle-set-for-door-hardware","status":"publish","type":"product","link":"https:\/\/www.kingknhardwear.com\/es\/producto\/brushed-nickel-solid-aluminium-interior-door-handle-modern-home-lever-door-lock-handle-set-for-door-hardware\/","title":{"rendered":"n\u00edquel cepillado de aluminio s\u00f3lido manija de la puerta interior de la casa moderna cerradura de la puerta de palanca conjunto de hardware de la puerta"},"content":{"rendered":"<p style=\"font-size:18px\"><strong>Caracter\u00edsticas:<\/strong><\/p>\n\n\n\n<ul>\n<li>Se ajusta a todas las preparaciones de puerta est\u00e1ndar<\/li>\n\n\n\n<li>F\u00e1cil instalaci\u00f3n para un proyecto de una sola persona<\/li>\n\n\n\n<li>Los tornillos interiores est\u00e1n expuestos<\/li>\n\n\n\n<li>ANSI\/BHMA A156.2, 2011, Grado 2<\/li>\n\n\n\n<li>La palanca reversible permite utilizarla como palanca derecha o izquierda<\/li>\n\n\n\n<li>Placas frontales (pieza 16-080): Se suministra con placas frontales de 1\/4\u2033 de esquina redonda y para empotrar.<\/li>\n\n\n\n<li>Placas de cierre (pieza 10-027): Se suministra con un cerradero redondo con dimensiones de 2-1\/4\u2033 x 1-5\/8\u2033.<\/li>\n\n\n\n<li>Garant\u00eda mec\u00e1nica y de acabado de por vida (la garant\u00eda de acabado no incluye el Bronce al aceite porque es un acabado vivo y se patinar\u00e1 con el tiempo).<\/li>\n\n\n\n<li>Conformidad con la ADA<\/li>\n<\/ul>\n\n\n\n<p style=\"font-size:18px\"><strong>Especificaciones:<\/strong><\/p>\n\n\n\n<ul>\n<li>Retroceso: Ajustable a 2-3\/8\u2033 o 2-3\/4\u2033.<\/li>\n\n\n\n<li>Di\u00e1metro transversal: 2-1\/8\u2033<\/li>\n\n\n\n<li>Agujero del borde: 7\/8\u2033<\/li>\n\n\n\n<li>Espesor de la puerta: 1-3\/8\u2033 o 1-3\/4\u2033.<\/li>\n\n\n\n<li>Mano: Izquierda, Derecha, Reversible<\/li>\n\n\n\n<li>Longitud de la palanca: 4-1\/8\u2033.<\/li>\n\n\n\n<li>Proyecci\u00f3n: 2-1\/4\u2033<\/li>\n\n\n\n<li>Peso del producto: 1,55 libras<\/li>\n<\/ul>\n\n\n\n<p><\/p>","protected":false},"excerpt":{"rendered":"<p>BLOQUEO PRIVADO: Util\u00edcelo en puertas que requieran privacidad, puede bloquearse en el interior con un bot\u00f3n giratorio y desbloquearse en el exterior con la herramienta de desbloqueo suministrada. Recomendado para dormitorios y cuartos de ba\u00f1o<br \/>PALANCA REVERSIBLE DE F\u00c1CIL INSTALACI\u00d3N: H\u00e1galo usted mismo, se instala en minutos con s\u00f3lo un destornillador. Manilla reversible para puertas diestras o zurdas, se proporcionan instrucciones detalladas.<br \/>SE ADAPTA A PUERTAS EST\u00c1NDAR: Se adapta a puertas de tama\u00f1o est\u00e1ndar de 1\/4\u2033 de grosor, el retroceso del pestillo se ajusta a 2-3\/8\u2033 o 2-3\/4\u2033 con solo un giro durante la instalaci\u00f3n.<br \/>CALIDAD CONFIABLE CERTIFICADA: La seguridad, la durabilidad y el acabado cuentan con la certificaci\u00f3n BHMA de grado 3, dise\u00f1ada para ofrecer una protecci\u00f3n fiable y proporcionar tranquilidad en el hogar.<br \/>PROTECCI\u00d3N MICROBAN: los herrajes de las puertas est\u00e1n tratados con Microban, lo que ofrece una potente protecci\u00f3n del producto que es 99,9% m\u00e1s limpio que una superficie sin protecci\u00f3n.<br \/>LA CAJA INCLUYE: Palanca de privacidad, picaporte ajustable con opciones de frente redondo y cuadrado o collar\u00edn de entrada, cerradero de esquina redonda, roseta, tornillos y llave Allen.<br \/>PROTECCI\u00d3N DE GARANT\u00cdA: Nuestros productos est\u00e1n respaldados por una garant\u00eda mec\u00e1nica y de acabado de por vida con un gran servicio de atenci\u00f3n al cliente, consulte la garant\u00eda para obtener m\u00e1s detalles<\/p>","protected":false},"featured_media":767,"comment_status":"open","ping_status":"closed","template":"","meta":[],"product_cat":[56],"product_tag":[],"yoast_head":"<!-- This site is optimized with the Yoast SEO Premium plugin v23.3 (Yoast SEO v22.8) - https:\/\/yoast.com\/wordpress\/plugins\/seo\/ -->\n<title>brushed nickel solid aluminium interior door handle modern home lever door lock handle set for door hardware - kingknhardwear<\/title>\n<meta name=\"robots\" content=\"noindex, follow, max-snippet:-1, max-image-preview:large, max-video-preview:-1\" \/>\n<meta property=\"og:locale\" content=\"es_MX\" \/>\n<meta property=\"og:type\" content=\"article\" \/>\n<meta property=\"og:title\" content=\"brushed nickel solid aluminium interior door handle modern home lever door lock handle set for door hardware - kingknhardwear\" \/>\n<meta property=\"og:description\" content=\"LOCKING PRIVACY: Use on doors requiring privacy, can be locked inside with a turn button and unlocked outside with provided release tool. Recommended for bedrooms and bathroomsEASY INSTALL REVERSIBLE LEVER: Do it yourself, installs in minutes with just a screwdriver. Reversible handle for left- or right-handed doors, detailed directions providedFITS STANDARD DOORS: Fits standard size doors 1\/4&quot; thick, latch backset adjusts to either 2-3\/8&quot; or 2-3\/4&quot; with just a twist during installationCERTIFIED TRUSTED QUALITY: Security, Durability and Finish are Grade 3 BHMA certified, designed for reliable protection, providing peace of mind at homeMICROBAN PROTECTION: door hardware is treated with Microban, this offers powerful product protection that is 99.9% cleaner than an unprotected surfaceBOX INCLUDES: Privacy lever, adjustable latch with round and square front options or drive-in collar, round corner strike, rosette, screws and Allen wrenchWARRANTY PROTECTION: Our products are backed by a lifetime mechanical and finish warranty with great customer service, see warranty for more details\" \/>\n<meta property=\"og:url\" content=\"https:\/\/www.kingknhardwear.com\/es\/producto\/brushed-nickel-solid-aluminium-interior-door-handle-modern-home-lever-door-lock-handle-set-for-door-hardware\/\" \/>\n<meta property=\"og:site_name\" content=\"kingknhardwear\" \/>\n<meta property=\"article:modified_time\" content=\"2024-09-20T07:21:59+00:00\" \/>\n<meta property=\"og:image\" content=\"https:\/\/www.kingknhardwear.com\/wp-content\/uploads\/2024\/09\/2-3.png\" \/>\n\t<meta property=\"og:image:width\" content=\"750\" \/>\n\t<meta property=\"og:image:height\" content=\"750\" \/>\n\t<meta property=\"og:image:type\" content=\"image\/png\" \/>\n<meta name=\"twitter:card\" content=\"summary_large_image\" \/>\n<meta name=\"twitter:label1\" content=\"Precio\" \/>\n\t<meta name=\"twitter:data1\" content=\"\" \/>\n\t<meta name=\"twitter:label2\" content=\"Disponibilidad\" \/>\n\t<meta name=\"twitter:data2\" content=\"Disponible\" \/>\n<script type=\"application\/ld+json\" class=\"yoast-schema-graph\">{\"@context\":\"https:\/\/schema.org\",\"@graph\":[{\"@type\":\"WebPage\",\"@id\":\"https:\/\/www.kingknhardwear.com\/product\/brushed-nickel-solid-aluminium-interior-door-handle-modern-home-lever-door-lock-handle-set-for-door-hardware\/\",\"url\":\"https:\/\/www.kingknhardwear.com\/product\/brushed-nickel-solid-aluminium-interior-door-handle-modern-home-lever-door-lock-handle-set-for-door-hardware\/\",\"name\":\"brushed nickel solid aluminium interior door handle modern home lever door lock handle set for door hardware - kingknhardwear\",\"isPartOf\":{\"@id\":\"https:\/\/www.kingknhardwear.com\/#website\"},\"primaryImageOfPage\":{\"@id\":\"https:\/\/www.kingknhardwear.com\/product\/brushed-nickel-solid-aluminium-interior-door-handle-modern-home-lever-door-lock-handle-set-for-door-hardware\/#primaryimage\"},\"image\":{\"@id\":\"https:\/\/www.kingknhardwear.com\/product\/brushed-nickel-solid-aluminium-interior-door-handle-modern-home-lever-door-lock-handle-set-for-door-hardware\/#primaryimage\"},\"thumbnailUrl\":\"https:\/\/www.kingknhardwear.com\/wp-content\/uploads\/2024\/09\/2-3.png\",\"datePublished\":\"2024-09-20T06:34:55+00:00\",\"dateModified\":\"2024-09-20T07:21:59+00:00\",\"breadcrumb\":{\"@id\":\"https:\/\/www.kingknhardwear.com\/product\/brushed-nickel-solid-aluminium-interior-door-handle-modern-home-lever-door-lock-handle-set-for-door-hardware\/#breadcrumb\"},\"inLanguage\":\"es\",\"potentialAction\":[{\"@type\":\"ReadAction\",\"target\":[\"https:\/\/www.kingknhardwear.com\/product\/brushed-nickel-solid-aluminium-interior-door-handle-modern-home-lever-door-lock-handle-set-for-door-hardware\/\"]}]},{\"@type\":\"ImageObject\",\"inLanguage\":\"es\",\"@id\":\"https:\/\/www.kingknhardwear.com\/product\/brushed-nickel-solid-aluminium-interior-door-handle-modern-home-lever-door-lock-handle-set-for-door-hardware\/#primaryimage\",\"url\":\"https:\/\/www.kingknhardwear.com\/wp-content\/uploads\/2024\/09\/2-3.png\",\"contentUrl\":\"https:\/\/www.kingknhardwear.com\/wp-content\/uploads\/2024\/09\/2-3.png\",\"width\":750,\"height\":750},{\"@type\":\"BreadcrumbList\",\"@id\":\"https:\/\/www.kingknhardwear.com\/product\/brushed-nickel-solid-aluminium-interior-door-handle-modern-home-lever-door-lock-handle-set-for-door-hardware\/#breadcrumb\",\"itemListElement\":[{\"@type\":\"ListItem\",\"position\":1,\"name\":\"Home\",\"item\":\"https:\/\/www.kingknhardwear.com\/\"},{\"@type\":\"ListItem\",\"position\":2,\"name\":\"product\",\"item\":\"https:\/\/www.kingknhardwear.com\/product\/\"},{\"@type\":\"ListItem\",\"position\":3,\"name\":\"brushed nickel solid aluminium interior door handle modern home lever door lock handle set for door hardware\"}]},{\"@type\":\"WebSite\",\"@id\":\"https:\/\/www.kingknhardwear.com\/#website\",\"url\":\"https:\/\/www.kingknhardwear.com\/\",\"name\":\"kingknhardwear\",\"description\":\"A Quality Choice for Home Furniture\",\"publisher\":{\"@id\":\"https:\/\/www.kingknhardwear.com\/#organization\"},\"potentialAction\":[{\"@type\":\"SearchAction\",\"target\":{\"@type\":\"EntryPoint\",\"urlTemplate\":\"https:\/\/www.kingknhardwear.com\/?s={search_term_string}\"},\"query-input\":\"required name=search_term_string\"}],\"inLanguage\":\"es\"},{\"@type\":[\"Organization\",\"Place\"],\"@id\":\"https:\/\/www.kingknhardwear.com\/#organization\",\"name\":\"kingknhardwear\",\"url\":\"https:\/\/www.kingknhardwear.com\/\",\"logo\":{\"@id\":\"https:\/\/www.kingknhardwear.com\/product\/brushed-nickel-solid-aluminium-interior-door-handle-modern-home-lever-door-lock-handle-set-for-door-hardware\/#local-main-organization-logo\"},\"image\":{\"@id\":\"https:\/\/www.kingknhardwear.com\/product\/brushed-nickel-solid-aluminium-interior-door-handle-modern-home-lever-door-lock-handle-set-for-door-hardware\/#local-main-organization-logo\"},\"telephone\":[],\"openingHoursSpecification\":[{\"@type\":\"OpeningHoursSpecification\",\"dayOfWeek\":[\"Monday\",\"Tuesday\",\"Wednesday\",\"Thursday\",\"Friday\",\"Saturday\",\"Sunday\"],\"opens\":\"09:00\",\"closes\":\"17:00\"}]},{\"@type\":\"ImageObject\",\"inLanguage\":\"es\",\"@id\":\"https:\/\/www.kingknhardwear.com\/product\/brushed-nickel-solid-aluminium-interior-door-handle-modern-home-lever-door-lock-handle-set-for-door-hardware\/#local-main-organization-logo\",\"url\":\"https:\/\/www.kingknhardwear.com\/wp-content\/uploads\/2024\/05\/logo312.png\",\"contentUrl\":\"https:\/\/www.kingknhardwear.com\/wp-content\/uploads\/2024\/05\/logo312.png\",\"width\":350,\"height\":100,\"caption\":\"kingknhardwear\"}]}<\/script>\n<meta property=\"product:price:amount\" content=\"0.00\" \/>\n<meta property=\"product:price:currency\" content=\"CNY\" \/>\n<meta property=\"og:availability\" content=\"instock\" \/>\n<meta property=\"product:availability\" content=\"instock\" \/>\n<meta property=\"product:retailer_item_id\" content=\"brushed-nickel-solid-aluminium-interior-door-handle-modern-home-lever-door-lock-handle-set-for-door-hardware\" \/>\n<meta property=\"product:condition\" content=\"new\" \/>\n<!-- \/ Yoast SEO Premium plugin. -->","yoast_head_json":{"title":"brushed nickel solid aluminium interior door handle modern home lever door lock handle set for door hardware - kingknhardwear","robots":{"index":"noindex","follow":"follow","max-snippet":"max-snippet:-1","max-image-preview":"max-image-preview:large","max-video-preview":"max-video-preview:-1"},"og_locale":"es_MX","og_type":"article","og_title":"brushed nickel solid aluminium interior door handle modern home lever door lock handle set for door hardware - kingknhardwear","og_description":"LOCKING PRIVACY: Use on doors requiring privacy, can be locked inside with a turn button and unlocked outside with provided release tool. Recommended for bedrooms and bathroomsEASY INSTALL REVERSIBLE LEVER: Do it yourself, installs in minutes with just a screwdriver. Reversible handle for left- or right-handed doors, detailed directions providedFITS STANDARD DOORS: Fits standard size doors 1\/4\" thick, latch backset adjusts to either 2-3\/8\" or 2-3\/4\" with just a twist during installationCERTIFIED TRUSTED QUALITY: Security, Durability and Finish are Grade 3 BHMA certified, designed for reliable protection, providing peace of mind at homeMICROBAN PROTECTION: door hardware is treated with Microban, this offers powerful product protection that is 99.9% cleaner than an unprotected surfaceBOX INCLUDES: Privacy lever, adjustable latch with round and square front options or drive-in collar, round corner strike, rosette, screws and Allen wrenchWARRANTY PROTECTION: Our products are backed by a lifetime mechanical and finish warranty with great customer service, see warranty for more details","og_url":"https:\/\/www.kingknhardwear.com\/es\/producto\/brushed-nickel-solid-aluminium-interior-door-handle-modern-home-lever-door-lock-handle-set-for-door-hardware\/","og_site_name":"kingknhardwear","article_modified_time":"2024-09-20T07:21:59+00:00","og_image":[{"width":750,"height":750,"url":"https:\/\/www.kingknhardwear.com\/wp-content\/uploads\/2024\/09\/2-3.png","type":"image\/png"}],"twitter_card":"summary_large_image","twitter_misc":{"Precio":"","Disponibilidad":"Disponible"},"schema":{"@context":"https:\/\/schema.org","@graph":[{"@type":"WebPage","@id":"https:\/\/www.kingknhardwear.com\/product\/brushed-nickel-solid-aluminium-interior-door-handle-modern-home-lever-door-lock-handle-set-for-door-hardware\/","url":"https:\/\/www.kingknhardwear.com\/product\/brushed-nickel-solid-aluminium-interior-door-handle-modern-home-lever-door-lock-handle-set-for-door-hardware\/","name":"brushed nickel solid aluminium interior door handle modern home lever door lock handle set for door hardware - kingknhardwear","isPartOf":{"@id":"https:\/\/www.kingknhardwear.com\/#website"},"primaryImageOfPage":{"@id":"https:\/\/www.kingknhardwear.com\/product\/brushed-nickel-solid-aluminium-interior-door-handle-modern-home-lever-door-lock-handle-set-for-door-hardware\/#primaryimage"},"image":{"@id":"https:\/\/www.kingknhardwear.com\/product\/brushed-nickel-solid-aluminium-interior-door-handle-modern-home-lever-door-lock-handle-set-for-door-hardware\/#primaryimage"},"thumbnailUrl":"https:\/\/www.kingknhardwear.com\/wp-content\/uploads\/2024\/09\/2-3.png","datePublished":"2024-09-20T06:34:55+00:00","dateModified":"2024-09-20T07:21:59+00:00","breadcrumb":{"@id":"https:\/\/www.kingknhardwear.com\/product\/brushed-nickel-solid-aluminium-interior-door-handle-modern-home-lever-door-lock-handle-set-for-door-hardware\/#breadcrumb"},"inLanguage":"es","potentialAction":[{"@type":"ReadAction","target":["https:\/\/www.kingknhardwear.com\/product\/brushed-nickel-solid-aluminium-interior-door-handle-modern-home-lever-door-lock-handle-set-for-door-hardware\/"]}]},{"@type":"ImageObject","inLanguage":"es","@id":"https:\/\/www.kingknhardwear.com\/product\/brushed-nickel-solid-aluminium-interior-door-handle-modern-home-lever-door-lock-handle-set-for-door-hardware\/#primaryimage","url":"https:\/\/www.kingknhardwear.com\/wp-content\/uploads\/2024\/09\/2-3.png","contentUrl":"https:\/\/www.kingknhardwear.com\/wp-content\/uploads\/2024\/09\/2-3.png","width":750,"height":750},{"@type":"BreadcrumbList","@id":"https:\/\/www.kingknhardwear.com\/product\/brushed-nickel-solid-aluminium-interior-door-handle-modern-home-lever-door-lock-handle-set-for-door-hardware\/#breadcrumb","itemListElement":[{"@type":"ListItem","position":1,"name":"Home","item":"https:\/\/www.kingknhardwear.com\/"},{"@type":"ListItem","position":2,"name":"product","item":"https:\/\/www.kingknhardwear.com\/product\/"},{"@type":"ListItem","position":3,"name":"brushed nickel solid aluminium interior door handle modern home lever door lock handle set for door hardware"}]},{"@type":"WebSite","@id":"https:\/\/www.kingknhardwear.com\/#website","url":"https:\/\/www.kingknhardwear.com\/","name":"kingknhardwear","description":"A Quality Choice for Home Furniture","publisher":{"@id":"https:\/\/www.kingknhardwear.com\/#organization"},"potentialAction":[{"@type":"SearchAction","target":{"@type":"EntryPoint","urlTemplate":"https:\/\/www.kingknhardwear.com\/?s={search_term_string}"},"query-input":"required name=search_term_string"}],"inLanguage":"es"},{"@type":["Organization","Place"],"@id":"https:\/\/www.kingknhardwear.com\/#organization","name":"kingknhardwear","url":"https:\/\/www.kingknhardwear.com\/","logo":{"@id":"https:\/\/www.kingknhardwear.com\/product\/brushed-nickel-solid-aluminium-interior-door-handle-modern-home-lever-door-lock-handle-set-for-door-hardware\/#local-main-organization-logo"},"image":{"@id":"https:\/\/www.kingknhardwear.com\/product\/brushed-nickel-solid-aluminium-interior-door-handle-modern-home-lever-door-lock-handle-set-for-door-hardware\/#local-main-organization-logo"},"telephone":[],"openingHoursSpecification":[{"@type":"OpeningHoursSpecification","dayOfWeek":["Monday","Tuesday","Wednesday","Thursday","Friday","Saturday","Sunday"],"opens":"09:00","closes":"17:00"}]},{"@type":"ImageObject","inLanguage":"es","@id":"https:\/\/www.kingknhardwear.com\/product\/brushed-nickel-solid-aluminium-interior-door-handle-modern-home-lever-door-lock-handle-set-for-door-hardware\/#local-main-organization-logo","url":"https:\/\/www.kingknhardwear.com\/wp-content\/uploads\/2024\/05\/logo312.png","contentUrl":"https:\/\/www.kingknhardwear.com\/wp-content\/uploads\/2024\/05\/logo312.png","width":350,"height":100,"caption":"kingknhardwear"}]},"product_price_amount":"0.00","product_price_currency":"CNY","og_availability":"instock","product_availability":"instock","product_retailer_item_id":"brushed-nickel-solid-aluminium-interior-door-handle-modern-home-lever-door-lock-handle-set-for-door-hardware","product_condition":"new"},"jetpack_sharing_enabled":true,"_links":{"self":[{"href":"https:\/\/www.kingknhardwear.com\/es\/wp-json\/wp\/v2\/product\/765"}],"collection":[{"href":"https:\/\/www.kingknhardwear.com\/es\/wp-json\/wp\/v2\/product"}],"about":[{"href":"https:\/\/www.kingknhardwear.com\/es\/wp-json\/wp\/v2\/types\/product"}],"replies":[{"embeddable":true,"href":"https:\/\/www.kingknhardwear.com\/es\/wp-json\/wp\/v2\/comments?post=765"}],"wp:featuredmedia":[{"embeddable":true,"href":"https:\/\/www.kingknhardwear.com\/es\/wp-json\/wp\/v2\/media\/767"}],"wp:attachment":[{"href":"https:\/\/www.kingknhardwear.com\/es\/wp-json\/wp\/v2\/media?parent=765"}],"wp:term":[{"taxonomy":"product_cat","embeddable":true,"href":"https:\/\/www.kingknhardwear.com\/es\/wp-json\/wp\/v2\/product_cat?post=765"},{"taxonomy":"product_tag","embeddable":true,"href":"https:\/\/www.kingknhardwear.com\/es\/wp-json\/wp\/v2\/product_tag?post=765"}],"curies":[{"name":"wp","href":"https:\/\/api.w.org\/{rel}","templated":true}]}}