{"id":776,"date":"2024-09-20T09:21:28","date_gmt":"2024-09-20T09:21:28","guid":{"rendered":"https:\/\/www.kingknhardwear.com\/?post_type=product&#038;p=776"},"modified":"2024-09-27T08:04:10","modified_gmt":"2024-09-27T08:04:10","slug":"classic-gold-european-style-designer-door-pull-handle-zinc-alloy-lever-door-handle-for-interior-door-copy","status":"publish","type":"product","link":"https:\/\/www.kingknhardwear.com\/es\/producto\/classic-gold-european-style-designer-door-pull-handle-zinc-alloy-lever-door-handle-for-interior-door-copy\/","title":{"rendered":"Fabricante negro moderno manija de la palanca de lujo tubo de acero inoxidable s\u00f3lido manija de la puerta del dormitorio para puertas interiores"},"content":{"rendered":"<figure class=\"wp-block-pullquote\"><blockquote><p><\/p><\/blockquote><\/figure>\n\n\n\n<h2 class=\"wp-block-heading\">Detalle del producto<\/h2>\n\n\n\n<ul>\n<li style=\"font-size:18px\"><strong>Caracter\u00edsticas:<\/strong><\/li>\n\n\n\n<li style=\"font-size:18px\"> Seguridad BHMA grado 2<\/li>\n\n\n\n<li style=\"font-size:18px\"> Fabricado con materiales de alta calidad para mayor resistencia y durabilidad<\/li>\n\n\n\n<li style=\"font-size:18px\"> Se instala f\u00e1cilmente con todos los accesorios de montaje necesarios incluidos<\/li>\n\n\n\n<li style=\"font-size:18px\"> Cubierto por una garant\u00eda limitada de por vida<\/li>\n\n\n\n<li style=\"font-size:18px\"> Palanca conforme a la ADA<\/li>\n\n\n\n<li style=\"font-size:18px\"><strong>Especificaciones:<\/strong><\/li>\n\n\n\n<li style=\"font-size:18px\"> Retroceso: Ajustable 2-3\/8\u2033 o 2-3\/4\u2033<\/li>\n\n\n\n<li style=\"font-size:18px\"> Di\u00e1metro transversal: 2-1\/8\u2033<\/li>\n\n\n\n<li style=\"font-size:18px\"> Agujero del borde: 1\u2033<\/li>\n\n\n\n<li style=\"font-size:18px\"> Espesor de la puerta: 1-3\/8\u2033 - 1-3\/4\u2033.<\/li>\n\n\n\n<li style=\"font-size:18px\"> Manejar: Reversible izquierda o derecha<\/li>\n\n\n\n<li style=\"font-size:18px\"> Longitud del mango: 4-1\/2\u2033.<\/li>\n\n\n\n<li style=\"font-size:18px\"> Proyecci\u00f3n del asa: 2-1\/4\u2033<\/li>\n\n\n\n<li style=\"font-size:18px\"> Ancho de corte: 2-3\/4\u2033.<\/li>\n\n\n\n<li style=\"font-size:18px\"> Altura de la moldura: 2-3\/4\u2033.<\/li>\n\n\n\n<li style=\"font-size:18px\"> Peso del producto: 1.55lb<\/li>\n\n\n\n<li style=\"font-size:18px\"> Placa frontal del pestillo: Esquina redonda<\/li>\n\n\n\n<li style=\"font-size:18px\"><strong>Enlaces adicionales de Schlage<\/strong> Ver la garant\u00eda del fabricante<\/li>\n<\/ul>\n\n\n\n<figure class=\"wp-block-image size-full\"><img fetchpriority=\"high\" decoding=\"async\" width=\"800\" height=\"676\" src=\"https:\/\/www.kingknhardwear.com\/wp-content\/uploads\/2024\/09\/1-4.png\" alt=\"\" class=\"wp-image-763\" srcset=\"https:\/\/www.kingknhardwear.com\/wp-content\/uploads\/2024\/09\/1-4.png 800w, https:\/\/www.kingknhardwear.com\/wp-content\/uploads\/2024\/09\/1-4-300x254.png 300w, https:\/\/www.kingknhardwear.com\/wp-content\/uploads\/2024\/09\/1-4-768x649.png 768w, https:\/\/www.kingknhardwear.com\/wp-content\/uploads\/2024\/09\/1-4-14x12.png 14w, https:\/\/www.kingknhardwear.com\/wp-content\/uploads\/2024\/09\/1-4-600x507.png 600w\" sizes=\"(max-width: 800px) 100vw, 800px\" \/><\/figure>","protected":false},"excerpt":{"rendered":"<p>BLOQUEO PRIVADO: Util\u00edcelo en puertas que requieran privacidad, puede bloquearse en el interior con un bot\u00f3n giratorio y desbloquearse en el exterior con la herramienta de desbloqueo suministrada. Recomendado para dormitorios y cuartos de ba\u00f1o<br \/>PALANCA REVERSIBLE DE F\u00c1CIL INSTALACI\u00d3N: H\u00e1galo usted mismo, se instala en minutos con s\u00f3lo un destornillador. Manilla reversible para puertas diestras o zurdas, se proporcionan instrucciones detalladas.<br \/>SE ADAPTA A PUERTAS EST\u00c1NDAR: Se adapta a puertas de tama\u00f1o est\u00e1ndar de 1-3\/8\u2033 a 1-3\/4\u2033 de grosor, el retroceso del pestillo se ajusta a 2-3\/8\u2033 o 2-3\/4\u2033 con solo un giro durante la instalaci\u00f3n.<br \/>CALIDAD CONFIABLE CERTIFICADA: La seguridad, la durabilidad y el acabado cuentan con la certificaci\u00f3n BHMA de grado 3, dise\u00f1ada para ofrecer una protecci\u00f3n fiable y proporcionar tranquilidad en el hogar.<br \/>PROTECCI\u00d3N MICROBAN: los herrajes de las puertas est\u00e1n tratados con Microban, lo que ofrece una potente protecci\u00f3n del producto que es 99,9% m\u00e1s limpio que una superficie sin protecci\u00f3n.<br \/>LA CAJA INCLUYE: Palanca de privacidad, picaporte ajustable con opciones de frente redondo y cuadrado o collar\u00edn de entrada, cerradero de esquina redonda, roseta, tornillos y llave Allen.<br \/>PROTECCI\u00d3N DE GARANT\u00cdA: Nuestros productos est\u00e1n respaldados por una garant\u00eda mec\u00e1nica y de acabado de por vida con un gran servicio de atenci\u00f3n al cliente, consulte la garant\u00eda para obtener m\u00e1s detalles<\/p>","protected":false},"featured_media":816,"comment_status":"open","ping_status":"closed","template":"","meta":[],"product_cat":[56],"product_tag":[],"yoast_head":"<!-- This site is optimized with the Yoast SEO Premium plugin v23.3 (Yoast SEO v22.8) - https:\/\/yoast.com\/wordpress\/plugins\/seo\/ -->\n<title>Manufacturer Modern Black Lever Handle Luxury Handle Tube Solid Stainless Steel Bedroom Door Handle for Interior Doors - kingknhardwear<\/title>\n<meta name=\"robots\" content=\"noindex, follow, max-snippet:-1, max-image-preview:large, max-video-preview:-1\" \/>\n<meta property=\"og:locale\" content=\"es_MX\" \/>\n<meta property=\"og:type\" content=\"article\" \/>\n<meta property=\"og:title\" content=\"Manufacturer Modern Black Lever Handle Luxury Handle Tube Solid Stainless Steel Bedroom Door Handle for Interior Doors - kingknhardwear\" \/>\n<meta property=\"og:description\" content=\"LOCKING PRIVACY: Use on doors requiring privacy, can be locked inside with a turn button and unlocked outside with provided release tool. Recommended for bedrooms and bathroomsEASY INSTALL REVERSIBLE LEVER: Do it yourself, installs in minutes with just a screwdriver. Reversible handle for left- or right-handed doors, detailed directions providedFITS STANDARD DOORS: Fits standard size doors 1-3\/8&quot; to 1-3\/4&quot; thick, latch backset adjusts to either 2-3\/8&quot; or 2-3\/4&quot; with just a twist during installationCERTIFIED TRUSTED QUALITY: Security, Durability and Finish are Grade 3 BHMA certified, designed for reliable protection, providing peace of mind at homeMICROBAN PROTECTION: door hardware is treated with Microban, this offers powerful product protection that is 99.9% cleaner than an unprotected surfaceBOX INCLUDES: Privacy lever, adjustable latch with round and square front options or drive-in collar, round corner strike, rosette, screws and Allen wrenchWARRANTY PROTECTION: Our products are backed by a lifetime mechanical and finish warranty with great customer service, see warranty for more details\" \/>\n<meta property=\"og:url\" content=\"https:\/\/www.kingknhardwear.com\/es\/producto\/classic-gold-european-style-designer-door-pull-handle-zinc-alloy-lever-door-handle-for-interior-door-copy\/\" \/>\n<meta property=\"og:site_name\" content=\"kingknhardwear\" \/>\n<meta property=\"article:modified_time\" content=\"2024-09-27T08:04:10+00:00\" \/>\n<meta property=\"og:image\" content=\"https:\/\/www.kingknhardwear.com\/wp-content\/uploads\/2024\/09\/\u4e3b\u56fe_002-1.jpeg\" \/>\n\t<meta property=\"og:image:width\" content=\"800\" \/>\n\t<meta property=\"og:image:height\" content=\"800\" \/>\n\t<meta property=\"og:image:type\" content=\"image\/jpeg\" \/>\n<meta name=\"twitter:card\" content=\"summary_large_image\" \/>\n<meta name=\"twitter:label1\" content=\"Disponibilidad\" \/>\n\t<meta name=\"twitter:data1\" content=\"Sin existencias\" \/>\n<script type=\"application\/ld+json\" class=\"yoast-schema-graph\">{\"@context\":\"https:\/\/schema.org\",\"@graph\":[{\"@type\":\"WebPage\",\"@id\":\"https:\/\/www.kingknhardwear.com\/product\/classic-gold-european-style-designer-door-pull-handle-zinc-alloy-lever-door-handle-for-interior-door-copy\/\",\"url\":\"https:\/\/www.kingknhardwear.com\/product\/classic-gold-european-style-designer-door-pull-handle-zinc-alloy-lever-door-handle-for-interior-door-copy\/\",\"name\":\"Manufacturer Modern Black Lever Handle Luxury Handle Tube Solid Stainless Steel Bedroom Door Handle for Interior Doors - kingknhardwear\",\"isPartOf\":{\"@id\":\"https:\/\/www.kingknhardwear.com\/#website\"},\"primaryImageOfPage\":{\"@id\":\"https:\/\/www.kingknhardwear.com\/product\/classic-gold-european-style-designer-door-pull-handle-zinc-alloy-lever-door-handle-for-interior-door-copy\/#primaryimage\"},\"image\":{\"@id\":\"https:\/\/www.kingknhardwear.com\/product\/classic-gold-european-style-designer-door-pull-handle-zinc-alloy-lever-door-handle-for-interior-door-copy\/#primaryimage\"},\"thumbnailUrl\":\"https:\/\/www.kingknhardwear.com\/wp-content\/uploads\/2024\/09\/\u4e3b\u56fe_001.png\",\"datePublished\":\"2024-09-20T09:21:28+00:00\",\"dateModified\":\"2024-09-27T08:04:10+00:00\",\"breadcrumb\":{\"@id\":\"https:\/\/www.kingknhardwear.com\/product\/classic-gold-european-style-designer-door-pull-handle-zinc-alloy-lever-door-handle-for-interior-door-copy\/#breadcrumb\"},\"inLanguage\":\"es\",\"potentialAction\":[{\"@type\":\"ReadAction\",\"target\":[\"https:\/\/www.kingknhardwear.com\/product\/classic-gold-european-style-designer-door-pull-handle-zinc-alloy-lever-door-handle-for-interior-door-copy\/\"]}]},{\"@type\":\"ImageObject\",\"inLanguage\":\"es\",\"@id\":\"https:\/\/www.kingknhardwear.com\/product\/classic-gold-european-style-designer-door-pull-handle-zinc-alloy-lever-door-handle-for-interior-door-copy\/#primaryimage\",\"url\":\"https:\/\/www.kingknhardwear.com\/wp-content\/uploads\/2024\/09\/\u4e3b\u56fe_001.png\",\"contentUrl\":\"https:\/\/www.kingknhardwear.com\/wp-content\/uploads\/2024\/09\/\u4e3b\u56fe_001.png\",\"width\":1000,\"height\":1000},{\"@type\":\"BreadcrumbList\",\"@id\":\"https:\/\/www.kingknhardwear.com\/product\/classic-gold-european-style-designer-door-pull-handle-zinc-alloy-lever-door-handle-for-interior-door-copy\/#breadcrumb\",\"itemListElement\":[{\"@type\":\"ListItem\",\"position\":1,\"name\":\"Home\",\"item\":\"https:\/\/www.kingknhardwear.com\/\"},{\"@type\":\"ListItem\",\"position\":2,\"name\":\"product\",\"item\":\"https:\/\/www.kingknhardwear.com\/product\/\"},{\"@type\":\"ListItem\",\"position\":3,\"name\":\"Manufacturer Modern Black Lever Handle Luxury Handle Tube Solid Stainless Steel Bedroom Door Handle for Interior Doors\"}]},{\"@type\":\"WebSite\",\"@id\":\"https:\/\/www.kingknhardwear.com\/#website\",\"url\":\"https:\/\/www.kingknhardwear.com\/\",\"name\":\"kingknhardwear\",\"description\":\"A Quality Choice for Home Furniture\",\"publisher\":{\"@id\":\"https:\/\/www.kingknhardwear.com\/#organization\"},\"potentialAction\":[{\"@type\":\"SearchAction\",\"target\":{\"@type\":\"EntryPoint\",\"urlTemplate\":\"https:\/\/www.kingknhardwear.com\/?s={search_term_string}\"},\"query-input\":\"required name=search_term_string\"}],\"inLanguage\":\"es\"},{\"@type\":[\"Organization\",\"Place\"],\"@id\":\"https:\/\/www.kingknhardwear.com\/#organization\",\"name\":\"kingknhardwear\",\"url\":\"https:\/\/www.kingknhardwear.com\/\",\"logo\":{\"@id\":\"https:\/\/www.kingknhardwear.com\/product\/classic-gold-european-style-designer-door-pull-handle-zinc-alloy-lever-door-handle-for-interior-door-copy\/#local-main-organization-logo\"},\"image\":{\"@id\":\"https:\/\/www.kingknhardwear.com\/product\/classic-gold-european-style-designer-door-pull-handle-zinc-alloy-lever-door-handle-for-interior-door-copy\/#local-main-organization-logo\"},\"telephone\":[],\"openingHoursSpecification\":[{\"@type\":\"OpeningHoursSpecification\",\"dayOfWeek\":[\"Monday\",\"Tuesday\",\"Wednesday\",\"Thursday\",\"Friday\",\"Saturday\",\"Sunday\"],\"opens\":\"09:00\",\"closes\":\"17:00\"}]},{\"@type\":\"ImageObject\",\"inLanguage\":\"es\",\"@id\":\"https:\/\/www.kingknhardwear.com\/product\/classic-gold-european-style-designer-door-pull-handle-zinc-alloy-lever-door-handle-for-interior-door-copy\/#local-main-organization-logo\",\"url\":\"https:\/\/www.kingknhardwear.com\/wp-content\/uploads\/2024\/05\/logo312.png\",\"contentUrl\":\"https:\/\/www.kingknhardwear.com\/wp-content\/uploads\/2024\/05\/logo312.png\",\"width\":350,\"height\":100,\"caption\":\"kingknhardwear\"}]}<\/script>\n<meta property=\"og:availability\" content=\"out of stock\" \/>\n<meta property=\"product:availability\" content=\"out of stock\" \/>\n<meta property=\"product:retailer_item_id\" content=\"classic-gold-european-style-designer-door-pull-handle-zinc-alloy-lever-door-handle-for-interior-door\" \/>\n<meta property=\"product:condition\" content=\"new\" \/>\n<!-- \/ Yoast SEO Premium plugin. -->","yoast_head_json":{"title":"Manufacturer Modern Black Lever Handle Luxury Handle Tube Solid Stainless Steel Bedroom Door Handle for Interior Doors - kingknhardwear","robots":{"index":"noindex","follow":"follow","max-snippet":"max-snippet:-1","max-image-preview":"max-image-preview:large","max-video-preview":"max-video-preview:-1"},"og_locale":"es_MX","og_type":"article","og_title":"Manufacturer Modern Black Lever Handle Luxury Handle Tube Solid Stainless Steel Bedroom Door Handle for Interior Doors - kingknhardwear","og_description":"LOCKING PRIVACY: Use on doors requiring privacy, can be locked inside with a turn button and unlocked outside with provided release tool. Recommended for bedrooms and bathroomsEASY INSTALL REVERSIBLE LEVER: Do it yourself, installs in minutes with just a screwdriver. Reversible handle for left- or right-handed doors, detailed directions providedFITS STANDARD DOORS: Fits standard size doors 1-3\/8\" to 1-3\/4\" thick, latch backset adjusts to either 2-3\/8\" or 2-3\/4\" with just a twist during installationCERTIFIED TRUSTED QUALITY: Security, Durability and Finish are Grade 3 BHMA certified, designed for reliable protection, providing peace of mind at homeMICROBAN PROTECTION: door hardware is treated with Microban, this offers powerful product protection that is 99.9% cleaner than an unprotected surfaceBOX INCLUDES: Privacy lever, adjustable latch with round and square front options or drive-in collar, round corner strike, rosette, screws and Allen wrenchWARRANTY PROTECTION: Our products are backed by a lifetime mechanical and finish warranty with great customer service, see warranty for more details","og_url":"https:\/\/www.kingknhardwear.com\/es\/producto\/classic-gold-european-style-designer-door-pull-handle-zinc-alloy-lever-door-handle-for-interior-door-copy\/","og_site_name":"kingknhardwear","article_modified_time":"2024-09-27T08:04:10+00:00","og_image":[{"width":800,"height":800,"url":"https:\/\/www.kingknhardwear.com\/wp-content\/uploads\/2024\/09\/\u4e3b\u56fe_002-1.jpeg","type":"image\/jpeg"}],"twitter_card":"summary_large_image","twitter_misc":{"Disponibilidad":"Sin existencias"},"schema":{"@context":"https:\/\/schema.org","@graph":[{"@type":"WebPage","@id":"https:\/\/www.kingknhardwear.com\/product\/classic-gold-european-style-designer-door-pull-handle-zinc-alloy-lever-door-handle-for-interior-door-copy\/","url":"https:\/\/www.kingknhardwear.com\/product\/classic-gold-european-style-designer-door-pull-handle-zinc-alloy-lever-door-handle-for-interior-door-copy\/","name":"Manufacturer Modern Black Lever Handle Luxury Handle Tube Solid Stainless Steel Bedroom Door Handle for Interior Doors - kingknhardwear","isPartOf":{"@id":"https:\/\/www.kingknhardwear.com\/#website"},"primaryImageOfPage":{"@id":"https:\/\/www.kingknhardwear.com\/product\/classic-gold-european-style-designer-door-pull-handle-zinc-alloy-lever-door-handle-for-interior-door-copy\/#primaryimage"},"image":{"@id":"https:\/\/www.kingknhardwear.com\/product\/classic-gold-european-style-designer-door-pull-handle-zinc-alloy-lever-door-handle-for-interior-door-copy\/#primaryimage"},"thumbnailUrl":"https:\/\/www.kingknhardwear.com\/wp-content\/uploads\/2024\/09\/\u4e3b\u56fe_001.png","datePublished":"2024-09-20T09:21:28+00:00","dateModified":"2024-09-27T08:04:10+00:00","breadcrumb":{"@id":"https:\/\/www.kingknhardwear.com\/product\/classic-gold-european-style-designer-door-pull-handle-zinc-alloy-lever-door-handle-for-interior-door-copy\/#breadcrumb"},"inLanguage":"es","potentialAction":[{"@type":"ReadAction","target":["https:\/\/www.kingknhardwear.com\/product\/classic-gold-european-style-designer-door-pull-handle-zinc-alloy-lever-door-handle-for-interior-door-copy\/"]}]},{"@type":"ImageObject","inLanguage":"es","@id":"https:\/\/www.kingknhardwear.com\/product\/classic-gold-european-style-designer-door-pull-handle-zinc-alloy-lever-door-handle-for-interior-door-copy\/#primaryimage","url":"https:\/\/www.kingknhardwear.com\/wp-content\/uploads\/2024\/09\/\u4e3b\u56fe_001.png","contentUrl":"https:\/\/www.kingknhardwear.com\/wp-content\/uploads\/2024\/09\/\u4e3b\u56fe_001.png","width":1000,"height":1000},{"@type":"BreadcrumbList","@id":"https:\/\/www.kingknhardwear.com\/product\/classic-gold-european-style-designer-door-pull-handle-zinc-alloy-lever-door-handle-for-interior-door-copy\/#breadcrumb","itemListElement":[{"@type":"ListItem","position":1,"name":"Home","item":"https:\/\/www.kingknhardwear.com\/"},{"@type":"ListItem","position":2,"name":"product","item":"https:\/\/www.kingknhardwear.com\/product\/"},{"@type":"ListItem","position":3,"name":"Manufacturer Modern Black Lever Handle Luxury Handle Tube Solid Stainless Steel Bedroom Door Handle for Interior Doors"}]},{"@type":"WebSite","@id":"https:\/\/www.kingknhardwear.com\/#website","url":"https:\/\/www.kingknhardwear.com\/","name":"kingknhardwear","description":"A Quality Choice for Home Furniture","publisher":{"@id":"https:\/\/www.kingknhardwear.com\/#organization"},"potentialAction":[{"@type":"SearchAction","target":{"@type":"EntryPoint","urlTemplate":"https:\/\/www.kingknhardwear.com\/?s={search_term_string}"},"query-input":"required name=search_term_string"}],"inLanguage":"es"},{"@type":["Organization","Place"],"@id":"https:\/\/www.kingknhardwear.com\/#organization","name":"kingknhardwear","url":"https:\/\/www.kingknhardwear.com\/","logo":{"@id":"https:\/\/www.kingknhardwear.com\/product\/classic-gold-european-style-designer-door-pull-handle-zinc-alloy-lever-door-handle-for-interior-door-copy\/#local-main-organization-logo"},"image":{"@id":"https:\/\/www.kingknhardwear.com\/product\/classic-gold-european-style-designer-door-pull-handle-zinc-alloy-lever-door-handle-for-interior-door-copy\/#local-main-organization-logo"},"telephone":[],"openingHoursSpecification":[{"@type":"OpeningHoursSpecification","dayOfWeek":["Monday","Tuesday","Wednesday","Thursday","Friday","Saturday","Sunday"],"opens":"09:00","closes":"17:00"}]},{"@type":"ImageObject","inLanguage":"es","@id":"https:\/\/www.kingknhardwear.com\/product\/classic-gold-european-style-designer-door-pull-handle-zinc-alloy-lever-door-handle-for-interior-door-copy\/#local-main-organization-logo","url":"https:\/\/www.kingknhardwear.com\/wp-content\/uploads\/2024\/05\/logo312.png","contentUrl":"https:\/\/www.kingknhardwear.com\/wp-content\/uploads\/2024\/05\/logo312.png","width":350,"height":100,"caption":"kingknhardwear"}]},"og_availability":"out of stock","product_availability":"out of stock","product_retailer_item_id":"classic-gold-european-style-designer-door-pull-handle-zinc-alloy-lever-door-handle-for-interior-door","product_condition":"new"},"jetpack_sharing_enabled":true,"_links":{"self":[{"href":"https:\/\/www.kingknhardwear.com\/es\/wp-json\/wp\/v2\/product\/776"}],"collection":[{"href":"https:\/\/www.kingknhardwear.com\/es\/wp-json\/wp\/v2\/product"}],"about":[{"href":"https:\/\/www.kingknhardwear.com\/es\/wp-json\/wp\/v2\/types\/product"}],"replies":[{"embeddable":true,"href":"https:\/\/www.kingknhardwear.com\/es\/wp-json\/wp\/v2\/comments?post=776"}],"wp:featuredmedia":[{"embeddable":true,"href":"https:\/\/www.kingknhardwear.com\/es\/wp-json\/wp\/v2\/media\/816"}],"wp:attachment":[{"href":"https:\/\/www.kingknhardwear.com\/es\/wp-json\/wp\/v2\/media?parent=776"}],"wp:term":[{"taxonomy":"product_cat","embeddable":true,"href":"https:\/\/www.kingknhardwear.com\/es\/wp-json\/wp\/v2\/product_cat?post=776"},{"taxonomy":"product_tag","embeddable":true,"href":"https:\/\/www.kingknhardwear.com\/es\/wp-json\/wp\/v2\/product_tag?post=776"}],"curies":[{"name":"wp","href":"https:\/\/api.w.org\/{rel}","templated":true}]}}