{"id":775,"date":"2024-09-20T07:23:35","date_gmt":"2024-09-20T07:23:35","guid":{"rendered":"https:\/\/www.kingknhardwear.com\/?post_type=product&#038;p=775"},"modified":"2024-09-20T07:33:04","modified_gmt":"2024-09-20T07:33:04","slug":"brushed-nickel-solid-aluminium-interior-door-handle-modern-home-lever-door-lock-handle-set-for-door-hardware-%e5%a4%8d%e5%88%b6","status":"publish","type":"product","link":"https:\/\/www.kingknhardwear.com\/fr\/produit\/brushed-nickel-solid-aluminium-interior-door-handle-modern-home-lever-door-lock-handle-set-for-door-hardware-%e5%a4%8d%e5%88%b6\/","title":{"rendered":"Poign\u00e9es d'armoire en laiton massif Poign\u00e9es d'armoire de cuisine Poign\u00e9es de tiroir modernes Poign\u00e9es d'armoire de salle de bain Poign\u00e9es de porte d'armoire"},"content":{"rendered":"<p style=\"font-size:18px\"><strong>Caract\u00e9ristiques :<\/strong><\/p>\n\n\n\n<ul>\n<li>S'adapte \u00e0 toutes les pr\u00e9parations de portes standard<\/li>\n\n\n\n<li>L'installation facile permet \u00e0 une seule personne de r\u00e9aliser le projet<\/li>\n\n\n\n<li>Les vis int\u00e9rieures sont expos\u00e9es<\/li>\n\n\n\n<li>ANSI\/BHMA A156.2, 2011, Grade 2<\/li>\n\n\n\n<li>Le levier r\u00e9versible permet de l'utiliser aussi bien \u00e0 droite qu'\u00e0 gauche.<\/li>\n\n\n\n<li>Plaques frontales (partie 16-080) : Fourni avec des plaques \u00e0 coins arrondis et \u00e0 enfoncer de 1\/4\u2033.<\/li>\n\n\n\n<li>G\u00e2ches (pi\u00e8ce 10-027) : Fournies avec une g\u00e2che ronde de dimensions 2-1\/4\u2033 x 1-5\/8\u2033.<\/li>\n\n\n\n<li>Garantie m\u00e9canique et de finition \u00e0 vie (la garantie de finition n'inclut pas le bronze huil\u00e9 car il s'agit d'une finition vivante qui se patine avec le temps).<\/li>\n\n\n\n<li>Conforme \u00e0 l'ADA<\/li>\n<\/ul>\n\n\n\n<p style=\"font-size:18px\"><strong>Sp\u00e9cifications :<\/strong><\/p>\n\n\n\n<ul>\n<li>\u00c9cartement : R\u00e9glable \u00e0 2-3\/8\u2033 ou 2-3\/4\u2033<\/li>\n\n\n\n<li>Al\u00e9sage transversal : 2-1\/8\u2033.<\/li>\n\n\n\n<li>Al\u00e9sage du bord : 7\/8\u2033<\/li>\n\n\n\n<li>Epaisseur de la porte : 1-3\/8\u2033 ou 1-3\/4\u2033.<\/li>\n\n\n\n<li>Main : Gauche, droite, r\u00e9versible<\/li>\n\n\n\n<li>Longueur du levier : 4-1\/8\u2033.<\/li>\n\n\n\n<li>Projection : 2-1\/4\u2033.<\/li>\n\n\n\n<li>Poids du produit : 1.55 lbs<\/li>\n<\/ul>\n\n\n\n<p><\/p>","protected":false},"excerpt":{"rendered":"<p>Construction solide :Ces poign\u00e9es sont fabriqu\u00e9es en laiton massif lourd avec une sensation et un poids substantiels, elles ne se cassent pas facilement, elles sont robustes et durables pour une utilisation quotidienne sur des tiroirs lourds.Ces poign\u00e9es de meuble sont magnifiquement usin\u00e9es en or bross\u00e9.Ces poign\u00e9es de meuble de cuisine offrent une grande am\u00e9lioration pour vos meubles \u00e0 la fois en termes de mat\u00e9riau\/couleur de laiton lourd et de design, elles ajoutent une touche personnelle et chaleureuse \u00e0 votre maison.<br \/>\u2713 Couleur laiton parfaite:Ces poign\u00e9es sont magnifiques et la quantit\u00e9 parfaite de laiton pour compl\u00e9ter quelques accessoires en laiton dans la pi\u00e8ce, la finition bross\u00e9e adoucit le dor\u00e9, ce n'est pas un dor\u00e9 criard, ajoute une r\u00e9elle \u00e9l\u00e9gance aux armoires de cuisine sans trop se d\u00e9marquer.Les poign\u00e9es sont superbes \u00e0 l'horizontale ou \u00e0 la verticale, elles sont tr\u00e8s flexibles \u00e0 installer.<br \/>Sp\u00e9cification:Centre \u00e0 centre : 3 inch(76mm);Longueur totale:4-5\/16 inch(110mm);Hauteur : 1-3\/8 inch(34mm).Il y a beaucoup d'espace sous la tirette pour mettre vos doigts et obtenir un ajustement confortable pour vos mains lors de l'utilisation.Ce sont des tirettes en laiton tr\u00e8s r\u00e9sistantes avec une grande qualit\u00e9 robuste,fonctionnent bien pour les tiroirs d'armoires plus lourdes.Ces tirettes en laiton sont emball\u00e9es individuellement pour prot\u00e9ger ces tirettes de tiroirs contre les entailles et les \u00e9gratignures,garantissant la livraison en bon \u00e9tat.<br \/>\u2713 Beau design : La finition \u00e0 motif de diamant au centre des tirettes en laiton,elle pr\u00e9sente une texture de diamant molet\u00e9 et une finition bross\u00e9e moderne,ajoute un impact visuel \u00e0 n'importe quel meuble.Ces tirettes en laiton semblent beaucoup plus personnalis\u00e9es que les poign\u00e9es g\u00e9n\u00e9riques.Les tirettes de tiroir sont pratiques et \u00e9l\u00e9gantes,d\u00e9corent parfaitement votre tiroir avec un look moderne et \u00e9l\u00e9gant.Ces tirettes molet\u00e9es \u00e9l\u00e8veront le look de votre meuble \u00e0 un niveau sup\u00e9rieur une fois install\u00e9es.<br \/>Installation rapide : Ces poign\u00e9es en laiton sont livr\u00e9es avec des vis m\u00e9triques de bonne qualit\u00e9 pour une installation facile. Il y a 2 ensembles de vis de montage de taille m\u00e9trique M4 fournis avec les poign\u00e9es, 8Pcs (1 pouce) vis de long et 8Pcs (1-9\/16 pouce) vis de long pour faciliter une vari\u00e9t\u00e9 de sc\u00e9narios d'installation.Vous pouvez les installer en quelques minutes.C'est une bonne tirette de cabinet de remplacement pour l'ancien.<\/p>","protected":false},"featured_media":777,"comment_status":"open","ping_status":"closed","template":"","meta":[],"product_cat":[56],"product_tag":[],"yoast_head":"<!-- This site is optimized with the Yoast SEO Premium plugin v23.3 (Yoast SEO v22.8) - https:\/\/yoast.com\/wordpress\/plugins\/seo\/ -->\n<title>Solid Brass Cabinet Pulls Kitchen Cupboard Handles Modern Drawer Pulls Bathroom Cabinet Pulls Wardrobe Door Handles - kingknhardwear<\/title>\n<meta name=\"robots\" content=\"noindex, follow, max-snippet:-1, max-image-preview:large, max-video-preview:-1\" \/>\n<meta property=\"og:locale\" content=\"fr_FR\" \/>\n<meta property=\"og:type\" content=\"article\" \/>\n<meta property=\"og:title\" content=\"Solid Brass Cabinet Pulls Kitchen Cupboard Handles Modern Drawer Pulls Bathroom Cabinet Pulls Wardrobe Door Handles - kingknhardwear\" \/>\n<meta property=\"og:description\" content=\"Solid Construction :These pulls are made of heavy solid brass material with a great substantial feel and weight to it,definitely won\u2019t break off easily,sturdy and durable for daily use on heavy drawers.These cabinet pulls are beautifully machined in brushed gold.These kitchen cabinet pulls provide a great upgrade for your furniture both in terms of heavy brass material\/color and design,adds a warm , personal touch to your home.\u2713 Perfect Brass Color:These are beautiful and the perfect amount of brass to compliment a few brass accessories in the room, the brushed finish soften the gold,these are not loud gold ,adds a real elegance to the kitchen cabinets without standing out too much.The handles looks great either horizontal or vertical, these are very flexible to install.\u2713 Specification:Center to Center: 3 inch(76mm);Overall Length:4-5\/16 inch(110mm);Height: 1-3\/8 inch(34mm).There are plenty of space under the pull to put your fingers and get a comfortable fit for your hands when used.These are heavy duty brass pulls with great sturdy quality,work well for heavier cabinet drawer.These brass pulls are individually wrapped to protect these drawer pulls from nicks and scratches,ensure arriving in a good condition.\u2713 Beautiful Design: The diamond pattern finish on the center of the brass pulls,it features a knurled diamond texture and a modern brush finish,adds visual impact to any piece of furniture.These brass pulls Looks much more custom than the generic handles.The drawer pulls are practical and stylish,perfectly decorate your drawer with a sleek modern look.These knurled pulls will elevate the look of your furniture to the next level once installed.\u2713 Quick Install:These brass pulls come with good quality metric screws for easy installation. There are 2 sets of M4 Metric size mounting screws come with the handles ,8Pcs (1 inch)long screws and 8Pcs (1-9\/16 inch) long screws to facilitate a variety of installation scenarios You can install them within minutes.It&#039;s a good replacement cabinet pull for the old one.\" \/>\n<meta property=\"og:url\" content=\"https:\/\/www.kingknhardwear.com\/fr\/produit\/brushed-nickel-solid-aluminium-interior-door-handle-modern-home-lever-door-lock-handle-set-for-door-hardware-\u590d\u5236\/\" \/>\n<meta property=\"og:site_name\" content=\"kingknhardwear\" \/>\n<meta property=\"article:modified_time\" content=\"2024-09-20T07:33:04+00:00\" \/>\n<meta property=\"og:image\" content=\"https:\/\/www.kingknhardwear.com\/wp-content\/uploads\/2024\/09\/1-6.png\" \/>\n\t<meta property=\"og:image:width\" content=\"800\" \/>\n\t<meta property=\"og:image:height\" content=\"800\" \/>\n\t<meta property=\"og:image:type\" content=\"image\/png\" \/>\n<meta name=\"twitter:card\" content=\"summary_large_image\" \/>\n<meta name=\"twitter:label1\" content=\"Prix\" \/>\n\t<meta name=\"twitter:data1\" content=\"\" \/>\n\t<meta name=\"twitter:label2\" content=\"Disponibilit\u00e9\" \/>\n\t<meta name=\"twitter:data2\" content=\"En stock\" \/>\n<script type=\"application\/ld+json\" class=\"yoast-schema-graph\">{\"@context\":\"https:\/\/schema.org\",\"@graph\":[{\"@type\":\"WebPage\",\"@id\":\"https:\/\/www.kingknhardwear.com\/product\/brushed-nickel-solid-aluminium-interior-door-handle-modern-home-lever-door-lock-handle-set-for-door-hardware-%e5%a4%8d%e5%88%b6\/\",\"url\":\"https:\/\/www.kingknhardwear.com\/product\/brushed-nickel-solid-aluminium-interior-door-handle-modern-home-lever-door-lock-handle-set-for-door-hardware-%e5%a4%8d%e5%88%b6\/\",\"name\":\"Solid Brass Cabinet Pulls Kitchen Cupboard Handles Modern Drawer Pulls Bathroom Cabinet Pulls Wardrobe Door Handles - kingknhardwear\",\"isPartOf\":{\"@id\":\"https:\/\/www.kingknhardwear.com\/#website\"},\"primaryImageOfPage\":{\"@id\":\"https:\/\/www.kingknhardwear.com\/product\/brushed-nickel-solid-aluminium-interior-door-handle-modern-home-lever-door-lock-handle-set-for-door-hardware-%e5%a4%8d%e5%88%b6\/#primaryimage\"},\"image\":{\"@id\":\"https:\/\/www.kingknhardwear.com\/product\/brushed-nickel-solid-aluminium-interior-door-handle-modern-home-lever-door-lock-handle-set-for-door-hardware-%e5%a4%8d%e5%88%b6\/#primaryimage\"},\"thumbnailUrl\":\"https:\/\/www.kingknhardwear.com\/wp-content\/uploads\/2024\/09\/1-6.png\",\"datePublished\":\"2024-09-20T07:23:35+00:00\",\"dateModified\":\"2024-09-20T07:33:04+00:00\",\"breadcrumb\":{\"@id\":\"https:\/\/www.kingknhardwear.com\/product\/brushed-nickel-solid-aluminium-interior-door-handle-modern-home-lever-door-lock-handle-set-for-door-hardware-%e5%a4%8d%e5%88%b6\/#breadcrumb\"},\"inLanguage\":\"fr-FR\",\"potentialAction\":[{\"@type\":\"ReadAction\",\"target\":[\"https:\/\/www.kingknhardwear.com\/product\/brushed-nickel-solid-aluminium-interior-door-handle-modern-home-lever-door-lock-handle-set-for-door-hardware-%e5%a4%8d%e5%88%b6\/\"]}]},{\"@type\":\"ImageObject\",\"inLanguage\":\"fr-FR\",\"@id\":\"https:\/\/www.kingknhardwear.com\/product\/brushed-nickel-solid-aluminium-interior-door-handle-modern-home-lever-door-lock-handle-set-for-door-hardware-%e5%a4%8d%e5%88%b6\/#primaryimage\",\"url\":\"https:\/\/www.kingknhardwear.com\/wp-content\/uploads\/2024\/09\/1-6.png\",\"contentUrl\":\"https:\/\/www.kingknhardwear.com\/wp-content\/uploads\/2024\/09\/1-6.png\",\"width\":800,\"height\":800},{\"@type\":\"BreadcrumbList\",\"@id\":\"https:\/\/www.kingknhardwear.com\/product\/brushed-nickel-solid-aluminium-interior-door-handle-modern-home-lever-door-lock-handle-set-for-door-hardware-%e5%a4%8d%e5%88%b6\/#breadcrumb\",\"itemListElement\":[{\"@type\":\"ListItem\",\"position\":1,\"name\":\"Home\",\"item\":\"https:\/\/www.kingknhardwear.com\/\"},{\"@type\":\"ListItem\",\"position\":2,\"name\":\"product\",\"item\":\"https:\/\/www.kingknhardwear.com\/product\/\"},{\"@type\":\"ListItem\",\"position\":3,\"name\":\"Solid Brass Cabinet Pulls Kitchen Cupboard Handles Modern Drawer Pulls Bathroom Cabinet Pulls Wardrobe Door Handles\"}]},{\"@type\":\"WebSite\",\"@id\":\"https:\/\/www.kingknhardwear.com\/#website\",\"url\":\"https:\/\/www.kingknhardwear.com\/\",\"name\":\"kingknhardwear\",\"description\":\"A Quality Choice for Home Furniture\",\"publisher\":{\"@id\":\"https:\/\/www.kingknhardwear.com\/#organization\"},\"potentialAction\":[{\"@type\":\"SearchAction\",\"target\":{\"@type\":\"EntryPoint\",\"urlTemplate\":\"https:\/\/www.kingknhardwear.com\/?s={search_term_string}\"},\"query-input\":\"required name=search_term_string\"}],\"inLanguage\":\"fr-FR\"},{\"@type\":[\"Organization\",\"Place\"],\"@id\":\"https:\/\/www.kingknhardwear.com\/#organization\",\"name\":\"kingknhardwear\",\"url\":\"https:\/\/www.kingknhardwear.com\/\",\"logo\":{\"@id\":\"https:\/\/www.kingknhardwear.com\/product\/brushed-nickel-solid-aluminium-interior-door-handle-modern-home-lever-door-lock-handle-set-for-door-hardware-%e5%a4%8d%e5%88%b6\/#local-main-organization-logo\"},\"image\":{\"@id\":\"https:\/\/www.kingknhardwear.com\/product\/brushed-nickel-solid-aluminium-interior-door-handle-modern-home-lever-door-lock-handle-set-for-door-hardware-%e5%a4%8d%e5%88%b6\/#local-main-organization-logo\"},\"telephone\":[],\"openingHoursSpecification\":[{\"@type\":\"OpeningHoursSpecification\",\"dayOfWeek\":[\"Monday\",\"Tuesday\",\"Wednesday\",\"Thursday\",\"Friday\",\"Saturday\",\"Sunday\"],\"opens\":\"09:00\",\"closes\":\"17:00\"}]},{\"@type\":\"ImageObject\",\"inLanguage\":\"fr-FR\",\"@id\":\"https:\/\/www.kingknhardwear.com\/product\/brushed-nickel-solid-aluminium-interior-door-handle-modern-home-lever-door-lock-handle-set-for-door-hardware-%e5%a4%8d%e5%88%b6\/#local-main-organization-logo\",\"url\":\"https:\/\/www.kingknhardwear.com\/wp-content\/uploads\/2024\/05\/logo312.png\",\"contentUrl\":\"https:\/\/www.kingknhardwear.com\/wp-content\/uploads\/2024\/05\/logo312.png\",\"width\":350,\"height\":100,\"caption\":\"kingknhardwear\"}]}<\/script>\n<meta property=\"product:price:amount\" content=\"0.00\" \/>\n<meta property=\"product:price:currency\" content=\"CNY\" \/>\n<meta property=\"og:availability\" content=\"instock\" \/>\n<meta property=\"product:availability\" content=\"instock\" \/>\n<meta property=\"product:condition\" content=\"new\" \/>\n<!-- \/ Yoast SEO Premium plugin. -->","yoast_head_json":{"title":"Solid Brass Cabinet Pulls Kitchen Cupboard Handles Modern Drawer Pulls Bathroom Cabinet Pulls Wardrobe Door Handles - kingknhardwear","robots":{"index":"noindex","follow":"follow","max-snippet":"max-snippet:-1","max-image-preview":"max-image-preview:large","max-video-preview":"max-video-preview:-1"},"og_locale":"fr_FR","og_type":"article","og_title":"Solid Brass Cabinet Pulls Kitchen Cupboard Handles Modern Drawer Pulls Bathroom Cabinet Pulls Wardrobe Door Handles - kingknhardwear","og_description":"Solid Construction :These pulls are made of heavy solid brass material with a great substantial feel and weight to it,definitely won\u2019t break off easily,sturdy and durable for daily use on heavy drawers.These cabinet pulls are beautifully machined in brushed gold.These kitchen cabinet pulls provide a great upgrade for your furniture both in terms of heavy brass material\/color and design,adds a warm , personal touch to your home.\u2713 Perfect Brass Color:These are beautiful and the perfect amount of brass to compliment a few brass accessories in the room, the brushed finish soften the gold,these are not loud gold ,adds a real elegance to the kitchen cabinets without standing out too much.The handles looks great either horizontal or vertical, these are very flexible to install.\u2713 Specification:Center to Center: 3 inch(76mm);Overall Length:4-5\/16 inch(110mm);Height: 1-3\/8 inch(34mm).There are plenty of space under the pull to put your fingers and get a comfortable fit for your hands when used.These are heavy duty brass pulls with great sturdy quality,work well for heavier cabinet drawer.These brass pulls are individually wrapped to protect these drawer pulls from nicks and scratches,ensure arriving in a good condition.\u2713 Beautiful Design: The diamond pattern finish on the center of the brass pulls,it features a knurled diamond texture and a modern brush finish,adds visual impact to any piece of furniture.These brass pulls Looks much more custom than the generic handles.The drawer pulls are practical and stylish,perfectly decorate your drawer with a sleek modern look.These knurled pulls will elevate the look of your furniture to the next level once installed.\u2713 Quick Install:These brass pulls come with good quality metric screws for easy installation. There are 2 sets of M4 Metric size mounting screws come with the handles ,8Pcs (1 inch)long screws and 8Pcs (1-9\/16 inch) long screws to facilitate a variety of installation scenarios You can install them within minutes.It's a good replacement cabinet pull for the old one.","og_url":"https:\/\/www.kingknhardwear.com\/fr\/produit\/brushed-nickel-solid-aluminium-interior-door-handle-modern-home-lever-door-lock-handle-set-for-door-hardware-\u590d\u5236\/","og_site_name":"kingknhardwear","article_modified_time":"2024-09-20T07:33:04+00:00","og_image":[{"width":800,"height":800,"url":"https:\/\/www.kingknhardwear.com\/wp-content\/uploads\/2024\/09\/1-6.png","type":"image\/png"}],"twitter_card":"summary_large_image","twitter_misc":{"Prix":"","Disponibilit\u00e9":"En stock"},"schema":{"@context":"https:\/\/schema.org","@graph":[{"@type":"WebPage","@id":"https:\/\/www.kingknhardwear.com\/product\/brushed-nickel-solid-aluminium-interior-door-handle-modern-home-lever-door-lock-handle-set-for-door-hardware-%e5%a4%8d%e5%88%b6\/","url":"https:\/\/www.kingknhardwear.com\/product\/brushed-nickel-solid-aluminium-interior-door-handle-modern-home-lever-door-lock-handle-set-for-door-hardware-%e5%a4%8d%e5%88%b6\/","name":"Solid Brass Cabinet Pulls Kitchen Cupboard Handles Modern Drawer Pulls Bathroom Cabinet Pulls Wardrobe Door Handles - kingknhardwear","isPartOf":{"@id":"https:\/\/www.kingknhardwear.com\/#website"},"primaryImageOfPage":{"@id":"https:\/\/www.kingknhardwear.com\/product\/brushed-nickel-solid-aluminium-interior-door-handle-modern-home-lever-door-lock-handle-set-for-door-hardware-%e5%a4%8d%e5%88%b6\/#primaryimage"},"image":{"@id":"https:\/\/www.kingknhardwear.com\/product\/brushed-nickel-solid-aluminium-interior-door-handle-modern-home-lever-door-lock-handle-set-for-door-hardware-%e5%a4%8d%e5%88%b6\/#primaryimage"},"thumbnailUrl":"https:\/\/www.kingknhardwear.com\/wp-content\/uploads\/2024\/09\/1-6.png","datePublished":"2024-09-20T07:23:35+00:00","dateModified":"2024-09-20T07:33:04+00:00","breadcrumb":{"@id":"https:\/\/www.kingknhardwear.com\/product\/brushed-nickel-solid-aluminium-interior-door-handle-modern-home-lever-door-lock-handle-set-for-door-hardware-%e5%a4%8d%e5%88%b6\/#breadcrumb"},"inLanguage":"fr-FR","potentialAction":[{"@type":"ReadAction","target":["https:\/\/www.kingknhardwear.com\/product\/brushed-nickel-solid-aluminium-interior-door-handle-modern-home-lever-door-lock-handle-set-for-door-hardware-%e5%a4%8d%e5%88%b6\/"]}]},{"@type":"ImageObject","inLanguage":"fr-FR","@id":"https:\/\/www.kingknhardwear.com\/product\/brushed-nickel-solid-aluminium-interior-door-handle-modern-home-lever-door-lock-handle-set-for-door-hardware-%e5%a4%8d%e5%88%b6\/#primaryimage","url":"https:\/\/www.kingknhardwear.com\/wp-content\/uploads\/2024\/09\/1-6.png","contentUrl":"https:\/\/www.kingknhardwear.com\/wp-content\/uploads\/2024\/09\/1-6.png","width":800,"height":800},{"@type":"BreadcrumbList","@id":"https:\/\/www.kingknhardwear.com\/product\/brushed-nickel-solid-aluminium-interior-door-handle-modern-home-lever-door-lock-handle-set-for-door-hardware-%e5%a4%8d%e5%88%b6\/#breadcrumb","itemListElement":[{"@type":"ListItem","position":1,"name":"Home","item":"https:\/\/www.kingknhardwear.com\/"},{"@type":"ListItem","position":2,"name":"product","item":"https:\/\/www.kingknhardwear.com\/product\/"},{"@type":"ListItem","position":3,"name":"Solid Brass Cabinet Pulls Kitchen Cupboard Handles Modern Drawer Pulls Bathroom Cabinet Pulls Wardrobe Door Handles"}]},{"@type":"WebSite","@id":"https:\/\/www.kingknhardwear.com\/#website","url":"https:\/\/www.kingknhardwear.com\/","name":"kingknhardwear","description":"A Quality Choice for Home Furniture","publisher":{"@id":"https:\/\/www.kingknhardwear.com\/#organization"},"potentialAction":[{"@type":"SearchAction","target":{"@type":"EntryPoint","urlTemplate":"https:\/\/www.kingknhardwear.com\/?s={search_term_string}"},"query-input":"required name=search_term_string"}],"inLanguage":"fr-FR"},{"@type":["Organization","Place"],"@id":"https:\/\/www.kingknhardwear.com\/#organization","name":"kingknhardwear","url":"https:\/\/www.kingknhardwear.com\/","logo":{"@id":"https:\/\/www.kingknhardwear.com\/product\/brushed-nickel-solid-aluminium-interior-door-handle-modern-home-lever-door-lock-handle-set-for-door-hardware-%e5%a4%8d%e5%88%b6\/#local-main-organization-logo"},"image":{"@id":"https:\/\/www.kingknhardwear.com\/product\/brushed-nickel-solid-aluminium-interior-door-handle-modern-home-lever-door-lock-handle-set-for-door-hardware-%e5%a4%8d%e5%88%b6\/#local-main-organization-logo"},"telephone":[],"openingHoursSpecification":[{"@type":"OpeningHoursSpecification","dayOfWeek":["Monday","Tuesday","Wednesday","Thursday","Friday","Saturday","Sunday"],"opens":"09:00","closes":"17:00"}]},{"@type":"ImageObject","inLanguage":"fr-FR","@id":"https:\/\/www.kingknhardwear.com\/product\/brushed-nickel-solid-aluminium-interior-door-handle-modern-home-lever-door-lock-handle-set-for-door-hardware-%e5%a4%8d%e5%88%b6\/#local-main-organization-logo","url":"https:\/\/www.kingknhardwear.com\/wp-content\/uploads\/2024\/05\/logo312.png","contentUrl":"https:\/\/www.kingknhardwear.com\/wp-content\/uploads\/2024\/05\/logo312.png","width":350,"height":100,"caption":"kingknhardwear"}]},"product_price_amount":"0.00","product_price_currency":"CNY","og_availability":"instock","product_availability":"instock","product_condition":"new"},"jetpack_sharing_enabled":true,"_links":{"self":[{"href":"https:\/\/www.kingknhardwear.com\/fr\/wp-json\/wp\/v2\/product\/775"}],"collection":[{"href":"https:\/\/www.kingknhardwear.com\/fr\/wp-json\/wp\/v2\/product"}],"about":[{"href":"https:\/\/www.kingknhardwear.com\/fr\/wp-json\/wp\/v2\/types\/product"}],"replies":[{"embeddable":true,"href":"https:\/\/www.kingknhardwear.com\/fr\/wp-json\/wp\/v2\/comments?post=775"}],"wp:featuredmedia":[{"embeddable":true,"href":"https:\/\/www.kingknhardwear.com\/fr\/wp-json\/wp\/v2\/media\/777"}],"wp:attachment":[{"href":"https:\/\/www.kingknhardwear.com\/fr\/wp-json\/wp\/v2\/media?parent=775"}],"wp:term":[{"taxonomy":"product_cat","embeddable":true,"href":"https:\/\/www.kingknhardwear.com\/fr\/wp-json\/wp\/v2\/product_cat?post=775"},{"taxonomy":"product_tag","embeddable":true,"href":"https:\/\/www.kingknhardwear.com\/fr\/wp-json\/wp\/v2\/product_tag?post=775"}],"curies":[{"name":"wp","href":"https:\/\/api.w.org\/{rel}","templated":true}]}}