{"id":821,"date":"2024-09-27T08:05:32","date_gmt":"2024-09-27T08:05:32","guid":{"rendered":"https:\/\/www.kingknhardwear.com\/?post_type=product&#038;p=821"},"modified":"2024-09-27T08:09:49","modified_gmt":"2024-09-27T08:09:49","slug":"modern-kitchen-cabinet-door-drawer-brushed-brass-handles-and-knobs-furniture-cabinet-handle-hardware","status":"publish","type":"product","link":"https:\/\/www.kingknhardwear.com\/fr\/produit\/modern-kitchen-cabinet-door-drawer-brushed-brass-handles-and-knobs-furniture-cabinet-handle-hardware\/","title":{"rendered":"Poign\u00e9es et boutons de porte d'armoire de cuisine moderne en laiton bross\u00e9 pour meubles"},"content":{"rendered":"<figure class=\"wp-block-pullquote\"><blockquote><p><\/p><\/blockquote><\/figure>\n\n\n\n<h2 class=\"wp-block-heading\">D\u00e9tail du produit<\/h2>\n\n\n\n<ul>\n<li style=\"font-size:18px\"><strong>Caract\u00e9ristiques :<\/strong><\/li>\n\n\n\n<li style=\"font-size:18px\"> S\u00e9curit\u00e9 BHMA grade 2<\/li>\n\n\n\n<li style=\"font-size:18px\"> Fabriqu\u00e9 \u00e0 partir de mat\u00e9riaux de haute qualit\u00e9 pour plus de solidit\u00e9 et de durabilit\u00e9<\/li>\n\n\n\n<li style=\"font-size:18px\"> S'installe facilement avec tout le mat\u00e9riel de montage n\u00e9cessaire inclus<\/li>\n\n\n\n<li style=\"font-size:18px\"> Couvert par une garantie \u00e0 vie limit\u00e9e<\/li>\n\n\n\n<li style=\"font-size:18px\"> Levier conforme aux normes ADA<\/li>\n\n\n\n<li style=\"font-size:18px\"><strong>Sp\u00e9cifications :<\/strong><\/li>\n\n\n\n<li style=\"font-size:18px\"> \u00c9cartement : R\u00e9glable 2-3\/8\u2033 ou 2-3\/4\u2033<\/li>\n\n\n\n<li style=\"font-size:18px\"> Al\u00e9sage transversal : 2-1\/8\u2033.<\/li>\n\n\n\n<li style=\"font-size:18px\"> Al\u00e9sage du bord : 1\u2033<\/li>\n\n\n\n<li style=\"font-size:18px\"> Epaisseur de la porte : 1-3\/8\u2033 - 1-3\/4\u2033<\/li>\n\n\n\n<li style=\"font-size:18px\"> Poign\u00e9e : R\u00e9versible gauche ou droite<\/li>\n\n\n\n<li style=\"font-size:18px\"> Longueur du manche : 4-1\/2\u2033.<\/li>\n\n\n\n<li style=\"font-size:18px\"> Projection de la poign\u00e9e : 2-1\/4\u2033.<\/li>\n\n\n\n<li style=\"font-size:18px\"> Largeur de la garniture : 2-3\/4\u2033.<\/li>\n\n\n\n<li style=\"font-size:18px\"> Hauteur de la garniture : 2-3\/4\u2033.<\/li>\n\n\n\n<li style=\"font-size:18px\"> Poids du produit : 1.55lb<\/li>\n\n\n\n<li style=\"font-size:18px\"> Plastron de serrure : Coin arrondi<\/li>\n\n\n\n<li style=\"font-size:18px\"><strong>Liens suppl\u00e9mentaires sur Schlage<\/strong> Voir la garantie du fabricant<\/li>\n<\/ul>\n\n\n\n<figure class=\"wp-block-image size-full\"><img fetchpriority=\"high\" decoding=\"async\" width=\"800\" height=\"676\" src=\"https:\/\/www.kingknhardwear.com\/wp-content\/uploads\/2024\/09\/1-4.png\" alt=\"\" class=\"wp-image-763\" srcset=\"https:\/\/www.kingknhardwear.com\/wp-content\/uploads\/2024\/09\/1-4.png 800w, https:\/\/www.kingknhardwear.com\/wp-content\/uploads\/2024\/09\/1-4-300x254.png 300w, https:\/\/www.kingknhardwear.com\/wp-content\/uploads\/2024\/09\/1-4-768x649.png 768w, https:\/\/www.kingknhardwear.com\/wp-content\/uploads\/2024\/09\/1-4-14x12.png 14w, https:\/\/www.kingknhardwear.com\/wp-content\/uploads\/2024\/09\/1-4-600x507.png 600w\" sizes=\"(max-width: 800px) 100vw, 800px\" \/><\/figure>","protected":false},"excerpt":{"rendered":"<p>VERROUILLAGE PRIVIL\u00c9GI\u00c9 : \u00e0 utiliser sur les portes n\u00e9cessitant une certaine intimit\u00e9, il peut \u00eatre verrouill\u00e9 \u00e0 l'int\u00e9rieur \u00e0 l'aide d'un bouton rotatif et d\u00e9verrouill\u00e9 \u00e0 l'ext\u00e9rieur \u00e0 l'aide de l'outil de d\u00e9verrouillage fourni. Recommand\u00e9 pour les chambres \u00e0 coucher et les salles de bains.<br \/>LEVIER R\u00c9VERSIBLE FACILE \u00c0 INSTALLER : Faites-le vous-m\u00eame, l'installation se fait en quelques minutes \u00e0 l'aide d'un simple tournevis. Poign\u00e9e r\u00e9versible pour portes gauch\u00e8res ou droiti\u00e8res, instructions d\u00e9taill\u00e9es fournies.<br \/>S'ADAPTE AUX PORTES STANDARD : Convient aux portes de taille standard de 1-3\/8\u2033 \u00e0 1-3\/4\u2033 d'\u00e9paisseur, l'\u00e9cartement du p\u00eane s'ajuste \u00e0 2-3\/8\u2033 ou 2-3\/4\u2033 d'une simple rotation lors de l'installation.<br \/>QUALITE CERTIFIEE : La s\u00e9curit\u00e9, la durabilit\u00e9 et la finition sont certifi\u00e9es Grade 3 BHMA, con\u00e7ues pour une protection fiable, assurant la tranquillit\u00e9 d'esprit \u00e0 la maison.<br \/>PROTECTION MICROBAN : la quincaillerie de porte est trait\u00e9e avec Microban, ce qui offre une protection puissante du produit qui est 99,9% plus propre qu'une surface non prot\u00e9g\u00e9e.<br \/>LE COFFRET COMPREND : Levier d'intimit\u00e9, p\u00eane r\u00e9glable avec options de fa\u00e7ade ronde et carr\u00e9e ou collet \u00e0 enfoncer, g\u00e2che d'angle ronde, rosace, vis et cl\u00e9 Allen<br \/>PROTECTION PAR LA GARANTIE : Nos produits b\u00e9n\u00e9ficient d'une garantie m\u00e9canique et de finition \u00e0 vie et d'un excellent service client\u00e8le, voir la garantie pour plus de d\u00e9tails.<\/p>","protected":false},"featured_media":827,"comment_status":"open","ping_status":"closed","template":"","meta":[],"product_cat":[56],"product_tag":[],"yoast_head":"<!-- This site is optimized with the Yoast SEO Premium plugin v23.3 (Yoast SEO v22.8) - https:\/\/yoast.com\/wordpress\/plugins\/seo\/ -->\n<title>Modern kitchen cabinet door drawer brushed brass handles and knobs furniture cabinet handle hardware - kingknhardwear<\/title>\n<meta name=\"robots\" content=\"noindex, follow, max-snippet:-1, max-image-preview:large, max-video-preview:-1\" \/>\n<meta property=\"og:locale\" content=\"fr_FR\" \/>\n<meta property=\"og:type\" content=\"article\" \/>\n<meta property=\"og:title\" content=\"Modern kitchen cabinet door drawer brushed brass handles and knobs furniture cabinet handle hardware - kingknhardwear\" \/>\n<meta property=\"og:description\" content=\"LOCKING PRIVACY: Use on doors requiring privacy, can be locked inside with a turn button and unlocked outside with provided release tool. Recommended for bedrooms and bathroomsEASY INSTALL REVERSIBLE LEVER: Do it yourself, installs in minutes with just a screwdriver. Reversible handle for left- or right-handed doors, detailed directions providedFITS STANDARD DOORS: Fits standard size doors 1-3\/8&quot; to 1-3\/4&quot; thick, latch backset adjusts to either 2-3\/8&quot; or 2-3\/4&quot; with just a twist during installationCERTIFIED TRUSTED QUALITY: Security, Durability and Finish are Grade 3 BHMA certified, designed for reliable protection, providing peace of mind at homeMICROBAN PROTECTION: door hardware is treated with Microban, this offers powerful product protection that is 99.9% cleaner than an unprotected surfaceBOX INCLUDES: Privacy lever, adjustable latch with round and square front options or drive-in collar, round corner strike, rosette, screws and Allen wrenchWARRANTY PROTECTION: Our products are backed by a lifetime mechanical and finish warranty with great customer service, see warranty for more details\" \/>\n<meta property=\"og:url\" content=\"https:\/\/www.kingknhardwear.com\/fr\/produit\/modern-kitchen-cabinet-door-drawer-brushed-brass-handles-and-knobs-furniture-cabinet-handle-hardware\/\" \/>\n<meta property=\"og:site_name\" content=\"kingknhardwear\" \/>\n<meta property=\"article:modified_time\" content=\"2024-09-27T08:09:49+00:00\" \/>\n<meta property=\"og:image\" content=\"https:\/\/www.kingknhardwear.com\/wp-content\/uploads\/2024\/09\/\u4e3b\u56fe_002-3.jpeg\" \/>\n\t<meta property=\"og:image:width\" content=\"1000\" \/>\n\t<meta property=\"og:image:height\" content=\"1000\" \/>\n\t<meta property=\"og:image:type\" content=\"image\/jpeg\" \/>\n<meta name=\"twitter:card\" content=\"summary_large_image\" \/>\n<meta name=\"twitter:label1\" content=\"Disponibilit\u00e9\" \/>\n\t<meta name=\"twitter:data1\" content=\"Rupture de stock\" \/>\n<script type=\"application\/ld+json\" class=\"yoast-schema-graph\">{\"@context\":\"https:\/\/schema.org\",\"@graph\":[{\"@type\":\"WebPage\",\"@id\":\"https:\/\/www.kingknhardwear.com\/product\/modern-kitchen-cabinet-door-drawer-brushed-brass-handles-and-knobs-furniture-cabinet-handle-hardware\/\",\"url\":\"https:\/\/www.kingknhardwear.com\/product\/modern-kitchen-cabinet-door-drawer-brushed-brass-handles-and-knobs-furniture-cabinet-handle-hardware\/\",\"name\":\"Modern kitchen cabinet door drawer brushed brass handles and knobs furniture cabinet handle hardware - kingknhardwear\",\"isPartOf\":{\"@id\":\"https:\/\/www.kingknhardwear.com\/#website\"},\"primaryImageOfPage\":{\"@id\":\"https:\/\/www.kingknhardwear.com\/product\/modern-kitchen-cabinet-door-drawer-brushed-brass-handles-and-knobs-furniture-cabinet-handle-hardware\/#primaryimage\"},\"image\":{\"@id\":\"https:\/\/www.kingknhardwear.com\/product\/modern-kitchen-cabinet-door-drawer-brushed-brass-handles-and-knobs-furniture-cabinet-handle-hardware\/#primaryimage\"},\"thumbnailUrl\":\"https:\/\/www.kingknhardwear.com\/wp-content\/uploads\/2024\/09\/\u4e3b\u56fe_006-2.jpeg\",\"datePublished\":\"2024-09-27T08:05:32+00:00\",\"dateModified\":\"2024-09-27T08:09:49+00:00\",\"breadcrumb\":{\"@id\":\"https:\/\/www.kingknhardwear.com\/product\/modern-kitchen-cabinet-door-drawer-brushed-brass-handles-and-knobs-furniture-cabinet-handle-hardware\/#breadcrumb\"},\"inLanguage\":\"fr-FR\",\"potentialAction\":[{\"@type\":\"ReadAction\",\"target\":[\"https:\/\/www.kingknhardwear.com\/product\/modern-kitchen-cabinet-door-drawer-brushed-brass-handles-and-knobs-furniture-cabinet-handle-hardware\/\"]}]},{\"@type\":\"ImageObject\",\"inLanguage\":\"fr-FR\",\"@id\":\"https:\/\/www.kingknhardwear.com\/product\/modern-kitchen-cabinet-door-drawer-brushed-brass-handles-and-knobs-furniture-cabinet-handle-hardware\/#primaryimage\",\"url\":\"https:\/\/www.kingknhardwear.com\/wp-content\/uploads\/2024\/09\/\u4e3b\u56fe_006-2.jpeg\",\"contentUrl\":\"https:\/\/www.kingknhardwear.com\/wp-content\/uploads\/2024\/09\/\u4e3b\u56fe_006-2.jpeg\",\"width\":800,\"height\":800},{\"@type\":\"BreadcrumbList\",\"@id\":\"https:\/\/www.kingknhardwear.com\/product\/modern-kitchen-cabinet-door-drawer-brushed-brass-handles-and-knobs-furniture-cabinet-handle-hardware\/#breadcrumb\",\"itemListElement\":[{\"@type\":\"ListItem\",\"position\":1,\"name\":\"Home\",\"item\":\"https:\/\/www.kingknhardwear.com\/\"},{\"@type\":\"ListItem\",\"position\":2,\"name\":\"product\",\"item\":\"https:\/\/www.kingknhardwear.com\/product\/\"},{\"@type\":\"ListItem\",\"position\":3,\"name\":\"Modern kitchen cabinet door drawer brushed brass handles and knobs furniture cabinet handle hardware\"}]},{\"@type\":\"WebSite\",\"@id\":\"https:\/\/www.kingknhardwear.com\/#website\",\"url\":\"https:\/\/www.kingknhardwear.com\/\",\"name\":\"kingknhardwear\",\"description\":\"A Quality Choice for Home Furniture\",\"publisher\":{\"@id\":\"https:\/\/www.kingknhardwear.com\/#organization\"},\"potentialAction\":[{\"@type\":\"SearchAction\",\"target\":{\"@type\":\"EntryPoint\",\"urlTemplate\":\"https:\/\/www.kingknhardwear.com\/?s={search_term_string}\"},\"query-input\":\"required name=search_term_string\"}],\"inLanguage\":\"fr-FR\"},{\"@type\":[\"Organization\",\"Place\"],\"@id\":\"https:\/\/www.kingknhardwear.com\/#organization\",\"name\":\"kingknhardwear\",\"url\":\"https:\/\/www.kingknhardwear.com\/\",\"logo\":{\"@id\":\"https:\/\/www.kingknhardwear.com\/product\/modern-kitchen-cabinet-door-drawer-brushed-brass-handles-and-knobs-furniture-cabinet-handle-hardware\/#local-main-organization-logo\"},\"image\":{\"@id\":\"https:\/\/www.kingknhardwear.com\/product\/modern-kitchen-cabinet-door-drawer-brushed-brass-handles-and-knobs-furniture-cabinet-handle-hardware\/#local-main-organization-logo\"},\"telephone\":[],\"openingHoursSpecification\":[{\"@type\":\"OpeningHoursSpecification\",\"dayOfWeek\":[\"Monday\",\"Tuesday\",\"Wednesday\",\"Thursday\",\"Friday\",\"Saturday\",\"Sunday\"],\"opens\":\"09:00\",\"closes\":\"17:00\"}]},{\"@type\":\"ImageObject\",\"inLanguage\":\"fr-FR\",\"@id\":\"https:\/\/www.kingknhardwear.com\/product\/modern-kitchen-cabinet-door-drawer-brushed-brass-handles-and-knobs-furniture-cabinet-handle-hardware\/#local-main-organization-logo\",\"url\":\"https:\/\/www.kingknhardwear.com\/wp-content\/uploads\/2024\/05\/logo312.png\",\"contentUrl\":\"https:\/\/www.kingknhardwear.com\/wp-content\/uploads\/2024\/05\/logo312.png\",\"width\":350,\"height\":100,\"caption\":\"kingknhardwear\"}]}<\/script>\n<meta property=\"og:availability\" content=\"out of stock\" \/>\n<meta property=\"product:availability\" content=\"out of stock\" \/>\n<meta property=\"product:retailer_item_id\" content=\"classic-gold-european-style-designer-door-pull-handle-zinc-alloy-lever-door-handle-for-interior-door-1\" \/>\n<meta property=\"product:condition\" content=\"new\" \/>\n<!-- \/ Yoast SEO Premium plugin. -->","yoast_head_json":{"title":"Modern kitchen cabinet door drawer brushed brass handles and knobs furniture cabinet handle hardware - kingknhardwear","robots":{"index":"noindex","follow":"follow","max-snippet":"max-snippet:-1","max-image-preview":"max-image-preview:large","max-video-preview":"max-video-preview:-1"},"og_locale":"fr_FR","og_type":"article","og_title":"Modern kitchen cabinet door drawer brushed brass handles and knobs furniture cabinet handle hardware - kingknhardwear","og_description":"LOCKING PRIVACY: Use on doors requiring privacy, can be locked inside with a turn button and unlocked outside with provided release tool. Recommended for bedrooms and bathroomsEASY INSTALL REVERSIBLE LEVER: Do it yourself, installs in minutes with just a screwdriver. Reversible handle for left- or right-handed doors, detailed directions providedFITS STANDARD DOORS: Fits standard size doors 1-3\/8\" to 1-3\/4\" thick, latch backset adjusts to either 2-3\/8\" or 2-3\/4\" with just a twist during installationCERTIFIED TRUSTED QUALITY: Security, Durability and Finish are Grade 3 BHMA certified, designed for reliable protection, providing peace of mind at homeMICROBAN PROTECTION: door hardware is treated with Microban, this offers powerful product protection that is 99.9% cleaner than an unprotected surfaceBOX INCLUDES: Privacy lever, adjustable latch with round and square front options or drive-in collar, round corner strike, rosette, screws and Allen wrenchWARRANTY PROTECTION: Our products are backed by a lifetime mechanical and finish warranty with great customer service, see warranty for more details","og_url":"https:\/\/www.kingknhardwear.com\/fr\/produit\/modern-kitchen-cabinet-door-drawer-brushed-brass-handles-and-knobs-furniture-cabinet-handle-hardware\/","og_site_name":"kingknhardwear","article_modified_time":"2024-09-27T08:09:49+00:00","og_image":[{"width":1000,"height":1000,"url":"https:\/\/www.kingknhardwear.com\/wp-content\/uploads\/2024\/09\/\u4e3b\u56fe_002-3.jpeg","type":"image\/jpeg"}],"twitter_card":"summary_large_image","twitter_misc":{"Disponibilit\u00e9":"Rupture de stock"},"schema":{"@context":"https:\/\/schema.org","@graph":[{"@type":"WebPage","@id":"https:\/\/www.kingknhardwear.com\/product\/modern-kitchen-cabinet-door-drawer-brushed-brass-handles-and-knobs-furniture-cabinet-handle-hardware\/","url":"https:\/\/www.kingknhardwear.com\/product\/modern-kitchen-cabinet-door-drawer-brushed-brass-handles-and-knobs-furniture-cabinet-handle-hardware\/","name":"Modern kitchen cabinet door drawer brushed brass handles and knobs furniture cabinet handle hardware - kingknhardwear","isPartOf":{"@id":"https:\/\/www.kingknhardwear.com\/#website"},"primaryImageOfPage":{"@id":"https:\/\/www.kingknhardwear.com\/product\/modern-kitchen-cabinet-door-drawer-brushed-brass-handles-and-knobs-furniture-cabinet-handle-hardware\/#primaryimage"},"image":{"@id":"https:\/\/www.kingknhardwear.com\/product\/modern-kitchen-cabinet-door-drawer-brushed-brass-handles-and-knobs-furniture-cabinet-handle-hardware\/#primaryimage"},"thumbnailUrl":"https:\/\/www.kingknhardwear.com\/wp-content\/uploads\/2024\/09\/\u4e3b\u56fe_006-2.jpeg","datePublished":"2024-09-27T08:05:32+00:00","dateModified":"2024-09-27T08:09:49+00:00","breadcrumb":{"@id":"https:\/\/www.kingknhardwear.com\/product\/modern-kitchen-cabinet-door-drawer-brushed-brass-handles-and-knobs-furniture-cabinet-handle-hardware\/#breadcrumb"},"inLanguage":"fr-FR","potentialAction":[{"@type":"ReadAction","target":["https:\/\/www.kingknhardwear.com\/product\/modern-kitchen-cabinet-door-drawer-brushed-brass-handles-and-knobs-furniture-cabinet-handle-hardware\/"]}]},{"@type":"ImageObject","inLanguage":"fr-FR","@id":"https:\/\/www.kingknhardwear.com\/product\/modern-kitchen-cabinet-door-drawer-brushed-brass-handles-and-knobs-furniture-cabinet-handle-hardware\/#primaryimage","url":"https:\/\/www.kingknhardwear.com\/wp-content\/uploads\/2024\/09\/\u4e3b\u56fe_006-2.jpeg","contentUrl":"https:\/\/www.kingknhardwear.com\/wp-content\/uploads\/2024\/09\/\u4e3b\u56fe_006-2.jpeg","width":800,"height":800},{"@type":"BreadcrumbList","@id":"https:\/\/www.kingknhardwear.com\/product\/modern-kitchen-cabinet-door-drawer-brushed-brass-handles-and-knobs-furniture-cabinet-handle-hardware\/#breadcrumb","itemListElement":[{"@type":"ListItem","position":1,"name":"Home","item":"https:\/\/www.kingknhardwear.com\/"},{"@type":"ListItem","position":2,"name":"product","item":"https:\/\/www.kingknhardwear.com\/product\/"},{"@type":"ListItem","position":3,"name":"Modern kitchen cabinet door drawer brushed brass handles and knobs furniture cabinet handle hardware"}]},{"@type":"WebSite","@id":"https:\/\/www.kingknhardwear.com\/#website","url":"https:\/\/www.kingknhardwear.com\/","name":"kingknhardwear","description":"A Quality Choice for Home Furniture","publisher":{"@id":"https:\/\/www.kingknhardwear.com\/#organization"},"potentialAction":[{"@type":"SearchAction","target":{"@type":"EntryPoint","urlTemplate":"https:\/\/www.kingknhardwear.com\/?s={search_term_string}"},"query-input":"required name=search_term_string"}],"inLanguage":"fr-FR"},{"@type":["Organization","Place"],"@id":"https:\/\/www.kingknhardwear.com\/#organization","name":"kingknhardwear","url":"https:\/\/www.kingknhardwear.com\/","logo":{"@id":"https:\/\/www.kingknhardwear.com\/product\/modern-kitchen-cabinet-door-drawer-brushed-brass-handles-and-knobs-furniture-cabinet-handle-hardware\/#local-main-organization-logo"},"image":{"@id":"https:\/\/www.kingknhardwear.com\/product\/modern-kitchen-cabinet-door-drawer-brushed-brass-handles-and-knobs-furniture-cabinet-handle-hardware\/#local-main-organization-logo"},"telephone":[],"openingHoursSpecification":[{"@type":"OpeningHoursSpecification","dayOfWeek":["Monday","Tuesday","Wednesday","Thursday","Friday","Saturday","Sunday"],"opens":"09:00","closes":"17:00"}]},{"@type":"ImageObject","inLanguage":"fr-FR","@id":"https:\/\/www.kingknhardwear.com\/product\/modern-kitchen-cabinet-door-drawer-brushed-brass-handles-and-knobs-furniture-cabinet-handle-hardware\/#local-main-organization-logo","url":"https:\/\/www.kingknhardwear.com\/wp-content\/uploads\/2024\/05\/logo312.png","contentUrl":"https:\/\/www.kingknhardwear.com\/wp-content\/uploads\/2024\/05\/logo312.png","width":350,"height":100,"caption":"kingknhardwear"}]},"og_availability":"out of stock","product_availability":"out of stock","product_retailer_item_id":"classic-gold-european-style-designer-door-pull-handle-zinc-alloy-lever-door-handle-for-interior-door-1","product_condition":"new"},"jetpack_sharing_enabled":true,"_links":{"self":[{"href":"https:\/\/www.kingknhardwear.com\/fr\/wp-json\/wp\/v2\/product\/821"}],"collection":[{"href":"https:\/\/www.kingknhardwear.com\/fr\/wp-json\/wp\/v2\/product"}],"about":[{"href":"https:\/\/www.kingknhardwear.com\/fr\/wp-json\/wp\/v2\/types\/product"}],"replies":[{"embeddable":true,"href":"https:\/\/www.kingknhardwear.com\/fr\/wp-json\/wp\/v2\/comments?post=821"}],"wp:featuredmedia":[{"embeddable":true,"href":"https:\/\/www.kingknhardwear.com\/fr\/wp-json\/wp\/v2\/media\/827"}],"wp:attachment":[{"href":"https:\/\/www.kingknhardwear.com\/fr\/wp-json\/wp\/v2\/media?parent=821"}],"wp:term":[{"taxonomy":"product_cat","embeddable":true,"href":"https:\/\/www.kingknhardwear.com\/fr\/wp-json\/wp\/v2\/product_cat?post=821"},{"taxonomy":"product_tag","embeddable":true,"href":"https:\/\/www.kingknhardwear.com\/fr\/wp-json\/wp\/v2\/product_tag?post=821"}],"curies":[{"name":"wp","href":"https:\/\/api.w.org\/{rel}","templated":true}]}}